{"id":697,"date":"2025-10-20T11:35:38","date_gmt":"2025-10-20T11:35:38","guid":{"rendered":"https:\/\/maerchen-sozialtraining.de\/?page_id=697"},"modified":"2026-04-17T19:27:31","modified_gmt":"2026-04-17T19:27:31","slug":"in-grundschulen","status":"publish","type":"page","link":"https:\/\/maerchen-sozialtraining.de\/?page_id=697","title":{"rendered":"In Grundschulen"},"content":{"rendered":"\n<p><\/p>\n\n\n\n<h1 class=\"wp-block-heading\">&#x2728;Mit M\u00e4rchen Klassen transformieren&#x2728;<\/h1>\n\n\n\n<h2 class=\"wp-block-heading\">                         &#x1fabd; Wo Wort Wunder Weben &#x1fabd;<\/h2>\n\n\n\n<h2 class=\"wp-block-heading\">\u00dcberblick meiner m\u00e4rchenhaften Projekte<\/h2>\n\n\n\n<p>1. Klasse<\/p>\n\n\n\n<p>&#x1f9da;<strong>M\u00e4rchen &amp; Spiel<\/strong><\/p>\n\n\n\n<p>Kinder entdecken M\u00e4rchen spielerisch durch Bewegung, Fantasie und Rollenspiel. Gemeinsam betreten sie eine Welt voller Wunder und mutiger Helden.<\/p>\n\n\n\n<p>2. Klasse<\/p>\n\n\n\n<p>&#x1f332;<strong>M\u00e4rchen im Wald<\/strong><\/p>\n\n\n\n<p>3. Klasse<\/p>\n\n\n\n<p>&#x1f451;<strong>\u201eDer Prinz\u201c<\/strong><\/p>\n\n\n\n<p>&#x1f3ad;<strong>M\u00e4rchenb\u00fchne<\/strong><\/p>\n\n\n\n<p>&#x2728;<strong>Luisa auf der Suche \u2013 was die Menschen verbindet<\/strong><\/p>\n\n\n\n<p>Die Kinder erleben M\u00e4rchen als Geschichten \u00fcber Mut, Freundschaft und das, was Menschen miteinander verbindet.<\/p>\n\n\n\n<p>4. Klasse<\/p>\n\n\n\n<p>&#x1f3a8;<strong>M\u00e4rchen &amp; Kunst + Betrachtung<\/strong><\/p>\n\n\n\n<p>M\u00e4rchen werden mit Kunst verbunden: Die Kinder gestalten Bilder, Symbole und Szenen und betrachten gemeinsam die tieferen Bedeutungen der Geschichten. &#x1f319; Ein m\u00e4rchenhaftes Bildungsprojekt<\/p>\n\n\n\n<p><\/p>\n","protected":false},"excerpt":{"rendered":"<p>&#x2728;Mit M\u00e4rchen Klassen transformieren&#x2728; &#x1fabd; Wo Wort Wunder Weben &#x1fabd; \u00dcberblick meiner m\u00e4rchenhaften Projekte 1. Klasse &#x1f9da;M\u00e4rchen &amp; Spiel Kinder entdecken M\u00e4rchen spielerisch durch Bewegung, Fantasie und Rollenspiel. Gemeinsam betreten sie eine Welt voller Wunder und mutiger Helden. 2. Klasse &#x1f332;M\u00e4rchen im Wald 3. Klasse &#x1f451;\u201eDer Prinz\u201c &#x1f3ad;M\u00e4rchenb\u00fchne &#x2728;Luisa auf der Suche \u2013 was die [&hellip;]<\/p>\n","protected":false},"author":1,"featured_media":0,"parent":0,"menu_order":0,"comment_status":"closed","ping_status":"closed","template":"","meta":{"footnotes":""},"class_list":["post-697","page","type-page","status-publish","hentry","without-featured-image"],"yoast_head":"<!-- This site is optimized with the Yoast SEO plugin v27.4 - https:\/\/yoast.com\/product\/yoast-seo-wordpress\/ -->\n<title>In Grundschulen - M\u00e4rchen &amp; Sozialtraining<\/title>\n<meta name=\"robots\" content=\"index, follow, max-snippet:-1, max-image-preview:large, max-video-preview:-1\" \/>\n<link rel=\"canonical\" href=\"https:\/\/maerchen-sozialtraining.de\/?page_id=697\" \/>\n<meta property=\"og:locale\" content=\"de_DE\" \/>\n<meta property=\"og:type\" content=\"article\" \/>\n<meta property=\"og:title\" content=\"In Grundschulen - M\u00e4rchen &amp; Sozialtraining\" \/>\n<meta property=\"og:description\" content=\"&#x2728;Mit M\u00e4rchen Klassen transformieren&#x2728; &#x1fabd; Wo Wort Wunder Weben &#x1fabd; \u00dcberblick meiner m\u00e4rchenhaften Projekte 1. Klasse &#x1f9da;M\u00e4rchen &amp; Spiel Kinder entdecken M\u00e4rchen spielerisch durch Bewegung, Fantasie und Rollenspiel. Gemeinsam betreten sie eine Welt voller Wunder und mutiger Helden. 2. Klasse &#x1f332;M\u00e4rchen im Wald 3. Klasse &#x1f451;\u201eDer Prinz\u201c &#x1f3ad;M\u00e4rchenb\u00fchne &#x2728;Luisa auf der Suche \u2013 was die [&hellip;]\" \/>\n<meta property=\"og:url\" content=\"https:\/\/maerchen-sozialtraining.de\/?page_id=697\" \/>\n<meta property=\"og:site_name\" content=\"M\u00e4rchen &amp; Sozialtraining\" \/>\n<meta property=\"article:modified_time\" content=\"2026-04-17T19:27:31+00:00\" \/>\n<meta name=\"twitter:card\" content=\"summary_large_image\" \/>\n<meta name=\"twitter:label1\" content=\"Gesch\u00e4tzte Lesezeit\" \/>\n\t<meta name=\"twitter:data1\" content=\"1\u00a0Minute\" \/>\n<script type=\"application\/ld+json\" class=\"yoast-schema-graph\">{\"@context\":\"https:\\\/\\\/schema.org\",\"@graph\":[{\"@type\":\"WebPage\",\"@id\":\"https:\\\/\\\/maerchen-sozialtraining.de\\\/?page_id=697\",\"url\":\"https:\\\/\\\/maerchen-sozialtraining.de\\\/?page_id=697\",\"name\":\"In Grundschulen - M\u00e4rchen &amp; Sozialtraining\",\"isPartOf\":{\"@id\":\"http:\\\/\\\/maerchen-sozialtraining.de\\\/#website\"},\"datePublished\":\"2025-10-20T11:35:38+00:00\",\"dateModified\":\"2026-04-17T19:27:31+00:00\",\"breadcrumb\":{\"@id\":\"https:\\\/\\\/maerchen-sozialtraining.de\\\/?page_id=697#breadcrumb\"},\"inLanguage\":\"de\",\"potentialAction\":[{\"@type\":\"ReadAction\",\"target\":[\"https:\\\/\\\/maerchen-sozialtraining.de\\\/?page_id=697\"]}]},{\"@type\":\"BreadcrumbList\",\"@id\":\"https:\\\/\\\/maerchen-sozialtraining.de\\\/?page_id=697#breadcrumb\",\"itemListElement\":[{\"@type\":\"ListItem\",\"position\":1,\"name\":\"Startseite\",\"item\":\"http:\\\/\\\/maerchen-sozialtraining.de\\\/\"},{\"@type\":\"ListItem\",\"position\":2,\"name\":\"In Grundschulen\"}]},{\"@type\":\"WebSite\",\"@id\":\"http:\\\/\\\/maerchen-sozialtraining.de\\\/#website\",\"url\":\"http:\\\/\\\/maerchen-sozialtraining.de\\\/\",\"name\":\"M\u00e4rchen &amp; Sozialtraining\",\"description\":\"M\u00e4rchen und Sozialtraing mit Heike Cordes\",\"publisher\":{\"@id\":\"http:\\\/\\\/maerchen-sozialtraining.de\\\/#\\\/schema\\\/person\\\/d6db61b2247e77be1317c8e08531254e\"},\"potentialAction\":[{\"@type\":\"SearchAction\",\"target\":{\"@type\":\"EntryPoint\",\"urlTemplate\":\"http:\\\/\\\/maerchen-sozialtraining.de\\\/?s={search_term_string}\"},\"query-input\":{\"@type\":\"PropertyValueSpecification\",\"valueRequired\":true,\"valueName\":\"search_term_string\"}}],\"inLanguage\":\"de\"},{\"@type\":[\"Person\",\"Organization\"],\"@id\":\"http:\\\/\\\/maerchen-sozialtraining.de\\\/#\\\/schema\\\/person\\\/d6db61b2247e77be1317c8e08531254e\",\"name\":\"Heike Cordes\",\"image\":{\"@type\":\"ImageObject\",\"inLanguage\":\"de\",\"@id\":\"http:\\\/\\\/demo.jasmin-bleeke.de\\\/wp-content\\\/uploads\\\/2018\\\/10\\\/M\u00e4rchenabend-14-1024x683.jpg\",\"url\":\"http:\\\/\\\/demo.jasmin-bleeke.de\\\/wp-content\\\/uploads\\\/2018\\\/10\\\/M\u00e4rchenabend-14-1024x683.jpg\",\"contentUrl\":\"http:\\\/\\\/demo.jasmin-bleeke.de\\\/wp-content\\\/uploads\\\/2018\\\/10\\\/M\u00e4rchenabend-14-1024x683.jpg\",\"width\":1024,\"height\":683,\"caption\":\"Heike Cordes\"},\"logo\":{\"@id\":\"http:\\\/\\\/demo.jasmin-bleeke.de\\\/wp-content\\\/uploads\\\/2018\\\/10\\\/M\u00e4rchenabend-14-1024x683.jpg\"},\"sameAs\":[\"http:\\\/\\\/www.maerchen-sozialtraining.de\",\"https:\\\/\\\/www.youtube.com\\\/channel\\\/UCgmmtQjGSU9yha2PtQkxw5A\"]}]}<\/script>\n<!-- \/ Yoast SEO plugin. -->","yoast_head_json":{"title":"In Grundschulen - M\u00e4rchen &amp; Sozialtraining","robots":{"index":"index","follow":"follow","max-snippet":"max-snippet:-1","max-image-preview":"max-image-preview:large","max-video-preview":"max-video-preview:-1"},"canonical":"https:\/\/maerchen-sozialtraining.de\/?page_id=697","og_locale":"de_DE","og_type":"article","og_title":"In Grundschulen - M\u00e4rchen &amp; Sozialtraining","og_description":"&#x2728;Mit M\u00e4rchen Klassen transformieren&#x2728; &#x1fabd; Wo Wort Wunder Weben &#x1fabd; \u00dcberblick meiner m\u00e4rchenhaften Projekte 1. Klasse &#x1f9da;M\u00e4rchen &amp; Spiel Kinder entdecken M\u00e4rchen spielerisch durch Bewegung, Fantasie und Rollenspiel. Gemeinsam betreten sie eine Welt voller Wunder und mutiger Helden. 2. Klasse &#x1f332;M\u00e4rchen im Wald 3. Klasse &#x1f451;\u201eDer Prinz\u201c &#x1f3ad;M\u00e4rchenb\u00fchne &#x2728;Luisa auf der Suche \u2013 was die [&hellip;]","og_url":"https:\/\/maerchen-sozialtraining.de\/?page_id=697","og_site_name":"M\u00e4rchen &amp; Sozialtraining","article_modified_time":"2026-04-17T19:27:31+00:00","twitter_card":"summary_large_image","twitter_misc":{"Gesch\u00e4tzte Lesezeit":"1\u00a0Minute"},"schema":{"@context":"https:\/\/schema.org","@graph":[{"@type":"WebPage","@id":"https:\/\/maerchen-sozialtraining.de\/?page_id=697","url":"https:\/\/maerchen-sozialtraining.de\/?page_id=697","name":"In Grundschulen - M\u00e4rchen &amp; Sozialtraining","isPartOf":{"@id":"http:\/\/maerchen-sozialtraining.de\/#website"},"datePublished":"2025-10-20T11:35:38+00:00","dateModified":"2026-04-17T19:27:31+00:00","breadcrumb":{"@id":"https:\/\/maerchen-sozialtraining.de\/?page_id=697#breadcrumb"},"inLanguage":"de","potentialAction":[{"@type":"ReadAction","target":["https:\/\/maerchen-sozialtraining.de\/?page_id=697"]}]},{"@type":"BreadcrumbList","@id":"https:\/\/maerchen-sozialtraining.de\/?page_id=697#breadcrumb","itemListElement":[{"@type":"ListItem","position":1,"name":"Startseite","item":"http:\/\/maerchen-sozialtraining.de\/"},{"@type":"ListItem","position":2,"name":"In Grundschulen"}]},{"@type":"WebSite","@id":"http:\/\/maerchen-sozialtraining.de\/#website","url":"http:\/\/maerchen-sozialtraining.de\/","name":"M\u00e4rchen &amp; Sozialtraining","description":"M\u00e4rchen und Sozialtraing mit Heike Cordes","publisher":{"@id":"http:\/\/maerchen-sozialtraining.de\/#\/schema\/person\/d6db61b2247e77be1317c8e08531254e"},"potentialAction":[{"@type":"SearchAction","target":{"@type":"EntryPoint","urlTemplate":"http:\/\/maerchen-sozialtraining.de\/?s={search_term_string}"},"query-input":{"@type":"PropertyValueSpecification","valueRequired":true,"valueName":"search_term_string"}}],"inLanguage":"de"},{"@type":["Person","Organization"],"@id":"http:\/\/maerchen-sozialtraining.de\/#\/schema\/person\/d6db61b2247e77be1317c8e08531254e","name":"Heike Cordes","image":{"@type":"ImageObject","inLanguage":"de","@id":"http:\/\/demo.jasmin-bleeke.de\/wp-content\/uploads\/2018\/10\/M\u00e4rchenabend-14-1024x683.jpg","url":"http:\/\/demo.jasmin-bleeke.de\/wp-content\/uploads\/2018\/10\/M\u00e4rchenabend-14-1024x683.jpg","contentUrl":"http:\/\/demo.jasmin-bleeke.de\/wp-content\/uploads\/2018\/10\/M\u00e4rchenabend-14-1024x683.jpg","width":1024,"height":683,"caption":"Heike Cordes"},"logo":{"@id":"http:\/\/demo.jasmin-bleeke.de\/wp-content\/uploads\/2018\/10\/M\u00e4rchenabend-14-1024x683.jpg"},"sameAs":["http:\/\/www.maerchen-sozialtraining.de","https:\/\/www.youtube.com\/channel\/UCgmmtQjGSU9yha2PtQkxw5A"]}]}},"_links":{"self":[{"href":"https:\/\/maerchen-sozialtraining.de\/index.php?rest_route=\/wp\/v2\/pages\/697","targetHints":{"allow":["GET"]}}],"collection":[{"href":"https:\/\/maerchen-sozialtraining.de\/index.php?rest_route=\/wp\/v2\/pages"}],"about":[{"href":"https:\/\/maerchen-sozialtraining.de\/index.php?rest_route=\/wp\/v2\/types\/page"}],"author":[{"embeddable":true,"href":"https:\/\/maerchen-sozialtraining.de\/index.php?rest_route=\/wp\/v2\/users\/1"}],"replies":[{"embeddable":true,"href":"https:\/\/maerchen-sozialtraining.de\/index.php?rest_route=%2Fwp%2Fv2%2Fcomments&post=697"}],"version-history":[{"count":2,"href":"https:\/\/maerchen-sozialtraining.de\/index.php?rest_route=\/wp\/v2\/pages\/697\/revisions"}],"predecessor-version":[{"id":731,"href":"https:\/\/maerchen-sozialtraining.de\/index.php?rest_route=\/wp\/v2\/pages\/697\/revisions\/731"}],"wp:attachment":[{"href":"https:\/\/maerchen-sozialtraining.de\/index.php?rest_route=%2Fwp%2Fv2%2Fmedia&parent=697"}],"curies":[{"name":"wp","href":"https:\/\/api.w.org\/{rel}","templated":true}]}}