{"id":589,"date":"2021-12-02T20:26:28","date_gmt":"2021-12-02T20:26:28","guid":{"rendered":"http:\/\/demo.jasmin-bleeke.de\/?page_id=589"},"modified":"2021-12-02T20:53:08","modified_gmt":"2021-12-02T20:53:08","slug":"weihnachtsmandala","status":"publish","type":"page","link":"https:\/\/maerchen-sozialtraining.de\/?page_id=589","title":{"rendered":"Weihnachtsmandala"},"content":{"rendered":"\n<h1 class=\"wp-block-heading\">Weihnachtsmandala<\/h1>\n\n\n\n<p>Beim Weihnachtsmandala legen die Kinder mit sch\u00f6nen weihnachtlichen Gegenst\u00e4nden gemeinsam ein Bild. Beim Entstehen genie\u00dfen wir Weihnachsmusik und -duft. Alle lieben diesen besinnlichen Gemeinschaftsprozess und das Entstehen des Bildes.<\/p>\n\n\n\n<p>Ein Weihnachtsmandala dauert eine Schulstunde und kann mit einer Klassenst\u00e4rke durchgef\u00fchrt werden. Das gemeinsame Erleben der Athmosph\u00e4re und das Gestalten des Mandalas wirkt sich verbindend und st\u00e4rkend auf die Klassengemeinschaft aus.<\/p>\n\n\n\n<figure class=\"wp-block-gallery columns-3 is-cropped wp-block-gallery-1 is-layout-flex wp-block-gallery-is-layout-flex\"><ul class=\"blocks-gallery-grid\"><li class=\"blocks-gallery-item\"><figure><img loading=\"lazy\" decoding=\"async\" width=\"1024\" height=\"683\" src=\"http:\/\/demo.jasmin-bleeke.de\/wp-content\/uploads\/2020\/01\/IMG_9361-1024x683.jpg\" alt=\"\" data-id=\"560\" data-full-url=\"http:\/\/demo.jasmin-bleeke.de\/wp-content\/uploads\/2020\/01\/IMG_9361.jpg\" data-link=\"http:\/\/demo.jasmin-bleeke.de\/?attachment_id=560\" class=\"wp-image-560\" srcset=\"https:\/\/maerchen-sozialtraining.de\/wp-content\/uploads\/2020\/01\/IMG_9361-1024x683.jpg 1024w, https:\/\/maerchen-sozialtraining.de\/wp-content\/uploads\/2020\/01\/IMG_9361-300x200.jpg 300w, https:\/\/maerchen-sozialtraining.de\/wp-content\/uploads\/2020\/01\/IMG_9361-768x512.jpg 768w, https:\/\/maerchen-sozialtraining.de\/wp-content\/uploads\/2020\/01\/IMG_9361-570x380.jpg 570w\" sizes=\"auto, (max-width: 1024px) 100vw, 1024px\" \/><\/figure><\/li><li class=\"blocks-gallery-item\"><figure><img loading=\"lazy\" decoding=\"async\" width=\"1024\" height=\"683\" src=\"http:\/\/demo.jasmin-bleeke.de\/wp-content\/uploads\/2020\/01\/IMG_9362-1024x683.jpg\" alt=\"\" data-id=\"559\" data-full-url=\"http:\/\/demo.jasmin-bleeke.de\/wp-content\/uploads\/2020\/01\/IMG_9362.jpg\" data-link=\"http:\/\/demo.jasmin-bleeke.de\/?attachment_id=559\" class=\"wp-image-559\" srcset=\"https:\/\/maerchen-sozialtraining.de\/wp-content\/uploads\/2020\/01\/IMG_9362-1024x683.jpg 1024w, https:\/\/maerchen-sozialtraining.de\/wp-content\/uploads\/2020\/01\/IMG_9362-300x200.jpg 300w, https:\/\/maerchen-sozialtraining.de\/wp-content\/uploads\/2020\/01\/IMG_9362-768x512.jpg 768w, https:\/\/maerchen-sozialtraining.de\/wp-content\/uploads\/2020\/01\/IMG_9362-570x380.jpg 570w\" sizes=\"auto, (max-width: 1024px) 100vw, 1024px\" \/><\/figure><\/li><li class=\"blocks-gallery-item\"><figure><img loading=\"lazy\" decoding=\"async\" width=\"1024\" height=\"683\" src=\"http:\/\/demo.jasmin-bleeke.de\/wp-content\/uploads\/2020\/01\/IMG_9363-1024x683.jpg\" alt=\"\" data-id=\"558\" data-full-url=\"http:\/\/demo.jasmin-bleeke.de\/wp-content\/uploads\/2020\/01\/IMG_9363.jpg\" data-link=\"http:\/\/demo.jasmin-bleeke.de\/?attachment_id=558\" class=\"wp-image-558\" srcset=\"https:\/\/maerchen-sozialtraining.de\/wp-content\/uploads\/2020\/01\/IMG_9363-1024x683.jpg 1024w, https:\/\/maerchen-sozialtraining.de\/wp-content\/uploads\/2020\/01\/IMG_9363-300x200.jpg 300w, https:\/\/maerchen-sozialtraining.de\/wp-content\/uploads\/2020\/01\/IMG_9363-768x512.jpg 768w, https:\/\/maerchen-sozialtraining.de\/wp-content\/uploads\/2020\/01\/IMG_9363-570x380.jpg 570w\" sizes=\"auto, (max-width: 1024px) 100vw, 1024px\" \/><\/figure><\/li><li class=\"blocks-gallery-item\"><figure><img loading=\"lazy\" decoding=\"async\" width=\"1024\" height=\"683\" src=\"http:\/\/demo.jasmin-bleeke.de\/wp-content\/uploads\/2020\/01\/IMG_9368-1024x683.jpg\" alt=\"\" data-id=\"557\" data-full-url=\"http:\/\/demo.jasmin-bleeke.de\/wp-content\/uploads\/2020\/01\/IMG_9368.jpg\" data-link=\"http:\/\/demo.jasmin-bleeke.de\/?attachment_id=557\" class=\"wp-image-557\" srcset=\"https:\/\/maerchen-sozialtraining.de\/wp-content\/uploads\/2020\/01\/IMG_9368-1024x683.jpg 1024w, https:\/\/maerchen-sozialtraining.de\/wp-content\/uploads\/2020\/01\/IMG_9368-300x200.jpg 300w, https:\/\/maerchen-sozialtraining.de\/wp-content\/uploads\/2020\/01\/IMG_9368-768x512.jpg 768w, https:\/\/maerchen-sozialtraining.de\/wp-content\/uploads\/2020\/01\/IMG_9368-570x380.jpg 570w\" sizes=\"auto, (max-width: 1024px) 100vw, 1024px\" \/><\/figure><\/li><li class=\"blocks-gallery-item\"><figure><img loading=\"lazy\" decoding=\"async\" width=\"1024\" height=\"683\" src=\"http:\/\/demo.jasmin-bleeke.de\/wp-content\/uploads\/2020\/01\/IMG_9369-1024x683.jpg\" alt=\"\" data-id=\"556\" data-full-url=\"http:\/\/demo.jasmin-bleeke.de\/wp-content\/uploads\/2020\/01\/IMG_9369.jpg\" data-link=\"http:\/\/demo.jasmin-bleeke.de\/?attachment_id=556\" class=\"wp-image-556\" srcset=\"https:\/\/maerchen-sozialtraining.de\/wp-content\/uploads\/2020\/01\/IMG_9369-1024x683.jpg 1024w, https:\/\/maerchen-sozialtraining.de\/wp-content\/uploads\/2020\/01\/IMG_9369-300x200.jpg 300w, https:\/\/maerchen-sozialtraining.de\/wp-content\/uploads\/2020\/01\/IMG_9369-768x512.jpg 768w, https:\/\/maerchen-sozialtraining.de\/wp-content\/uploads\/2020\/01\/IMG_9369-570x380.jpg 570w\" sizes=\"auto, (max-width: 1024px) 100vw, 1024px\" \/><\/figure><\/li><\/ul><\/figure>\n","protected":false},"excerpt":{"rendered":"<p>Weihnachtsmandala Beim Weihnachtsmandala legen die Kinder mit sch\u00f6nen weihnachtlichen Gegenst\u00e4nden gemeinsam ein Bild. Beim Entstehen genie\u00dfen wir Weihnachsmusik und -duft. Alle lieben diesen besinnlichen Gemeinschaftsprozess und das Entstehen des Bildes. Ein Weihnachtsmandala dauert eine Schulstunde und kann mit einer Klassenst\u00e4rke durchgef\u00fchrt werden. Das gemeinsame Erleben der Athmosph\u00e4re und das Gestalten des Mandalas wirkt sich verbindend [&hellip;]<\/p>\n","protected":false},"author":1,"featured_media":555,"parent":0,"menu_order":0,"comment_status":"closed","ping_status":"closed","template":"page-templates\/full-width-page.php","meta":{"footnotes":""},"class_list":["post-589","page","type-page","status-publish","has-post-thumbnail","hentry","with-featured-image"],"yoast_head":"<!-- This site is optimized with the Yoast SEO plugin v26.1.1 - https:\/\/yoast.com\/wordpress\/plugins\/seo\/ -->\n<title>Weihnachtsmandala - M\u00e4rchen &amp; Sozialtraining<\/title>\n<meta name=\"robots\" content=\"index, follow, max-snippet:-1, max-image-preview:large, max-video-preview:-1\" \/>\n<link rel=\"canonical\" href=\"https:\/\/maerchen-sozialtraining.de\/?page_id=589\" \/>\n<meta property=\"og:locale\" content=\"de_DE\" \/>\n<meta property=\"og:type\" content=\"article\" \/>\n<meta property=\"og:title\" content=\"Weihnachtsmandala - M\u00e4rchen &amp; Sozialtraining\" \/>\n<meta property=\"og:description\" content=\"Weihnachtsmandala Beim Weihnachtsmandala legen die Kinder mit sch\u00f6nen weihnachtlichen Gegenst\u00e4nden gemeinsam ein Bild. Beim Entstehen genie\u00dfen wir Weihnachsmusik und -duft. Alle lieben diesen besinnlichen Gemeinschaftsprozess und das Entstehen des Bildes. Ein Weihnachtsmandala dauert eine Schulstunde und kann mit einer Klassenst\u00e4rke durchgef\u00fchrt werden. Das gemeinsame Erleben der Athmosph\u00e4re und das Gestalten des Mandalas wirkt sich verbindend [&hellip;]\" \/>\n<meta property=\"og:url\" content=\"https:\/\/maerchen-sozialtraining.de\/?page_id=589\" \/>\n<meta property=\"og:site_name\" content=\"M\u00e4rchen &amp; Sozialtraining\" \/>\n<meta property=\"article:modified_time\" content=\"2021-12-02T20:53:08+00:00\" \/>\n<meta property=\"og:image\" content=\"https:\/\/maerchen-sozialtraining.de\/wp-content\/uploads\/2020\/01\/IMG_9370.jpg\" \/>\n\t<meta property=\"og:image:width\" content=\"2352\" \/>\n\t<meta property=\"og:image:height\" content=\"1568\" \/>\n\t<meta property=\"og:image:type\" content=\"image\/jpeg\" \/>\n<meta name=\"twitter:card\" content=\"summary_large_image\" \/>\n<meta name=\"twitter:label1\" content=\"Gesch\u00e4tzte Lesezeit\" \/>\n\t<meta name=\"twitter:data1\" content=\"2\u00a0Minuten\" \/>\n<script type=\"application\/ld+json\" class=\"yoast-schema-graph\">{\"@context\":\"https:\/\/schema.org\",\"@graph\":[{\"@type\":\"WebPage\",\"@id\":\"https:\/\/maerchen-sozialtraining.de\/?page_id=589\",\"url\":\"https:\/\/maerchen-sozialtraining.de\/?page_id=589\",\"name\":\"Weihnachtsmandala - M\u00e4rchen &amp; Sozialtraining\",\"isPartOf\":{\"@id\":\"http:\/\/maerchen-sozialtraining.de\/#website\"},\"primaryImageOfPage\":{\"@id\":\"https:\/\/maerchen-sozialtraining.de\/?page_id=589#primaryimage\"},\"image\":{\"@id\":\"https:\/\/maerchen-sozialtraining.de\/?page_id=589#primaryimage\"},\"thumbnailUrl\":\"https:\/\/maerchen-sozialtraining.de\/wp-content\/uploads\/2020\/01\/IMG_9370.jpg\",\"datePublished\":\"2021-12-02T20:26:28+00:00\",\"dateModified\":\"2021-12-02T20:53:08+00:00\",\"breadcrumb\":{\"@id\":\"https:\/\/maerchen-sozialtraining.de\/?page_id=589#breadcrumb\"},\"inLanguage\":\"de\",\"potentialAction\":[{\"@type\":\"ReadAction\",\"target\":[\"https:\/\/maerchen-sozialtraining.de\/?page_id=589\"]}]},{\"@type\":\"ImageObject\",\"inLanguage\":\"de\",\"@id\":\"https:\/\/maerchen-sozialtraining.de\/?page_id=589#primaryimage\",\"url\":\"https:\/\/maerchen-sozialtraining.de\/wp-content\/uploads\/2020\/01\/IMG_9370.jpg\",\"contentUrl\":\"https:\/\/maerchen-sozialtraining.de\/wp-content\/uploads\/2020\/01\/IMG_9370.jpg\",\"width\":2352,\"height\":1568},{\"@type\":\"BreadcrumbList\",\"@id\":\"https:\/\/maerchen-sozialtraining.de\/?page_id=589#breadcrumb\",\"itemListElement\":[{\"@type\":\"ListItem\",\"position\":1,\"name\":\"Startseite\",\"item\":\"http:\/\/maerchen-sozialtraining.de\/\"},{\"@type\":\"ListItem\",\"position\":2,\"name\":\"Weihnachtsmandala\"}]},{\"@type\":\"WebSite\",\"@id\":\"http:\/\/maerchen-sozialtraining.de\/#website\",\"url\":\"http:\/\/maerchen-sozialtraining.de\/\",\"name\":\"M\u00e4rchen &amp; Sozialtraining\",\"description\":\"M\u00e4rchen und Sozialtraing mit Heike Cordes\",\"publisher\":{\"@id\":\"http:\/\/maerchen-sozialtraining.de\/#\/schema\/person\/d6db61b2247e77be1317c8e08531254e\"},\"potentialAction\":[{\"@type\":\"SearchAction\",\"target\":{\"@type\":\"EntryPoint\",\"urlTemplate\":\"http:\/\/maerchen-sozialtraining.de\/?s={search_term_string}\"},\"query-input\":{\"@type\":\"PropertyValueSpecification\",\"valueRequired\":true,\"valueName\":\"search_term_string\"}}],\"inLanguage\":\"de\"},{\"@type\":[\"Person\",\"Organization\"],\"@id\":\"http:\/\/maerchen-sozialtraining.de\/#\/schema\/person\/d6db61b2247e77be1317c8e08531254e\",\"name\":\"Heike Cordes\",\"image\":{\"@type\":\"ImageObject\",\"inLanguage\":\"de\",\"@id\":\"http:\/\/maerchen-sozialtraining.de\/#\/schema\/person\/image\/\",\"url\":\"http:\/\/demo.jasmin-bleeke.de\/wp-content\/uploads\/2018\/10\/M\u00e4rchenabend-14-1024x683.jpg\",\"contentUrl\":\"http:\/\/demo.jasmin-bleeke.de\/wp-content\/uploads\/2018\/10\/M\u00e4rchenabend-14-1024x683.jpg\",\"width\":1024,\"height\":683,\"caption\":\"Heike Cordes\"},\"logo\":{\"@id\":\"http:\/\/maerchen-sozialtraining.de\/#\/schema\/person\/image\/\"},\"sameAs\":[\"http:\/\/www.maerchen-sozialtraining.de\",\"https:\/\/www.youtube.com\/channel\/UCgmmtQjGSU9yha2PtQkxw5A\"]}]}<\/script>\n<!-- \/ Yoast SEO plugin. -->","yoast_head_json":{"title":"Weihnachtsmandala - M\u00e4rchen &amp; Sozialtraining","robots":{"index":"index","follow":"follow","max-snippet":"max-snippet:-1","max-image-preview":"max-image-preview:large","max-video-preview":"max-video-preview:-1"},"canonical":"https:\/\/maerchen-sozialtraining.de\/?page_id=589","og_locale":"de_DE","og_type":"article","og_title":"Weihnachtsmandala - M\u00e4rchen &amp; Sozialtraining","og_description":"Weihnachtsmandala Beim Weihnachtsmandala legen die Kinder mit sch\u00f6nen weihnachtlichen Gegenst\u00e4nden gemeinsam ein Bild. Beim Entstehen genie\u00dfen wir Weihnachsmusik und -duft. Alle lieben diesen besinnlichen Gemeinschaftsprozess und das Entstehen des Bildes. Ein Weihnachtsmandala dauert eine Schulstunde und kann mit einer Klassenst\u00e4rke durchgef\u00fchrt werden. Das gemeinsame Erleben der Athmosph\u00e4re und das Gestalten des Mandalas wirkt sich verbindend [&hellip;]","og_url":"https:\/\/maerchen-sozialtraining.de\/?page_id=589","og_site_name":"M\u00e4rchen &amp; Sozialtraining","article_modified_time":"2021-12-02T20:53:08+00:00","og_image":[{"width":2352,"height":1568,"url":"https:\/\/maerchen-sozialtraining.de\/wp-content\/uploads\/2020\/01\/IMG_9370.jpg","type":"image\/jpeg"}],"twitter_card":"summary_large_image","twitter_misc":{"Gesch\u00e4tzte Lesezeit":"2\u00a0Minuten"},"schema":{"@context":"https:\/\/schema.org","@graph":[{"@type":"WebPage","@id":"https:\/\/maerchen-sozialtraining.de\/?page_id=589","url":"https:\/\/maerchen-sozialtraining.de\/?page_id=589","name":"Weihnachtsmandala - M\u00e4rchen &amp; Sozialtraining","isPartOf":{"@id":"http:\/\/maerchen-sozialtraining.de\/#website"},"primaryImageOfPage":{"@id":"https:\/\/maerchen-sozialtraining.de\/?page_id=589#primaryimage"},"image":{"@id":"https:\/\/maerchen-sozialtraining.de\/?page_id=589#primaryimage"},"thumbnailUrl":"https:\/\/maerchen-sozialtraining.de\/wp-content\/uploads\/2020\/01\/IMG_9370.jpg","datePublished":"2021-12-02T20:26:28+00:00","dateModified":"2021-12-02T20:53:08+00:00","breadcrumb":{"@id":"https:\/\/maerchen-sozialtraining.de\/?page_id=589#breadcrumb"},"inLanguage":"de","potentialAction":[{"@type":"ReadAction","target":["https:\/\/maerchen-sozialtraining.de\/?page_id=589"]}]},{"@type":"ImageObject","inLanguage":"de","@id":"https:\/\/maerchen-sozialtraining.de\/?page_id=589#primaryimage","url":"https:\/\/maerchen-sozialtraining.de\/wp-content\/uploads\/2020\/01\/IMG_9370.jpg","contentUrl":"https:\/\/maerchen-sozialtraining.de\/wp-content\/uploads\/2020\/01\/IMG_9370.jpg","width":2352,"height":1568},{"@type":"BreadcrumbList","@id":"https:\/\/maerchen-sozialtraining.de\/?page_id=589#breadcrumb","itemListElement":[{"@type":"ListItem","position":1,"name":"Startseite","item":"http:\/\/maerchen-sozialtraining.de\/"},{"@type":"ListItem","position":2,"name":"Weihnachtsmandala"}]},{"@type":"WebSite","@id":"http:\/\/maerchen-sozialtraining.de\/#website","url":"http:\/\/maerchen-sozialtraining.de\/","name":"M\u00e4rchen &amp; Sozialtraining","description":"M\u00e4rchen und Sozialtraing mit Heike Cordes","publisher":{"@id":"http:\/\/maerchen-sozialtraining.de\/#\/schema\/person\/d6db61b2247e77be1317c8e08531254e"},"potentialAction":[{"@type":"SearchAction","target":{"@type":"EntryPoint","urlTemplate":"http:\/\/maerchen-sozialtraining.de\/?s={search_term_string}"},"query-input":{"@type":"PropertyValueSpecification","valueRequired":true,"valueName":"search_term_string"}}],"inLanguage":"de"},{"@type":["Person","Organization"],"@id":"http:\/\/maerchen-sozialtraining.de\/#\/schema\/person\/d6db61b2247e77be1317c8e08531254e","name":"Heike Cordes","image":{"@type":"ImageObject","inLanguage":"de","@id":"http:\/\/maerchen-sozialtraining.de\/#\/schema\/person\/image\/","url":"http:\/\/demo.jasmin-bleeke.de\/wp-content\/uploads\/2018\/10\/M\u00e4rchenabend-14-1024x683.jpg","contentUrl":"http:\/\/demo.jasmin-bleeke.de\/wp-content\/uploads\/2018\/10\/M\u00e4rchenabend-14-1024x683.jpg","width":1024,"height":683,"caption":"Heike Cordes"},"logo":{"@id":"http:\/\/maerchen-sozialtraining.de\/#\/schema\/person\/image\/"},"sameAs":["http:\/\/www.maerchen-sozialtraining.de","https:\/\/www.youtube.com\/channel\/UCgmmtQjGSU9yha2PtQkxw5A"]}]}},"_links":{"self":[{"href":"https:\/\/maerchen-sozialtraining.de\/index.php?rest_route=\/wp\/v2\/pages\/589","targetHints":{"allow":["GET"]}}],"collection":[{"href":"https:\/\/maerchen-sozialtraining.de\/index.php?rest_route=\/wp\/v2\/pages"}],"about":[{"href":"https:\/\/maerchen-sozialtraining.de\/index.php?rest_route=\/wp\/v2\/types\/page"}],"author":[{"embeddable":true,"href":"https:\/\/maerchen-sozialtraining.de\/index.php?rest_route=\/wp\/v2\/users\/1"}],"replies":[{"embeddable":true,"href":"https:\/\/maerchen-sozialtraining.de\/index.php?rest_route=%2Fwp%2Fv2%2Fcomments&post=589"}],"version-history":[{"count":7,"href":"https:\/\/maerchen-sozialtraining.de\/index.php?rest_route=\/wp\/v2\/pages\/589\/revisions"}],"predecessor-version":[{"id":603,"href":"https:\/\/maerchen-sozialtraining.de\/index.php?rest_route=\/wp\/v2\/pages\/589\/revisions\/603"}],"wp:featuredmedia":[{"embeddable":true,"href":"https:\/\/maerchen-sozialtraining.de\/index.php?rest_route=\/wp\/v2\/media\/555"}],"wp:attachment":[{"href":"https:\/\/maerchen-sozialtraining.de\/index.php?rest_route=%2Fwp%2Fv2%2Fmedia&parent=589"}],"curies":[{"name":"wp","href":"https:\/\/api.w.org\/{rel}","templated":true}]}}