{"id":580,"date":"2021-12-02T20:11:01","date_gmt":"2021-12-02T20:11:01","guid":{"rendered":"http:\/\/demo.jasmin-bleeke.de\/?page_id=580"},"modified":"2025-10-20T11:45:55","modified_gmt":"2025-10-20T11:45:55","slug":"maerchenvideos","status":"publish","type":"page","link":"https:\/\/maerchen-sozialtraining.de\/?page_id=580","title":{"rendered":"M\u00e4rchenvideos"},"content":{"rendered":"\n<p>Magst du M\u00e4rchen? Dann mach es dir gem\u00fctlich und lausche meinem M\u00e4rchen vom Froschk\u00f6nig und im Anschluss den dem M\u00e4rchen von Dornr\u00f6schen.<\/p>\n\n\n\n<p><\/p>\n\n\n\n<p><\/p>\n\n\n\n<h2 class=\"wp-block-heading\">Der Froschk\u00f6nig und die goldene Kugel<\/h2>\n\n\n\n<figure class=\"wp-block-embed is-type-video is-provider-youtube wp-block-embed-youtube wp-embed-aspect-16-9 wp-has-aspect-ratio\"><div class=\"wp-block-embed__wrapper\">\n<iframe loading=\"lazy\" title=\"Der Froschk\u00f6nig und Die goldene Kugel\" width=\"620\" height=\"349\" src=\"https:\/\/www.youtube.com\/embed\/fUJjzcbFLi8?feature=oembed\" frameborder=\"0\" allow=\"accelerometer; autoplay; clipboard-write; encrypted-media; gyroscope; picture-in-picture; web-share\" referrerpolicy=\"strict-origin-when-cross-origin\" allowfullscreen><\/iframe>\n<\/div><\/figure>\n\n\n\n<h2 class=\"wp-block-heading\">Dornr\u00f6schen<\/h2>\n\n\n\n<figure class=\"wp-block-embed is-type-video is-provider-youtube wp-block-embed-youtube wp-embed-aspect-16-9 wp-has-aspect-ratio\"><div class=\"wp-block-embed__wrapper\">\n<iframe loading=\"lazy\" title=\"Dornr\u00f6schen\" width=\"620\" height=\"349\" src=\"https:\/\/www.youtube.com\/embed\/DzR0gH5eRcY?start=125&#038;feature=oembed\" frameborder=\"0\" allow=\"accelerometer; autoplay; clipboard-write; encrypted-media; gyroscope; picture-in-picture; web-share\" referrerpolicy=\"strict-origin-when-cross-origin\" allowfullscreen><\/iframe>\n<\/div><\/figure>\n\n\n\n<h2 class=\"wp-block-heading\">Rotk\u00e4ppchen<\/h2>\n\n\n\n<figure class=\"wp-block-embed is-type-video is-provider-youtube wp-block-embed-youtube wp-embed-aspect-16-9 wp-has-aspect-ratio\"><div class=\"wp-block-embed__wrapper\">\n<iframe loading=\"lazy\" title=\"Rotk\u00e4ppchen\" width=\"620\" height=\"349\" src=\"https:\/\/www.youtube.com\/embed\/YbWvO2fMlGU?feature=oembed\" frameborder=\"0\" allow=\"accelerometer; autoplay; clipboard-write; encrypted-media; gyroscope; picture-in-picture; web-share\" referrerpolicy=\"strict-origin-when-cross-origin\" allowfullscreen><\/iframe>\n<\/div><\/figure>\n\n\n\n<h2 class=\"wp-block-heading\">Der Sommer und der Wintergarten<\/h2>\n\n\n\n<p><a href=\"https:\/\/youtu.be\/qVBCXh1Opu8\">https:\/\/youtu.be\/qVBCXh1Opu8<\/a><\/p>\n\n\n\n<h2 class=\"wp-block-heading\">Das Waldhaus<\/h2>\n\n\n\n<p><a href=\"https:\/\/youtu.be\/imRuFTUTEXk\">https:\/\/youtu.be\/imRuFTUTEXk<\/a><\/p>\n","protected":false},"excerpt":{"rendered":"<p>Magst du M\u00e4rchen? Dann mach es dir gem\u00fctlich und lausche meinem M\u00e4rchen vom Froschk\u00f6nig und im Anschluss den dem M\u00e4rchen von Dornr\u00f6schen. Der Froschk\u00f6nig und die goldene Kugel Dornr\u00f6schen Rotk\u00e4ppchen Der Sommer und der Wintergarten https:\/\/youtu.be\/qVBCXh1Opu8 Das Waldhaus https:\/\/youtu.be\/imRuFTUTEXk<\/p>\n","protected":false},"author":1,"featured_media":0,"parent":11,"menu_order":0,"comment_status":"closed","ping_status":"closed","template":"","meta":{"footnotes":""},"class_list":["post-580","page","type-page","status-publish","hentry","without-featured-image"],"yoast_head":"<!-- This site is optimized with the Yoast SEO plugin v27.4 - https:\/\/yoast.com\/product\/yoast-seo-wordpress\/ -->\n<title>M\u00e4rchenvideos - M\u00e4rchen &amp; Sozialtraining<\/title>\n<meta name=\"robots\" content=\"index, follow, max-snippet:-1, max-image-preview:large, max-video-preview:-1\" \/>\n<link rel=\"canonical\" href=\"https:\/\/maerchen-sozialtraining.de\/?page_id=580\" \/>\n<meta property=\"og:locale\" content=\"de_DE\" \/>\n<meta property=\"og:type\" content=\"article\" \/>\n<meta property=\"og:title\" content=\"M\u00e4rchenvideos - M\u00e4rchen &amp; Sozialtraining\" \/>\n<meta property=\"og:description\" content=\"Magst du M\u00e4rchen? Dann mach es dir gem\u00fctlich und lausche meinem M\u00e4rchen vom Froschk\u00f6nig und im Anschluss den dem M\u00e4rchen von Dornr\u00f6schen. Der Froschk\u00f6nig und die goldene Kugel Dornr\u00f6schen Rotk\u00e4ppchen Der Sommer und der Wintergarten https:\/\/youtu.be\/qVBCXh1Opu8 Das Waldhaus https:\/\/youtu.be\/imRuFTUTEXk\" \/>\n<meta property=\"og:url\" content=\"https:\/\/maerchen-sozialtraining.de\/?page_id=580\" \/>\n<meta property=\"og:site_name\" content=\"M\u00e4rchen &amp; Sozialtraining\" \/>\n<meta property=\"article:modified_time\" content=\"2025-10-20T11:45:55+00:00\" \/>\n<meta name=\"twitter:card\" content=\"summary_large_image\" \/>\n<meta name=\"twitter:label1\" content=\"Gesch\u00e4tzte Lesezeit\" \/>\n\t<meta name=\"twitter:data1\" content=\"1\u00a0Minute\" \/>\n<script type=\"application\/ld+json\" class=\"yoast-schema-graph\">{\"@context\":\"https:\\\/\\\/schema.org\",\"@graph\":[{\"@type\":\"WebPage\",\"@id\":\"https:\\\/\\\/maerchen-sozialtraining.de\\\/?page_id=580\",\"url\":\"https:\\\/\\\/maerchen-sozialtraining.de\\\/?page_id=580\",\"name\":\"M\u00e4rchenvideos - M\u00e4rchen &amp; Sozialtraining\",\"isPartOf\":{\"@id\":\"http:\\\/\\\/maerchen-sozialtraining.de\\\/#website\"},\"datePublished\":\"2021-12-02T20:11:01+00:00\",\"dateModified\":\"2025-10-20T11:45:55+00:00\",\"breadcrumb\":{\"@id\":\"https:\\\/\\\/maerchen-sozialtraining.de\\\/?page_id=580#breadcrumb\"},\"inLanguage\":\"de\",\"potentialAction\":[{\"@type\":\"ReadAction\",\"target\":[\"https:\\\/\\\/maerchen-sozialtraining.de\\\/?page_id=580\"]}]},{\"@type\":\"BreadcrumbList\",\"@id\":\"https:\\\/\\\/maerchen-sozialtraining.de\\\/?page_id=580#breadcrumb\",\"itemListElement\":[{\"@type\":\"ListItem\",\"position\":1,\"name\":\"Startseite\",\"item\":\"http:\\\/\\\/maerchen-sozialtraining.de\\\/\"},{\"@type\":\"ListItem\",\"position\":2,\"name\":\"M\u00e4rchen\",\"item\":\"https:\\\/\\\/maerchen-sozialtraining.de\\\/?page_id=11\"},{\"@type\":\"ListItem\",\"position\":3,\"name\":\"M\u00e4rchenvideos\"}]},{\"@type\":\"WebSite\",\"@id\":\"http:\\\/\\\/maerchen-sozialtraining.de\\\/#website\",\"url\":\"http:\\\/\\\/maerchen-sozialtraining.de\\\/\",\"name\":\"M\u00e4rchen &amp; Sozialtraining\",\"description\":\"M\u00e4rchen und Sozialtraing mit Heike Cordes\",\"publisher\":{\"@id\":\"http:\\\/\\\/maerchen-sozialtraining.de\\\/#\\\/schema\\\/person\\\/d6db61b2247e77be1317c8e08531254e\"},\"potentialAction\":[{\"@type\":\"SearchAction\",\"target\":{\"@type\":\"EntryPoint\",\"urlTemplate\":\"http:\\\/\\\/maerchen-sozialtraining.de\\\/?s={search_term_string}\"},\"query-input\":{\"@type\":\"PropertyValueSpecification\",\"valueRequired\":true,\"valueName\":\"search_term_string\"}}],\"inLanguage\":\"de\"},{\"@type\":[\"Person\",\"Organization\"],\"@id\":\"http:\\\/\\\/maerchen-sozialtraining.de\\\/#\\\/schema\\\/person\\\/d6db61b2247e77be1317c8e08531254e\",\"name\":\"Heike Cordes\",\"image\":{\"@type\":\"ImageObject\",\"inLanguage\":\"de\",\"@id\":\"http:\\\/\\\/demo.jasmin-bleeke.de\\\/wp-content\\\/uploads\\\/2018\\\/10\\\/M\u00e4rchenabend-14-1024x683.jpg\",\"url\":\"http:\\\/\\\/demo.jasmin-bleeke.de\\\/wp-content\\\/uploads\\\/2018\\\/10\\\/M\u00e4rchenabend-14-1024x683.jpg\",\"contentUrl\":\"http:\\\/\\\/demo.jasmin-bleeke.de\\\/wp-content\\\/uploads\\\/2018\\\/10\\\/M\u00e4rchenabend-14-1024x683.jpg\",\"width\":1024,\"height\":683,\"caption\":\"Heike Cordes\"},\"logo\":{\"@id\":\"http:\\\/\\\/demo.jasmin-bleeke.de\\\/wp-content\\\/uploads\\\/2018\\\/10\\\/M\u00e4rchenabend-14-1024x683.jpg\"},\"sameAs\":[\"http:\\\/\\\/www.maerchen-sozialtraining.de\",\"https:\\\/\\\/www.youtube.com\\\/channel\\\/UCgmmtQjGSU9yha2PtQkxw5A\"]}]}<\/script>\n<!-- \/ Yoast SEO plugin. -->","yoast_head_json":{"title":"M\u00e4rchenvideos - M\u00e4rchen &amp; Sozialtraining","robots":{"index":"index","follow":"follow","max-snippet":"max-snippet:-1","max-image-preview":"max-image-preview:large","max-video-preview":"max-video-preview:-1"},"canonical":"https:\/\/maerchen-sozialtraining.de\/?page_id=580","og_locale":"de_DE","og_type":"article","og_title":"M\u00e4rchenvideos - M\u00e4rchen &amp; Sozialtraining","og_description":"Magst du M\u00e4rchen? Dann mach es dir gem\u00fctlich und lausche meinem M\u00e4rchen vom Froschk\u00f6nig und im Anschluss den dem M\u00e4rchen von Dornr\u00f6schen. Der Froschk\u00f6nig und die goldene Kugel Dornr\u00f6schen Rotk\u00e4ppchen Der Sommer und der Wintergarten https:\/\/youtu.be\/qVBCXh1Opu8 Das Waldhaus https:\/\/youtu.be\/imRuFTUTEXk","og_url":"https:\/\/maerchen-sozialtraining.de\/?page_id=580","og_site_name":"M\u00e4rchen &amp; Sozialtraining","article_modified_time":"2025-10-20T11:45:55+00:00","twitter_card":"summary_large_image","twitter_misc":{"Gesch\u00e4tzte Lesezeit":"1\u00a0Minute"},"schema":{"@context":"https:\/\/schema.org","@graph":[{"@type":"WebPage","@id":"https:\/\/maerchen-sozialtraining.de\/?page_id=580","url":"https:\/\/maerchen-sozialtraining.de\/?page_id=580","name":"M\u00e4rchenvideos - M\u00e4rchen &amp; Sozialtraining","isPartOf":{"@id":"http:\/\/maerchen-sozialtraining.de\/#website"},"datePublished":"2021-12-02T20:11:01+00:00","dateModified":"2025-10-20T11:45:55+00:00","breadcrumb":{"@id":"https:\/\/maerchen-sozialtraining.de\/?page_id=580#breadcrumb"},"inLanguage":"de","potentialAction":[{"@type":"ReadAction","target":["https:\/\/maerchen-sozialtraining.de\/?page_id=580"]}]},{"@type":"BreadcrumbList","@id":"https:\/\/maerchen-sozialtraining.de\/?page_id=580#breadcrumb","itemListElement":[{"@type":"ListItem","position":1,"name":"Startseite","item":"http:\/\/maerchen-sozialtraining.de\/"},{"@type":"ListItem","position":2,"name":"M\u00e4rchen","item":"https:\/\/maerchen-sozialtraining.de\/?page_id=11"},{"@type":"ListItem","position":3,"name":"M\u00e4rchenvideos"}]},{"@type":"WebSite","@id":"http:\/\/maerchen-sozialtraining.de\/#website","url":"http:\/\/maerchen-sozialtraining.de\/","name":"M\u00e4rchen &amp; Sozialtraining","description":"M\u00e4rchen und Sozialtraing mit Heike Cordes","publisher":{"@id":"http:\/\/maerchen-sozialtraining.de\/#\/schema\/person\/d6db61b2247e77be1317c8e08531254e"},"potentialAction":[{"@type":"SearchAction","target":{"@type":"EntryPoint","urlTemplate":"http:\/\/maerchen-sozialtraining.de\/?s={search_term_string}"},"query-input":{"@type":"PropertyValueSpecification","valueRequired":true,"valueName":"search_term_string"}}],"inLanguage":"de"},{"@type":["Person","Organization"],"@id":"http:\/\/maerchen-sozialtraining.de\/#\/schema\/person\/d6db61b2247e77be1317c8e08531254e","name":"Heike Cordes","image":{"@type":"ImageObject","inLanguage":"de","@id":"http:\/\/demo.jasmin-bleeke.de\/wp-content\/uploads\/2018\/10\/M\u00e4rchenabend-14-1024x683.jpg","url":"http:\/\/demo.jasmin-bleeke.de\/wp-content\/uploads\/2018\/10\/M\u00e4rchenabend-14-1024x683.jpg","contentUrl":"http:\/\/demo.jasmin-bleeke.de\/wp-content\/uploads\/2018\/10\/M\u00e4rchenabend-14-1024x683.jpg","width":1024,"height":683,"caption":"Heike Cordes"},"logo":{"@id":"http:\/\/demo.jasmin-bleeke.de\/wp-content\/uploads\/2018\/10\/M\u00e4rchenabend-14-1024x683.jpg"},"sameAs":["http:\/\/www.maerchen-sozialtraining.de","https:\/\/www.youtube.com\/channel\/UCgmmtQjGSU9yha2PtQkxw5A"]}]}},"_links":{"self":[{"href":"https:\/\/maerchen-sozialtraining.de\/index.php?rest_route=\/wp\/v2\/pages\/580","targetHints":{"allow":["GET"]}}],"collection":[{"href":"https:\/\/maerchen-sozialtraining.de\/index.php?rest_route=\/wp\/v2\/pages"}],"about":[{"href":"https:\/\/maerchen-sozialtraining.de\/index.php?rest_route=\/wp\/v2\/types\/page"}],"author":[{"embeddable":true,"href":"https:\/\/maerchen-sozialtraining.de\/index.php?rest_route=\/wp\/v2\/users\/1"}],"replies":[{"embeddable":true,"href":"https:\/\/maerchen-sozialtraining.de\/index.php?rest_route=%2Fwp%2Fv2%2Fcomments&post=580"}],"version-history":[{"count":3,"href":"https:\/\/maerchen-sozialtraining.de\/index.php?rest_route=\/wp\/v2\/pages\/580\/revisions"}],"predecessor-version":[{"id":606,"href":"https:\/\/maerchen-sozialtraining.de\/index.php?rest_route=\/wp\/v2\/pages\/580\/revisions\/606"}],"up":[{"embeddable":true,"href":"https:\/\/maerchen-sozialtraining.de\/index.php?rest_route=\/wp\/v2\/pages\/11"}],"wp:attachment":[{"href":"https:\/\/maerchen-sozialtraining.de\/index.php?rest_route=%2Fwp%2Fv2%2Fmedia&parent=580"}],"curies":[{"name":"wp","href":"https:\/\/api.w.org\/{rel}","templated":true}]}}