{"id":563,"date":"2020-01-13T17:57:55","date_gmt":"2020-01-13T17:57:55","guid":{"rendered":"http:\/\/demo.jasmin-bleeke.de\/?page_id=563"},"modified":"2020-01-19T17:22:27","modified_gmt":"2020-01-19T17:22:27","slug":"ein-runder-geburtstag","status":"publish","type":"page","link":"https:\/\/maerchen-sozialtraining.de\/?page_id=563","title":{"rendered":"Ein runder Geburtstag"},"content":{"rendered":"<p>Ein Bericht von einer Franz\u00f6sischlehrerin im Ruhestand:<\/p>\n<p>&#8222;Schon lange habe ich mir gew\u00fcnscht, dass unsere Stube &#8211; mit dem warmen Kachelofen ( samt fr\u00e4nkischen Kacheln) &#8211; wieder einmal einen Ort bietet, wo besondere menschliche Begegnung erfahrbar wird.<br \/>\nSo feierten wir einen runden Geburtstag als Fest f\u00fcr Erwachsene und Kinder: dies konnte wunderbar gelingen durch die warmherzige M\u00e4rchenerz\u00e4hlerin Heike Cordes.<br \/>\nEine sehr spirituelle Atmosph\u00e4re entwickelte sich z.B. gleich beim ersten M\u00e4rchen von dem Teufel mit den drei goldenen Haaren- wunderbar eingeleitet durch das virtuose Akkordeonst\u00fcck <img loading=\"lazy\" decoding=\"async\" class=\"alignright wp-image-570 size-medium\" src=\"http:\/\/demo.jasmin-bleeke.de\/wp-content\/uploads\/2020\/01\/DSC02332-200x300.jpg\" alt=\"\" width=\"200\" height=\"300\" srcset=\"https:\/\/maerchen-sozialtraining.de\/wp-content\/uploads\/2020\/01\/DSC02332-200x300.jpg 200w, https:\/\/maerchen-sozialtraining.de\/wp-content\/uploads\/2020\/01\/DSC02332-768x1152.jpg 768w, https:\/\/maerchen-sozialtraining.de\/wp-content\/uploads\/2020\/01\/DSC02332-683x1024.jpg 683w, https:\/\/maerchen-sozialtraining.de\/wp-content\/uploads\/2020\/01\/DSC02332-253x380.jpg 253w\" sizes=\"auto, (max-width: 200px) 100vw, 200px\" \/>von Vivaldi \u201e Der Winter\u201c durch Nastja- der musikalischen Begleiterin von Frau Cordes.<br \/>\nSehr einf\u00fchlsam \u201e illustrierte\u201c Nastja mit dem Akkordeon die verschiedensten Seelenzust\u00e4nde der Protagonisten der M\u00e4rchenhandlung- z.B. wurde das Schnarchen des b\u00f6sen Teufels sehr pr\u00e4sent durch das Akkordeon&#8230;<br \/>\nAls ich sp\u00e4ter mit der f\u00fcnfj\u00e4hrigen Enkelin \u00fcber die Aufgaben sprach, die der Junge mit der Gl\u00fcckshaut zu l\u00f6sen hatte, war ich \u00fcberrascht, wie gut sie sich diese Details hatte merken k\u00f6nnen-<br \/>\nein Zeichen daf\u00fcr, dass sie mit ganzem Herzen bei der M\u00e4rchenerz\u00e4hlung dabei gewesen war.<br \/>\nWie ich nach unserer Feier durchg\u00e4ngig h\u00f6ren konnte, waren eigentlich alle G\u00e4ste wirklich ber\u00fchrt von diesem \u201e Kulturevent\u201c einer M\u00e4rcheninszenierung bei uns zu Hause.<br \/>\nHeike Cordes ( mit Nastja zusammen) hat wirklich uns allen mit diesen M\u00e4rchen eine SEHR gro\u00dfe Freude gemacht.<br \/>\nGanz herzlichen Dank Ihnen beiden und weiterhin VIEL Erfolg als Botschafterinnen von m\u00e4rchenhafter Weisheit!&#8220;<\/p>\n","protected":false},"excerpt":{"rendered":"<p>Ein Bericht von einer Franz\u00f6sischlehrerin im Ruhestand: &#8222;Schon lange habe ich mir gew\u00fcnscht, dass unsere Stube &#8211; mit dem warmen Kachelofen ( samt fr\u00e4nkischen Kacheln) &#8211; wieder einmal einen Ort bietet, wo besondere menschliche Begegnung erfahrbar wird. So feierten wir einen runden Geburtstag als Fest f\u00fcr Erwachsene und Kinder: dies konnte wunderbar gelingen durch die [&hellip;]<\/p>\n","protected":false},"author":1,"featured_media":0,"parent":124,"menu_order":0,"comment_status":"closed","ping_status":"closed","template":"page-templates\/full-width-page.php","meta":{"footnotes":""},"class_list":["post-563","page","type-page","status-publish","hentry","without-featured-image"],"yoast_head":"<!-- This site is optimized with the Yoast SEO plugin v27.4 - https:\/\/yoast.com\/product\/yoast-seo-wordpress\/ -->\n<title>Ein runder Geburtstag - M\u00e4rchen &amp; Sozialtraining<\/title>\n<meta name=\"robots\" content=\"index, follow, max-snippet:-1, max-image-preview:large, max-video-preview:-1\" \/>\n<link rel=\"canonical\" href=\"https:\/\/maerchen-sozialtraining.de\/?page_id=563\" \/>\n<meta property=\"og:locale\" content=\"de_DE\" \/>\n<meta property=\"og:type\" content=\"article\" \/>\n<meta property=\"og:title\" content=\"Ein runder Geburtstag - M\u00e4rchen &amp; Sozialtraining\" \/>\n<meta property=\"og:description\" content=\"Ein Bericht von einer Franz\u00f6sischlehrerin im Ruhestand: &#8222;Schon lange habe ich mir gew\u00fcnscht, dass unsere Stube &#8211; mit dem warmen Kachelofen ( samt fr\u00e4nkischen Kacheln) &#8211; wieder einmal einen Ort bietet, wo besondere menschliche Begegnung erfahrbar wird. So feierten wir einen runden Geburtstag als Fest f\u00fcr Erwachsene und Kinder: dies konnte wunderbar gelingen durch die [&hellip;]\" \/>\n<meta property=\"og:url\" content=\"https:\/\/maerchen-sozialtraining.de\/?page_id=563\" \/>\n<meta property=\"og:site_name\" content=\"M\u00e4rchen &amp; Sozialtraining\" \/>\n<meta property=\"article:modified_time\" content=\"2020-01-19T17:22:27+00:00\" \/>\n<meta property=\"og:image\" content=\"http:\/\/demo.jasmin-bleeke.de\/wp-content\/uploads\/2020\/01\/DSC02332-200x300.jpg\" \/>\n<meta name=\"twitter:card\" content=\"summary_large_image\" \/>\n<meta name=\"twitter:label1\" content=\"Gesch\u00e4tzte Lesezeit\" \/>\n\t<meta name=\"twitter:data1\" content=\"1\u00a0Minute\" \/>\n<script type=\"application\/ld+json\" class=\"yoast-schema-graph\">{\"@context\":\"https:\\\/\\\/schema.org\",\"@graph\":[{\"@type\":\"WebPage\",\"@id\":\"https:\\\/\\\/maerchen-sozialtraining.de\\\/?page_id=563\",\"url\":\"https:\\\/\\\/maerchen-sozialtraining.de\\\/?page_id=563\",\"name\":\"Ein runder Geburtstag - M\u00e4rchen &amp; Sozialtraining\",\"isPartOf\":{\"@id\":\"https:\\\/\\\/maerchen-sozialtraining.de\\\/#website\"},\"primaryImageOfPage\":{\"@id\":\"https:\\\/\\\/maerchen-sozialtraining.de\\\/?page_id=563#primaryimage\"},\"image\":{\"@id\":\"https:\\\/\\\/maerchen-sozialtraining.de\\\/?page_id=563#primaryimage\"},\"thumbnailUrl\":\"http:\\\/\\\/demo.jasmin-bleeke.de\\\/wp-content\\\/uploads\\\/2020\\\/01\\\/DSC02332-200x300.jpg\",\"datePublished\":\"2020-01-13T17:57:55+00:00\",\"dateModified\":\"2020-01-19T17:22:27+00:00\",\"breadcrumb\":{\"@id\":\"https:\\\/\\\/maerchen-sozialtraining.de\\\/?page_id=563#breadcrumb\"},\"inLanguage\":\"de\",\"potentialAction\":[{\"@type\":\"ReadAction\",\"target\":[\"https:\\\/\\\/maerchen-sozialtraining.de\\\/?page_id=563\"]}]},{\"@type\":\"ImageObject\",\"inLanguage\":\"de\",\"@id\":\"https:\\\/\\\/maerchen-sozialtraining.de\\\/?page_id=563#primaryimage\",\"url\":\"http:\\\/\\\/demo.jasmin-bleeke.de\\\/wp-content\\\/uploads\\\/2020\\\/01\\\/DSC02332-200x300.jpg\",\"contentUrl\":\"http:\\\/\\\/demo.jasmin-bleeke.de\\\/wp-content\\\/uploads\\\/2020\\\/01\\\/DSC02332-200x300.jpg\"},{\"@type\":\"BreadcrumbList\",\"@id\":\"https:\\\/\\\/maerchen-sozialtraining.de\\\/?page_id=563#breadcrumb\",\"itemListElement\":[{\"@type\":\"ListItem\",\"position\":1,\"name\":\"Startseite\",\"item\":\"https:\\\/\\\/maerchen-sozialtraining.de\\\/\"},{\"@type\":\"ListItem\",\"position\":2,\"name\":\"Termine \\\/ Referenzen\",\"item\":\"https:\\\/\\\/maerchen-sozialtraining.de\\\/?page_id=124\"},{\"@type\":\"ListItem\",\"position\":3,\"name\":\"Ein runder Geburtstag\"}]},{\"@type\":\"WebSite\",\"@id\":\"https:\\\/\\\/maerchen-sozialtraining.de\\\/#website\",\"url\":\"https:\\\/\\\/maerchen-sozialtraining.de\\\/\",\"name\":\"M\u00e4rchen &amp; Sozialtraining\",\"description\":\"M\u00e4rchen und Sozialtraing mit Heike Cordes\",\"publisher\":{\"@id\":\"https:\\\/\\\/maerchen-sozialtraining.de\\\/#\\\/schema\\\/person\\\/d6db61b2247e77be1317c8e08531254e\"},\"potentialAction\":[{\"@type\":\"SearchAction\",\"target\":{\"@type\":\"EntryPoint\",\"urlTemplate\":\"https:\\\/\\\/maerchen-sozialtraining.de\\\/?s={search_term_string}\"},\"query-input\":{\"@type\":\"PropertyValueSpecification\",\"valueRequired\":true,\"valueName\":\"search_term_string\"}}],\"inLanguage\":\"de\"},{\"@type\":[\"Person\",\"Organization\"],\"@id\":\"https:\\\/\\\/maerchen-sozialtraining.de\\\/#\\\/schema\\\/person\\\/d6db61b2247e77be1317c8e08531254e\",\"name\":\"Heike Cordes\",\"image\":{\"@type\":\"ImageObject\",\"inLanguage\":\"de\",\"@id\":\"http:\\\/\\\/demo.jasmin-bleeke.de\\\/wp-content\\\/uploads\\\/2018\\\/10\\\/M\u00e4rchenabend-14-1024x683.jpg\",\"url\":\"http:\\\/\\\/demo.jasmin-bleeke.de\\\/wp-content\\\/uploads\\\/2018\\\/10\\\/M\u00e4rchenabend-14-1024x683.jpg\",\"contentUrl\":\"http:\\\/\\\/demo.jasmin-bleeke.de\\\/wp-content\\\/uploads\\\/2018\\\/10\\\/M\u00e4rchenabend-14-1024x683.jpg\",\"width\":1024,\"height\":683,\"caption\":\"Heike Cordes\"},\"logo\":{\"@id\":\"http:\\\/\\\/demo.jasmin-bleeke.de\\\/wp-content\\\/uploads\\\/2018\\\/10\\\/M\u00e4rchenabend-14-1024x683.jpg\"},\"sameAs\":[\"http:\\\/\\\/www.maerchen-sozialtraining.de\",\"https:\\\/\\\/www.youtube.com\\\/channel\\\/UCgmmtQjGSU9yha2PtQkxw5A\"]}]}<\/script>\n<!-- \/ Yoast SEO plugin. -->","yoast_head_json":{"title":"Ein runder Geburtstag - M\u00e4rchen &amp; Sozialtraining","robots":{"index":"index","follow":"follow","max-snippet":"max-snippet:-1","max-image-preview":"max-image-preview:large","max-video-preview":"max-video-preview:-1"},"canonical":"https:\/\/maerchen-sozialtraining.de\/?page_id=563","og_locale":"de_DE","og_type":"article","og_title":"Ein runder Geburtstag - M\u00e4rchen &amp; Sozialtraining","og_description":"Ein Bericht von einer Franz\u00f6sischlehrerin im Ruhestand: &#8222;Schon lange habe ich mir gew\u00fcnscht, dass unsere Stube &#8211; mit dem warmen Kachelofen ( samt fr\u00e4nkischen Kacheln) &#8211; wieder einmal einen Ort bietet, wo besondere menschliche Begegnung erfahrbar wird. So feierten wir einen runden Geburtstag als Fest f\u00fcr Erwachsene und Kinder: dies konnte wunderbar gelingen durch die [&hellip;]","og_url":"https:\/\/maerchen-sozialtraining.de\/?page_id=563","og_site_name":"M\u00e4rchen &amp; Sozialtraining","article_modified_time":"2020-01-19T17:22:27+00:00","og_image":[{"url":"http:\/\/demo.jasmin-bleeke.de\/wp-content\/uploads\/2020\/01\/DSC02332-200x300.jpg","type":"","width":"","height":""}],"twitter_card":"summary_large_image","twitter_misc":{"Gesch\u00e4tzte Lesezeit":"1\u00a0Minute"},"schema":{"@context":"https:\/\/schema.org","@graph":[{"@type":"WebPage","@id":"https:\/\/maerchen-sozialtraining.de\/?page_id=563","url":"https:\/\/maerchen-sozialtraining.de\/?page_id=563","name":"Ein runder Geburtstag - M\u00e4rchen &amp; Sozialtraining","isPartOf":{"@id":"https:\/\/maerchen-sozialtraining.de\/#website"},"primaryImageOfPage":{"@id":"https:\/\/maerchen-sozialtraining.de\/?page_id=563#primaryimage"},"image":{"@id":"https:\/\/maerchen-sozialtraining.de\/?page_id=563#primaryimage"},"thumbnailUrl":"http:\/\/demo.jasmin-bleeke.de\/wp-content\/uploads\/2020\/01\/DSC02332-200x300.jpg","datePublished":"2020-01-13T17:57:55+00:00","dateModified":"2020-01-19T17:22:27+00:00","breadcrumb":{"@id":"https:\/\/maerchen-sozialtraining.de\/?page_id=563#breadcrumb"},"inLanguage":"de","potentialAction":[{"@type":"ReadAction","target":["https:\/\/maerchen-sozialtraining.de\/?page_id=563"]}]},{"@type":"ImageObject","inLanguage":"de","@id":"https:\/\/maerchen-sozialtraining.de\/?page_id=563#primaryimage","url":"http:\/\/demo.jasmin-bleeke.de\/wp-content\/uploads\/2020\/01\/DSC02332-200x300.jpg","contentUrl":"http:\/\/demo.jasmin-bleeke.de\/wp-content\/uploads\/2020\/01\/DSC02332-200x300.jpg"},{"@type":"BreadcrumbList","@id":"https:\/\/maerchen-sozialtraining.de\/?page_id=563#breadcrumb","itemListElement":[{"@type":"ListItem","position":1,"name":"Startseite","item":"https:\/\/maerchen-sozialtraining.de\/"},{"@type":"ListItem","position":2,"name":"Termine \/ Referenzen","item":"https:\/\/maerchen-sozialtraining.de\/?page_id=124"},{"@type":"ListItem","position":3,"name":"Ein runder Geburtstag"}]},{"@type":"WebSite","@id":"https:\/\/maerchen-sozialtraining.de\/#website","url":"https:\/\/maerchen-sozialtraining.de\/","name":"M\u00e4rchen &amp; Sozialtraining","description":"M\u00e4rchen und Sozialtraing mit Heike Cordes","publisher":{"@id":"https:\/\/maerchen-sozialtraining.de\/#\/schema\/person\/d6db61b2247e77be1317c8e08531254e"},"potentialAction":[{"@type":"SearchAction","target":{"@type":"EntryPoint","urlTemplate":"https:\/\/maerchen-sozialtraining.de\/?s={search_term_string}"},"query-input":{"@type":"PropertyValueSpecification","valueRequired":true,"valueName":"search_term_string"}}],"inLanguage":"de"},{"@type":["Person","Organization"],"@id":"https:\/\/maerchen-sozialtraining.de\/#\/schema\/person\/d6db61b2247e77be1317c8e08531254e","name":"Heike Cordes","image":{"@type":"ImageObject","inLanguage":"de","@id":"http:\/\/demo.jasmin-bleeke.de\/wp-content\/uploads\/2018\/10\/M\u00e4rchenabend-14-1024x683.jpg","url":"http:\/\/demo.jasmin-bleeke.de\/wp-content\/uploads\/2018\/10\/M\u00e4rchenabend-14-1024x683.jpg","contentUrl":"http:\/\/demo.jasmin-bleeke.de\/wp-content\/uploads\/2018\/10\/M\u00e4rchenabend-14-1024x683.jpg","width":1024,"height":683,"caption":"Heike Cordes"},"logo":{"@id":"http:\/\/demo.jasmin-bleeke.de\/wp-content\/uploads\/2018\/10\/M\u00e4rchenabend-14-1024x683.jpg"},"sameAs":["http:\/\/www.maerchen-sozialtraining.de","https:\/\/www.youtube.com\/channel\/UCgmmtQjGSU9yha2PtQkxw5A"]}]}},"_links":{"self":[{"href":"https:\/\/maerchen-sozialtraining.de\/index.php?rest_route=\/wp\/v2\/pages\/563","targetHints":{"allow":["GET"]}}],"collection":[{"href":"https:\/\/maerchen-sozialtraining.de\/index.php?rest_route=\/wp\/v2\/pages"}],"about":[{"href":"https:\/\/maerchen-sozialtraining.de\/index.php?rest_route=\/wp\/v2\/types\/page"}],"author":[{"embeddable":true,"href":"https:\/\/maerchen-sozialtraining.de\/index.php?rest_route=\/wp\/v2\/users\/1"}],"replies":[{"embeddable":true,"href":"https:\/\/maerchen-sozialtraining.de\/index.php?rest_route=%2Fwp%2Fv2%2Fcomments&post=563"}],"version-history":[{"count":2,"href":"https:\/\/maerchen-sozialtraining.de\/index.php?rest_route=\/wp\/v2\/pages\/563\/revisions"}],"predecessor-version":[{"id":577,"href":"https:\/\/maerchen-sozialtraining.de\/index.php?rest_route=\/wp\/v2\/pages\/563\/revisions\/577"}],"up":[{"embeddable":true,"href":"https:\/\/maerchen-sozialtraining.de\/index.php?rest_route=\/wp\/v2\/pages\/124"}],"wp:attachment":[{"href":"https:\/\/maerchen-sozialtraining.de\/index.php?rest_route=%2Fwp%2Fv2%2Fmedia&parent=563"}],"curies":[{"name":"wp","href":"https:\/\/api.w.org\/{rel}","templated":true}]}}