{"id":378,"date":"2018-08-08T17:53:51","date_gmt":"2018-08-08T17:53:51","guid":{"rendered":"http:\/\/demo.jasmin-bleeke.de\/?page_id=378"},"modified":"2018-12-08T19:36:21","modified_gmt":"2018-12-08T19:36:21","slug":"mitmachprojekt-puppenbuehne","status":"publish","type":"page","link":"https:\/\/maerchen-sozialtraining.de\/?page_id=378","title":{"rendered":"Mitmachprojekt &#8222;Puppenb\u00fchne&#8220;"},"content":{"rendered":"<h2>Das Mitmachprojekt &#8222;Puppenb\u00fchne&#8220;<\/h2>\n<p>Die Kinder h\u00f6ren ein M\u00e4rchen und simultan wird dazu mit Handpuppen auf einer B\u00fchne gespielt.<br \/>\nIm Anschluss bauen die Kinder in einer Kleingruppe gemeinsam eine kleine B\u00fchne, dem M\u00e4rchen entsprechend auf und proben dann das Handpuppenspiel.<br \/>\nAm Ende f\u00fchren die Kinder das Handpuppenspiel auf ihrer kleinen B\u00fchne vor.<br \/>\nDie <strong>Ziele<\/strong> dieses Projektes: das H\u00f6rverst\u00e4ndins, die Konzentrationsf\u00e4higkeit und die Sprachf\u00e4higkeit werden geschult, die Kreativit\u00e4t wird angeregt, das Sozialverhalten und Regelverst\u00e4ndnis wird gef\u00f6rdert.<\/p>\n<div class='white' style='background:rgba(0,0,0,0); border:solid 0px rgba(0,0,0,0); border-radius:0px; padding:0px 0px 0px 0px;'>\n<div id='slider_390' class='owl-carousel sa_owl_theme owl-pagination-true autohide-arrows' data-slider-id='slider_390' style='visibility:hidden;'>\n<div id='slider_390_slide01' class='sa_hover_container' style='padding:5% 5%; margin:0px 0%; '><p><img loading=\"lazy\" decoding=\"async\" class=\"aligncenter size-large wp-image-321\" src=\"http:\/\/demo.jasmin-bleeke.de\/wp-content\/uploads\/2018\/07\/20180427_111155-1024x768.jpg\" alt=\"\" width=\"620\" height=\"465\" srcset=\"https:\/\/maerchen-sozialtraining.de\/wp-content\/uploads\/2018\/07\/20180427_111155-1024x768.jpg 1024w, https:\/\/maerchen-sozialtraining.de\/wp-content\/uploads\/2018\/07\/20180427_111155-300x225.jpg 300w, https:\/\/maerchen-sozialtraining.de\/wp-content\/uploads\/2018\/07\/20180427_111155-768x576.jpg 768w, https:\/\/maerchen-sozialtraining.de\/wp-content\/uploads\/2018\/07\/20180427_111155-507x380.jpg 507w\" sizes=\"auto, (max-width: 620px) 100vw, 620px\" \/><\/p><\/div>\n<div id='slider_390_slide02' class='sa_hover_container' style='padding:5% 5%; margin:0px 0%; '><p><img loading=\"lazy\" decoding=\"async\" class=\"aligncenter wp-image-323 size-large\" src=\"http:\/\/demo.jasmin-bleeke.de\/wp-content\/uploads\/2018\/07\/20180427_111828-1024x768.jpg\" alt=\"\" width=\"620\" height=\"465\" srcset=\"https:\/\/maerchen-sozialtraining.de\/wp-content\/uploads\/2018\/07\/20180427_111828-1024x768.jpg 1024w, https:\/\/maerchen-sozialtraining.de\/wp-content\/uploads\/2018\/07\/20180427_111828-300x225.jpg 300w, https:\/\/maerchen-sozialtraining.de\/wp-content\/uploads\/2018\/07\/20180427_111828-768x576.jpg 768w, https:\/\/maerchen-sozialtraining.de\/wp-content\/uploads\/2018\/07\/20180427_111828-507x380.jpg 507w\" sizes=\"auto, (max-width: 620px) 100vw, 620px\" \/><\/p><\/div>\n<div id='slider_390_slide03' class='sa_hover_container' style='padding:5% 5%; margin:0px 0%; '><p><img loading=\"lazy\" decoding=\"async\" class=\"aligncenter wp-image-322 size-large\" src=\"http:\/\/demo.jasmin-bleeke.de\/wp-content\/uploads\/2018\/07\/20180427_111817-1024x768.jpg\" alt=\"\" width=\"620\" height=\"465\" srcset=\"https:\/\/maerchen-sozialtraining.de\/wp-content\/uploads\/2018\/07\/20180427_111817-1024x768.jpg 1024w, https:\/\/maerchen-sozialtraining.de\/wp-content\/uploads\/2018\/07\/20180427_111817-300x225.jpg 300w, https:\/\/maerchen-sozialtraining.de\/wp-content\/uploads\/2018\/07\/20180427_111817-768x576.jpg 768w, https:\/\/maerchen-sozialtraining.de\/wp-content\/uploads\/2018\/07\/20180427_111817-507x380.jpg 507w, https:\/\/maerchen-sozialtraining.de\/wp-content\/uploads\/2018\/07\/20180427_111817.jpg 1789w\" sizes=\"auto, (max-width: 620px) 100vw, 620px\" \/><\/p><\/div>\n<div id='slider_390_slide04' class='sa_hover_container' style='padding:5% 5%; margin:0px 0%; '><p><img loading=\"lazy\" decoding=\"async\" class=\"aligncenter size-large wp-image-319\" src=\"http:\/\/demo.jasmin-bleeke.de\/wp-content\/uploads\/2018\/07\/20180412_100307-1024x768.jpg\" alt=\"\" width=\"620\" height=\"465\" srcset=\"https:\/\/maerchen-sozialtraining.de\/wp-content\/uploads\/2018\/07\/20180412_100307-1024x768.jpg 1024w, https:\/\/maerchen-sozialtraining.de\/wp-content\/uploads\/2018\/07\/20180412_100307-300x225.jpg 300w, https:\/\/maerchen-sozialtraining.de\/wp-content\/uploads\/2018\/07\/20180412_100307-768x576.jpg 768w, https:\/\/maerchen-sozialtraining.de\/wp-content\/uploads\/2018\/07\/20180412_100307-507x380.jpg 507w, https:\/\/maerchen-sozialtraining.de\/wp-content\/uploads\/2018\/07\/20180412_100307.jpg 1733w\" sizes=\"auto, (max-width: 620px) 100vw, 620px\" \/><\/p><\/div>\n<\/div>\n<\/div>\n<script type='text\/javascript'>\n\tjQuery(document).ready(function() {\n\t\tjQuery('#slider_390').owlCarousel({\n\t\t\titems : 1,\n\t\t\tsmartSpeed : 200,\n\t\t\tautoplay : true,\n\t\t\tautoplayTimeout : 5000,\n\t\t\tautoplayHoverPause : true,\n\t\t\tsmartSpeed : 200,\n\t\t\tfluidSpeed : 200,\n\t\t\tautoplaySpeed : 200,\n\t\t\tnavSpeed : 200,\n\t\t\tdotsSpeed : 200,\n\t\t\tloop : true,\n\t\t\tnav : true,\n\t\t\tnavText : ['Previous','Next'],\n\t\t\tdots : true,\n\t\t\tresponsiveRefreshRate : 200,\n\t\t\tslideBy : 1,\n\t\t\tmergeFit : true,\n\t\t\tautoHeight : false,\n\t\t\tmouseDrag : true,\n\t\t\ttouchDrag : true\n\t\t});\n\t\tjQuery('#slider_390').css('visibility', 'visible');\n\t\tsa_resize_slider_390();\n\t\twindow.addEventListener('resize', sa_resize_slider_390);\n\t\tfunction sa_resize_slider_390() {\n\t\t\tvar min_height = '50';\n\t\t\tvar win_width = jQuery(window).width();\n\t\t\tvar slider_width = jQuery('#slider_390').width();\n\t\t\tif (win_width < 480) {\n\t\t\t\tvar slide_width = slider_width \/ 1;\n\t\t\t} else if (win_width < 768) {\n\t\t\t\tvar slide_width = slider_width \/ 1;\n\t\t\t} else if (win_width < 980) {\n\t\t\t\tvar slide_width = slider_width \/ 1;\n\t\t\t} else if (win_width < 1200) {\n\t\t\t\tvar slide_width = slider_width \/ 1;\n\t\t\t} else if (win_width < 1500) {\n\t\t\t\tvar slide_width = slider_width \/ 1;\n\t\t\t} else {\n\t\t\t\tvar slide_width = slider_width \/ 1;\n\t\t\t}\n\t\t\tslide_width = Math.round(slide_width);\n\t\t\tvar slide_height = '0';\n\t\t\tif (min_height == 'aspect43') {\n\t\t\t\tslide_height = (slide_width \/ 4) * 3;\t\t\t\tslide_height = Math.round(slide_height);\n\t\t\t} else if (min_height == 'aspect169') {\n\t\t\t\tslide_height = (slide_width \/ 16) * 9;\t\t\t\tslide_height = Math.round(slide_height);\n\t\t\t} else {\n\t\t\t\tslide_height = (slide_width \/ 100) * min_height;\t\t\t\tslide_height = Math.round(slide_height);\n\t\t\t}\n\t\t\tjQuery('#slider_390 .owl-item .sa_hover_container').css('min-height', slide_height+'px');\n\t\t}\n\t\tvar owl_goto = jQuery('#slider_390');\n\t\tjQuery('.slider_390_goto1').click(function(event){\n\t\t\towl_goto.trigger('to.owl.carousel', 0);\n\t\t});\n\t\tjQuery('.slider_390_goto2').click(function(event){\n\t\t\towl_goto.trigger('to.owl.carousel', 1);\n\t\t});\n\t\tjQuery('.slider_390_goto3').click(function(event){\n\t\t\towl_goto.trigger('to.owl.carousel', 2);\n\t\t});\n\t\tjQuery('.slider_390_goto4').click(function(event){\n\t\t\towl_goto.trigger('to.owl.carousel', 3);\n\t\t});\n\t\tvar resize_390 = jQuery('.owl-carousel');\n\t\tresize_390.on('initialized.owl.carousel', function(e) {\n\t\t\tif (typeof(Event) === 'function') {\n\t\t\t\twindow.dispatchEvent(new Event('resize'));\n\t\t\t} else {\n\t\t\t\tvar evt = window.document.createEvent('UIEvents');\n\t\t\t\tevt.initUIEvent('resize', true, false, window, 0);\n\t\t\t\twindow.dispatchEvent(evt);\n\t\t\t}\n\t\t});\n\t});\n<\/script>\n\n<p>&nbsp;<\/p>\n","protected":false},"excerpt":{"rendered":"<p>Das Mitmachprojekt &#8222;Puppenb\u00fchne&#8220; Die Kinder h\u00f6ren ein M\u00e4rchen und simultan wird dazu mit Handpuppen auf einer B\u00fchne gespielt. Im Anschluss bauen die Kinder in einer Kleingruppe gemeinsam eine kleine B\u00fchne, dem M\u00e4rchen entsprechend auf und proben dann das Handpuppenspiel. Am Ende f\u00fchren die Kinder das Handpuppenspiel auf ihrer kleinen B\u00fchne vor. Die Ziele dieses Projektes: [&hellip;]<\/p>\n","protected":false},"author":1,"featured_media":320,"parent":0,"menu_order":0,"comment_status":"closed","ping_status":"closed","template":"page-templates\/full-width-page.php","meta":{"footnotes":""},"class_list":["post-378","page","type-page","status-publish","has-post-thumbnail","hentry","with-featured-image"],"yoast_head":"<!-- This site is optimized with the Yoast SEO plugin v26.1.1 - https:\/\/yoast.com\/wordpress\/plugins\/seo\/ -->\n<title>Mitmachprojekt &quot;Puppenb\u00fchne&quot; - M\u00e4rchen &amp; Sozialtraining<\/title>\n<meta name=\"robots\" content=\"index, follow, max-snippet:-1, max-image-preview:large, max-video-preview:-1\" \/>\n<link rel=\"canonical\" href=\"http:\/\/maerchen-sozialtraining.de\/?page_id=378\" \/>\n<meta property=\"og:locale\" content=\"de_DE\" \/>\n<meta property=\"og:type\" content=\"article\" \/>\n<meta property=\"og:title\" content=\"Mitmachprojekt &quot;Puppenb\u00fchne&quot; - M\u00e4rchen &amp; Sozialtraining\" \/>\n<meta property=\"og:description\" content=\"Das Mitmachprojekt &#8222;Puppenb\u00fchne&#8220; Die Kinder h\u00f6ren ein M\u00e4rchen und simultan wird dazu mit Handpuppen auf einer B\u00fchne gespielt. Im Anschluss bauen die Kinder in einer Kleingruppe gemeinsam eine kleine B\u00fchne, dem M\u00e4rchen entsprechend auf und proben dann das Handpuppenspiel. Am Ende f\u00fchren die Kinder das Handpuppenspiel auf ihrer kleinen B\u00fchne vor. Die Ziele dieses Projektes: [&hellip;]\" \/>\n<meta property=\"og:url\" content=\"http:\/\/maerchen-sozialtraining.de\/?page_id=378\" \/>\n<meta property=\"og:site_name\" content=\"M\u00e4rchen &amp; Sozialtraining\" \/>\n<meta property=\"article:modified_time\" content=\"2018-12-08T19:36:21+00:00\" \/>\n<meta property=\"og:image\" content=\"http:\/\/maerchen-sozialtraining.de\/wp-content\/uploads\/2018\/07\/20180426_100010.jpg\" \/>\n\t<meta property=\"og:image:width\" content=\"2367\" \/>\n\t<meta property=\"og:image:height\" content=\"1775\" \/>\n\t<meta property=\"og:image:type\" content=\"image\/jpeg\" \/>\n<meta name=\"twitter:card\" content=\"summary_large_image\" \/>\n<script type=\"application\/ld+json\" class=\"yoast-schema-graph\">{\"@context\":\"https:\/\/schema.org\",\"@graph\":[{\"@type\":\"WebPage\",\"@id\":\"http:\/\/maerchen-sozialtraining.de\/?page_id=378\",\"url\":\"http:\/\/maerchen-sozialtraining.de\/?page_id=378\",\"name\":\"Mitmachprojekt \\\"Puppenb\u00fchne\\\" - M\u00e4rchen &amp; Sozialtraining\",\"isPartOf\":{\"@id\":\"http:\/\/maerchen-sozialtraining.de\/#website\"},\"primaryImageOfPage\":{\"@id\":\"http:\/\/maerchen-sozialtraining.de\/?page_id=378#primaryimage\"},\"image\":{\"@id\":\"http:\/\/maerchen-sozialtraining.de\/?page_id=378#primaryimage\"},\"thumbnailUrl\":\"https:\/\/maerchen-sozialtraining.de\/wp-content\/uploads\/2018\/07\/20180426_100010.jpg\",\"datePublished\":\"2018-08-08T17:53:51+00:00\",\"dateModified\":\"2018-12-08T19:36:21+00:00\",\"breadcrumb\":{\"@id\":\"http:\/\/maerchen-sozialtraining.de\/?page_id=378#breadcrumb\"},\"inLanguage\":\"de\",\"potentialAction\":[{\"@type\":\"ReadAction\",\"target\":[\"http:\/\/maerchen-sozialtraining.de\/?page_id=378\"]}]},{\"@type\":\"ImageObject\",\"inLanguage\":\"de\",\"@id\":\"http:\/\/maerchen-sozialtraining.de\/?page_id=378#primaryimage\",\"url\":\"https:\/\/maerchen-sozialtraining.de\/wp-content\/uploads\/2018\/07\/20180426_100010.jpg\",\"contentUrl\":\"https:\/\/maerchen-sozialtraining.de\/wp-content\/uploads\/2018\/07\/20180426_100010.jpg\",\"width\":2367,\"height\":1775},{\"@type\":\"BreadcrumbList\",\"@id\":\"http:\/\/maerchen-sozialtraining.de\/?page_id=378#breadcrumb\",\"itemListElement\":[{\"@type\":\"ListItem\",\"position\":1,\"name\":\"Startseite\",\"item\":\"http:\/\/maerchen-sozialtraining.de\/\"},{\"@type\":\"ListItem\",\"position\":2,\"name\":\"Mitmachprojekt &#8222;Puppenb\u00fchne&#8220;\"}]},{\"@type\":\"WebSite\",\"@id\":\"http:\/\/maerchen-sozialtraining.de\/#website\",\"url\":\"http:\/\/maerchen-sozialtraining.de\/\",\"name\":\"M\u00e4rchen &amp; Sozialtraining\",\"description\":\"M\u00e4rchen und Sozialtraing mit Heike Cordes\",\"publisher\":{\"@id\":\"http:\/\/maerchen-sozialtraining.de\/#\/schema\/person\/d6db61b2247e77be1317c8e08531254e\"},\"potentialAction\":[{\"@type\":\"SearchAction\",\"target\":{\"@type\":\"EntryPoint\",\"urlTemplate\":\"http:\/\/maerchen-sozialtraining.de\/?s={search_term_string}\"},\"query-input\":{\"@type\":\"PropertyValueSpecification\",\"valueRequired\":true,\"valueName\":\"search_term_string\"}}],\"inLanguage\":\"de\"},{\"@type\":[\"Person\",\"Organization\"],\"@id\":\"http:\/\/maerchen-sozialtraining.de\/#\/schema\/person\/d6db61b2247e77be1317c8e08531254e\",\"name\":\"Heike Cordes\",\"image\":{\"@type\":\"ImageObject\",\"inLanguage\":\"de\",\"@id\":\"http:\/\/maerchen-sozialtraining.de\/#\/schema\/person\/image\/\",\"url\":\"http:\/\/demo.jasmin-bleeke.de\/wp-content\/uploads\/2018\/10\/M\u00e4rchenabend-14-1024x683.jpg\",\"contentUrl\":\"http:\/\/demo.jasmin-bleeke.de\/wp-content\/uploads\/2018\/10\/M\u00e4rchenabend-14-1024x683.jpg\",\"width\":1024,\"height\":683,\"caption\":\"Heike Cordes\"},\"logo\":{\"@id\":\"http:\/\/maerchen-sozialtraining.de\/#\/schema\/person\/image\/\"},\"sameAs\":[\"http:\/\/www.maerchen-sozialtraining.de\",\"https:\/\/www.youtube.com\/channel\/UCgmmtQjGSU9yha2PtQkxw5A\"]}]}<\/script>\n<!-- \/ Yoast SEO plugin. -->","yoast_head_json":{"title":"Mitmachprojekt \"Puppenb\u00fchne\" - M\u00e4rchen &amp; Sozialtraining","robots":{"index":"index","follow":"follow","max-snippet":"max-snippet:-1","max-image-preview":"max-image-preview:large","max-video-preview":"max-video-preview:-1"},"canonical":"http:\/\/maerchen-sozialtraining.de\/?page_id=378","og_locale":"de_DE","og_type":"article","og_title":"Mitmachprojekt \"Puppenb\u00fchne\" - M\u00e4rchen &amp; Sozialtraining","og_description":"Das Mitmachprojekt &#8222;Puppenb\u00fchne&#8220; Die Kinder h\u00f6ren ein M\u00e4rchen und simultan wird dazu mit Handpuppen auf einer B\u00fchne gespielt. Im Anschluss bauen die Kinder in einer Kleingruppe gemeinsam eine kleine B\u00fchne, dem M\u00e4rchen entsprechend auf und proben dann das Handpuppenspiel. Am Ende f\u00fchren die Kinder das Handpuppenspiel auf ihrer kleinen B\u00fchne vor. Die Ziele dieses Projektes: [&hellip;]","og_url":"http:\/\/maerchen-sozialtraining.de\/?page_id=378","og_site_name":"M\u00e4rchen &amp; Sozialtraining","article_modified_time":"2018-12-08T19:36:21+00:00","og_image":[{"width":2367,"height":1775,"url":"http:\/\/maerchen-sozialtraining.de\/wp-content\/uploads\/2018\/07\/20180426_100010.jpg","type":"image\/jpeg"}],"twitter_card":"summary_large_image","schema":{"@context":"https:\/\/schema.org","@graph":[{"@type":"WebPage","@id":"http:\/\/maerchen-sozialtraining.de\/?page_id=378","url":"http:\/\/maerchen-sozialtraining.de\/?page_id=378","name":"Mitmachprojekt \"Puppenb\u00fchne\" - M\u00e4rchen &amp; Sozialtraining","isPartOf":{"@id":"http:\/\/maerchen-sozialtraining.de\/#website"},"primaryImageOfPage":{"@id":"http:\/\/maerchen-sozialtraining.de\/?page_id=378#primaryimage"},"image":{"@id":"http:\/\/maerchen-sozialtraining.de\/?page_id=378#primaryimage"},"thumbnailUrl":"https:\/\/maerchen-sozialtraining.de\/wp-content\/uploads\/2018\/07\/20180426_100010.jpg","datePublished":"2018-08-08T17:53:51+00:00","dateModified":"2018-12-08T19:36:21+00:00","breadcrumb":{"@id":"http:\/\/maerchen-sozialtraining.de\/?page_id=378#breadcrumb"},"inLanguage":"de","potentialAction":[{"@type":"ReadAction","target":["http:\/\/maerchen-sozialtraining.de\/?page_id=378"]}]},{"@type":"ImageObject","inLanguage":"de","@id":"http:\/\/maerchen-sozialtraining.de\/?page_id=378#primaryimage","url":"https:\/\/maerchen-sozialtraining.de\/wp-content\/uploads\/2018\/07\/20180426_100010.jpg","contentUrl":"https:\/\/maerchen-sozialtraining.de\/wp-content\/uploads\/2018\/07\/20180426_100010.jpg","width":2367,"height":1775},{"@type":"BreadcrumbList","@id":"http:\/\/maerchen-sozialtraining.de\/?page_id=378#breadcrumb","itemListElement":[{"@type":"ListItem","position":1,"name":"Startseite","item":"http:\/\/maerchen-sozialtraining.de\/"},{"@type":"ListItem","position":2,"name":"Mitmachprojekt &#8222;Puppenb\u00fchne&#8220;"}]},{"@type":"WebSite","@id":"http:\/\/maerchen-sozialtraining.de\/#website","url":"http:\/\/maerchen-sozialtraining.de\/","name":"M\u00e4rchen &amp; Sozialtraining","description":"M\u00e4rchen und Sozialtraing mit Heike Cordes","publisher":{"@id":"http:\/\/maerchen-sozialtraining.de\/#\/schema\/person\/d6db61b2247e77be1317c8e08531254e"},"potentialAction":[{"@type":"SearchAction","target":{"@type":"EntryPoint","urlTemplate":"http:\/\/maerchen-sozialtraining.de\/?s={search_term_string}"},"query-input":{"@type":"PropertyValueSpecification","valueRequired":true,"valueName":"search_term_string"}}],"inLanguage":"de"},{"@type":["Person","Organization"],"@id":"http:\/\/maerchen-sozialtraining.de\/#\/schema\/person\/d6db61b2247e77be1317c8e08531254e","name":"Heike Cordes","image":{"@type":"ImageObject","inLanguage":"de","@id":"http:\/\/maerchen-sozialtraining.de\/#\/schema\/person\/image\/","url":"http:\/\/demo.jasmin-bleeke.de\/wp-content\/uploads\/2018\/10\/M\u00e4rchenabend-14-1024x683.jpg","contentUrl":"http:\/\/demo.jasmin-bleeke.de\/wp-content\/uploads\/2018\/10\/M\u00e4rchenabend-14-1024x683.jpg","width":1024,"height":683,"caption":"Heike Cordes"},"logo":{"@id":"http:\/\/maerchen-sozialtraining.de\/#\/schema\/person\/image\/"},"sameAs":["http:\/\/www.maerchen-sozialtraining.de","https:\/\/www.youtube.com\/channel\/UCgmmtQjGSU9yha2PtQkxw5A"]}]}},"_links":{"self":[{"href":"https:\/\/maerchen-sozialtraining.de\/index.php?rest_route=\/wp\/v2\/pages\/378","targetHints":{"allow":["GET"]}}],"collection":[{"href":"https:\/\/maerchen-sozialtraining.de\/index.php?rest_route=\/wp\/v2\/pages"}],"about":[{"href":"https:\/\/maerchen-sozialtraining.de\/index.php?rest_route=\/wp\/v2\/types\/page"}],"author":[{"embeddable":true,"href":"https:\/\/maerchen-sozialtraining.de\/index.php?rest_route=\/wp\/v2\/users\/1"}],"replies":[{"embeddable":true,"href":"https:\/\/maerchen-sozialtraining.de\/index.php?rest_route=%2Fwp%2Fv2%2Fcomments&post=378"}],"version-history":[{"count":6,"href":"https:\/\/maerchen-sozialtraining.de\/index.php?rest_route=\/wp\/v2\/pages\/378\/revisions"}],"predecessor-version":[{"id":456,"href":"https:\/\/maerchen-sozialtraining.de\/index.php?rest_route=\/wp\/v2\/pages\/378\/revisions\/456"}],"wp:featuredmedia":[{"embeddable":true,"href":"https:\/\/maerchen-sozialtraining.de\/index.php?rest_route=\/wp\/v2\/media\/320"}],"wp:attachment":[{"href":"https:\/\/maerchen-sozialtraining.de\/index.php?rest_route=%2Fwp%2Fv2%2Fmedia&parent=378"}],"curies":[{"name":"wp","href":"https:\/\/api.w.org\/{rel}","templated":true}]}}