{"id":363,"date":"2018-08-01T16:38:18","date_gmt":"2018-08-01T16:38:18","guid":{"rendered":"http:\/\/demo.jasmin-bleeke.de\/?page_id=363"},"modified":"2018-12-08T20:06:17","modified_gmt":"2018-12-08T20:06:17","slug":"einer-lehrkraft","status":"publish","type":"page","link":"https:\/\/maerchen-sozialtraining.de\/?page_id=363","title":{"rendered":"einer Lehrkraft"},"content":{"rendered":"<h1>Referenz einer Lehrkraft<\/h1>\n<p>Sozialtraining mit Frau Cordes legt versch\u00fcttetes frei, setzt neue Schwerpunkte, macht die Sicht klar, auch f\u00fcr die Lehrkraft.<\/p>\n<p>Susanne Schadde, Klassenlehrein<\/p>\n","protected":false},"excerpt":{"rendered":"<p>Referenz einer Lehrkraft Sozialtraining mit Frau Cordes legt versch\u00fcttetes frei, setzt neue Schwerpunkte, macht die Sicht klar, auch f\u00fcr die Lehrkraft. Susanne Schadde, Klassenlehrein<\/p>\n","protected":false},"author":1,"featured_media":318,"parent":0,"menu_order":0,"comment_status":"closed","ping_status":"closed","template":"page-templates\/full-width-page.php","meta":{"footnotes":""},"class_list":["post-363","page","type-page","status-publish","has-post-thumbnail","hentry","with-featured-image"],"yoast_head":"<!-- This site is optimized with the Yoast SEO plugin v27.4 - https:\/\/yoast.com\/product\/yoast-seo-wordpress\/ -->\n<title>einer Lehrkraft - M\u00e4rchen &amp; Sozialtraining<\/title>\n<meta name=\"robots\" content=\"index, follow, max-snippet:-1, max-image-preview:large, max-video-preview:-1\" \/>\n<link rel=\"canonical\" href=\"http:\/\/maerchen-sozialtraining.de\/?page_id=363\" \/>\n<meta property=\"og:locale\" content=\"de_DE\" \/>\n<meta property=\"og:type\" content=\"article\" \/>\n<meta property=\"og:title\" content=\"einer Lehrkraft - M\u00e4rchen &amp; Sozialtraining\" \/>\n<meta property=\"og:description\" content=\"Referenz einer Lehrkraft Sozialtraining mit Frau Cordes legt versch\u00fcttetes frei, setzt neue Schwerpunkte, macht die Sicht klar, auch f\u00fcr die Lehrkraft. Susanne Schadde, Klassenlehrein\" \/>\n<meta property=\"og:url\" content=\"http:\/\/maerchen-sozialtraining.de\/?page_id=363\" \/>\n<meta property=\"og:site_name\" content=\"M\u00e4rchen &amp; Sozialtraining\" \/>\n<meta property=\"article:modified_time\" content=\"2018-12-08T20:06:17+00:00\" \/>\n<meta property=\"og:image\" content=\"http:\/\/maerchen-sozialtraining.de\/wp-content\/uploads\/2018\/07\/IMG_6845-1024x683.jpg\" \/>\n\t<meta property=\"og:image:width\" content=\"1024\" \/>\n\t<meta property=\"og:image:height\" content=\"683\" \/>\n\t<meta property=\"og:image:type\" content=\"image\/jpeg\" \/>\n<meta name=\"twitter:card\" content=\"summary_large_image\" \/>\n<script type=\"application\/ld+json\" class=\"yoast-schema-graph\">{\"@context\":\"https:\\\/\\\/schema.org\",\"@graph\":[{\"@type\":\"WebPage\",\"@id\":\"http:\\\/\\\/maerchen-sozialtraining.de\\\/?page_id=363\",\"url\":\"http:\\\/\\\/maerchen-sozialtraining.de\\\/?page_id=363\",\"name\":\"einer Lehrkraft - M\u00e4rchen &amp; Sozialtraining\",\"isPartOf\":{\"@id\":\"http:\\\/\\\/maerchen-sozialtraining.de\\\/#website\"},\"primaryImageOfPage\":{\"@id\":\"http:\\\/\\\/maerchen-sozialtraining.de\\\/?page_id=363#primaryimage\"},\"image\":{\"@id\":\"http:\\\/\\\/maerchen-sozialtraining.de\\\/?page_id=363#primaryimage\"},\"thumbnailUrl\":\"https:\\\/\\\/maerchen-sozialtraining.de\\\/wp-content\\\/uploads\\\/2018\\\/07\\\/IMG_6845.jpg\",\"datePublished\":\"2018-08-01T16:38:18+00:00\",\"dateModified\":\"2018-12-08T20:06:17+00:00\",\"breadcrumb\":{\"@id\":\"http:\\\/\\\/maerchen-sozialtraining.de\\\/?page_id=363#breadcrumb\"},\"inLanguage\":\"de\",\"potentialAction\":[{\"@type\":\"ReadAction\",\"target\":[\"http:\\\/\\\/maerchen-sozialtraining.de\\\/?page_id=363\"]}]},{\"@type\":\"ImageObject\",\"inLanguage\":\"de\",\"@id\":\"http:\\\/\\\/maerchen-sozialtraining.de\\\/?page_id=363#primaryimage\",\"url\":\"https:\\\/\\\/maerchen-sozialtraining.de\\\/wp-content\\\/uploads\\\/2018\\\/07\\\/IMG_6845.jpg\",\"contentUrl\":\"https:\\\/\\\/maerchen-sozialtraining.de\\\/wp-content\\\/uploads\\\/2018\\\/07\\\/IMG_6845.jpg\",\"width\":4752,\"height\":3168},{\"@type\":\"BreadcrumbList\",\"@id\":\"http:\\\/\\\/maerchen-sozialtraining.de\\\/?page_id=363#breadcrumb\",\"itemListElement\":[{\"@type\":\"ListItem\",\"position\":1,\"name\":\"Startseite\",\"item\":\"http:\\\/\\\/maerchen-sozialtraining.de\\\/\"},{\"@type\":\"ListItem\",\"position\":2,\"name\":\"einer Lehrkraft\"}]},{\"@type\":\"WebSite\",\"@id\":\"http:\\\/\\\/maerchen-sozialtraining.de\\\/#website\",\"url\":\"http:\\\/\\\/maerchen-sozialtraining.de\\\/\",\"name\":\"M\u00e4rchen &amp; Sozialtraining\",\"description\":\"M\u00e4rchen und Sozialtraing mit Heike Cordes\",\"publisher\":{\"@id\":\"http:\\\/\\\/maerchen-sozialtraining.de\\\/#\\\/schema\\\/person\\\/d6db61b2247e77be1317c8e08531254e\"},\"potentialAction\":[{\"@type\":\"SearchAction\",\"target\":{\"@type\":\"EntryPoint\",\"urlTemplate\":\"http:\\\/\\\/maerchen-sozialtraining.de\\\/?s={search_term_string}\"},\"query-input\":{\"@type\":\"PropertyValueSpecification\",\"valueRequired\":true,\"valueName\":\"search_term_string\"}}],\"inLanguage\":\"de\"},{\"@type\":[\"Person\",\"Organization\"],\"@id\":\"http:\\\/\\\/maerchen-sozialtraining.de\\\/#\\\/schema\\\/person\\\/d6db61b2247e77be1317c8e08531254e\",\"name\":\"Heike Cordes\",\"image\":{\"@type\":\"ImageObject\",\"inLanguage\":\"de\",\"@id\":\"http:\\\/\\\/demo.jasmin-bleeke.de\\\/wp-content\\\/uploads\\\/2018\\\/10\\\/M\u00e4rchenabend-14-1024x683.jpg\",\"url\":\"http:\\\/\\\/demo.jasmin-bleeke.de\\\/wp-content\\\/uploads\\\/2018\\\/10\\\/M\u00e4rchenabend-14-1024x683.jpg\",\"contentUrl\":\"http:\\\/\\\/demo.jasmin-bleeke.de\\\/wp-content\\\/uploads\\\/2018\\\/10\\\/M\u00e4rchenabend-14-1024x683.jpg\",\"width\":1024,\"height\":683,\"caption\":\"Heike Cordes\"},\"logo\":{\"@id\":\"http:\\\/\\\/demo.jasmin-bleeke.de\\\/wp-content\\\/uploads\\\/2018\\\/10\\\/M\u00e4rchenabend-14-1024x683.jpg\"},\"sameAs\":[\"http:\\\/\\\/www.maerchen-sozialtraining.de\",\"https:\\\/\\\/www.youtube.com\\\/channel\\\/UCgmmtQjGSU9yha2PtQkxw5A\"]}]}<\/script>\n<!-- \/ Yoast SEO plugin. -->","yoast_head_json":{"title":"einer Lehrkraft - M\u00e4rchen &amp; Sozialtraining","robots":{"index":"index","follow":"follow","max-snippet":"max-snippet:-1","max-image-preview":"max-image-preview:large","max-video-preview":"max-video-preview:-1"},"canonical":"http:\/\/maerchen-sozialtraining.de\/?page_id=363","og_locale":"de_DE","og_type":"article","og_title":"einer Lehrkraft - M\u00e4rchen &amp; Sozialtraining","og_description":"Referenz einer Lehrkraft Sozialtraining mit Frau Cordes legt versch\u00fcttetes frei, setzt neue Schwerpunkte, macht die Sicht klar, auch f\u00fcr die Lehrkraft. Susanne Schadde, Klassenlehrein","og_url":"http:\/\/maerchen-sozialtraining.de\/?page_id=363","og_site_name":"M\u00e4rchen &amp; Sozialtraining","article_modified_time":"2018-12-08T20:06:17+00:00","og_image":[{"width":1024,"height":683,"url":"http:\/\/maerchen-sozialtraining.de\/wp-content\/uploads\/2018\/07\/IMG_6845-1024x683.jpg","type":"image\/jpeg"}],"twitter_card":"summary_large_image","schema":{"@context":"https:\/\/schema.org","@graph":[{"@type":"WebPage","@id":"http:\/\/maerchen-sozialtraining.de\/?page_id=363","url":"http:\/\/maerchen-sozialtraining.de\/?page_id=363","name":"einer Lehrkraft - M\u00e4rchen &amp; Sozialtraining","isPartOf":{"@id":"http:\/\/maerchen-sozialtraining.de\/#website"},"primaryImageOfPage":{"@id":"http:\/\/maerchen-sozialtraining.de\/?page_id=363#primaryimage"},"image":{"@id":"http:\/\/maerchen-sozialtraining.de\/?page_id=363#primaryimage"},"thumbnailUrl":"https:\/\/maerchen-sozialtraining.de\/wp-content\/uploads\/2018\/07\/IMG_6845.jpg","datePublished":"2018-08-01T16:38:18+00:00","dateModified":"2018-12-08T20:06:17+00:00","breadcrumb":{"@id":"http:\/\/maerchen-sozialtraining.de\/?page_id=363#breadcrumb"},"inLanguage":"de","potentialAction":[{"@type":"ReadAction","target":["http:\/\/maerchen-sozialtraining.de\/?page_id=363"]}]},{"@type":"ImageObject","inLanguage":"de","@id":"http:\/\/maerchen-sozialtraining.de\/?page_id=363#primaryimage","url":"https:\/\/maerchen-sozialtraining.de\/wp-content\/uploads\/2018\/07\/IMG_6845.jpg","contentUrl":"https:\/\/maerchen-sozialtraining.de\/wp-content\/uploads\/2018\/07\/IMG_6845.jpg","width":4752,"height":3168},{"@type":"BreadcrumbList","@id":"http:\/\/maerchen-sozialtraining.de\/?page_id=363#breadcrumb","itemListElement":[{"@type":"ListItem","position":1,"name":"Startseite","item":"http:\/\/maerchen-sozialtraining.de\/"},{"@type":"ListItem","position":2,"name":"einer Lehrkraft"}]},{"@type":"WebSite","@id":"http:\/\/maerchen-sozialtraining.de\/#website","url":"http:\/\/maerchen-sozialtraining.de\/","name":"M\u00e4rchen &amp; Sozialtraining","description":"M\u00e4rchen und Sozialtraing mit Heike Cordes","publisher":{"@id":"http:\/\/maerchen-sozialtraining.de\/#\/schema\/person\/d6db61b2247e77be1317c8e08531254e"},"potentialAction":[{"@type":"SearchAction","target":{"@type":"EntryPoint","urlTemplate":"http:\/\/maerchen-sozialtraining.de\/?s={search_term_string}"},"query-input":{"@type":"PropertyValueSpecification","valueRequired":true,"valueName":"search_term_string"}}],"inLanguage":"de"},{"@type":["Person","Organization"],"@id":"http:\/\/maerchen-sozialtraining.de\/#\/schema\/person\/d6db61b2247e77be1317c8e08531254e","name":"Heike Cordes","image":{"@type":"ImageObject","inLanguage":"de","@id":"http:\/\/demo.jasmin-bleeke.de\/wp-content\/uploads\/2018\/10\/M\u00e4rchenabend-14-1024x683.jpg","url":"http:\/\/demo.jasmin-bleeke.de\/wp-content\/uploads\/2018\/10\/M\u00e4rchenabend-14-1024x683.jpg","contentUrl":"http:\/\/demo.jasmin-bleeke.de\/wp-content\/uploads\/2018\/10\/M\u00e4rchenabend-14-1024x683.jpg","width":1024,"height":683,"caption":"Heike Cordes"},"logo":{"@id":"http:\/\/demo.jasmin-bleeke.de\/wp-content\/uploads\/2018\/10\/M\u00e4rchenabend-14-1024x683.jpg"},"sameAs":["http:\/\/www.maerchen-sozialtraining.de","https:\/\/www.youtube.com\/channel\/UCgmmtQjGSU9yha2PtQkxw5A"]}]}},"_links":{"self":[{"href":"https:\/\/maerchen-sozialtraining.de\/index.php?rest_route=\/wp\/v2\/pages\/363","targetHints":{"allow":["GET"]}}],"collection":[{"href":"https:\/\/maerchen-sozialtraining.de\/index.php?rest_route=\/wp\/v2\/pages"}],"about":[{"href":"https:\/\/maerchen-sozialtraining.de\/index.php?rest_route=\/wp\/v2\/types\/page"}],"author":[{"embeddable":true,"href":"https:\/\/maerchen-sozialtraining.de\/index.php?rest_route=\/wp\/v2\/users\/1"}],"replies":[{"embeddable":true,"href":"https:\/\/maerchen-sozialtraining.de\/index.php?rest_route=%2Fwp%2Fv2%2Fcomments&post=363"}],"version-history":[{"count":4,"href":"https:\/\/maerchen-sozialtraining.de\/index.php?rest_route=\/wp\/v2\/pages\/363\/revisions"}],"predecessor-version":[{"id":461,"href":"https:\/\/maerchen-sozialtraining.de\/index.php?rest_route=\/wp\/v2\/pages\/363\/revisions\/461"}],"wp:featuredmedia":[{"embeddable":true,"href":"https:\/\/maerchen-sozialtraining.de\/index.php?rest_route=\/wp\/v2\/media\/318"}],"wp:attachment":[{"href":"https:\/\/maerchen-sozialtraining.de\/index.php?rest_route=%2Fwp%2Fv2%2Fmedia&parent=363"}],"curies":[{"name":"wp","href":"https:\/\/api.w.org\/{rel}","templated":true}]}}