{"id":345,"date":"2018-07-30T20:37:40","date_gmt":"2018-07-30T20:37:40","guid":{"rendered":"http:\/\/demo.jasmin-bleeke.de\/?page_id=345"},"modified":"2018-12-08T19:26:50","modified_gmt":"2018-12-08T19:26:50","slug":"lichtvolle-maerchen","status":"publish","type":"page","link":"https:\/\/maerchen-sozialtraining.de\/?page_id=345","title":{"rendered":"Lichtvolle M\u00e4rchen"},"content":{"rendered":"<p>&nbsp;<\/p>\n<h3>\u201eLichtvolle M\u00e4rchen zur dunklen Jahreszeit\u201c<\/h3>\n<p><img loading=\"lazy\" decoding=\"async\" class=\"alignleft size-medium wp-image-110\" src=\"http:\/\/demo.jasmin-bleeke.de\/wp-content\/uploads\/2017\/11\/FullSizeRender-2-239x300.jpg\" alt=\"\" width=\"239\" height=\"300\" srcset=\"https:\/\/maerchen-sozialtraining.de\/wp-content\/uploads\/2017\/11\/FullSizeRender-2-239x300.jpg 239w, https:\/\/maerchen-sozialtraining.de\/wp-content\/uploads\/2017\/11\/FullSizeRender-2-768x963.jpg 768w, https:\/\/maerchen-sozialtraining.de\/wp-content\/uploads\/2017\/11\/FullSizeRender-2-816x1024.jpg 816w, https:\/\/maerchen-sozialtraining.de\/wp-content\/uploads\/2017\/11\/FullSizeRender-2-303x380.jpg 303w\" sizes=\"auto, (max-width: 239px) 100vw, 239px\" \/><\/p>\n<p>Bei den \u201eLichtvollen M\u00e4rchen zur dunklen Jahreszeit\u201c gibt es eine Rahmenhandlung mit einem M\u00e4rchen, in dem eine norwegische Natursage und eine Lehrgeschichte eingebettet sind. Die Hauptperson darin ist ein K\u00f6nigssohn, der aus dem sicheren elterlichen Umfeld, dem k\u00f6niglichen Schloss, auszieht, um die Welt kennenzulernen. Dabei trifft er auf einen alten Mann, der ihm wertvolle Lebensweisheiten mit auf den Weg gibt. In diesem M\u00e4rchen wird deutlich, dass man mit Mut, Neugierde auf das Leben und die Mitmenschen sowie Respekt und Vertrauen, kurz, dem inneren Licht, das Leben gut meistert und wertvolle Erfahrungen sammeln kann. Im M\u00e4rchen werden eigene Lieder und St\u00fccke aus der Gitarrenliteratur auf der Gitarre gespielt und z.T. auch mit den Kindern gesungen. Durch Kerzenlicht, dem M\u00e4rchen und der darauf abgestimmten Musik entsteht eine besonders sch\u00f6ne lichtvolle Atmosph\u00e4re.<\/p>\n","protected":false},"excerpt":{"rendered":"<p>&nbsp; \u201eLichtvolle M\u00e4rchen zur dunklen Jahreszeit\u201c Bei den \u201eLichtvollen M\u00e4rchen zur dunklen Jahreszeit\u201c gibt es eine Rahmenhandlung mit einem M\u00e4rchen, in dem eine norwegische Natursage und eine Lehrgeschichte eingebettet sind. Die Hauptperson darin ist ein K\u00f6nigssohn, der aus dem sicheren elterlichen Umfeld, dem k\u00f6niglichen Schloss, auszieht, um die Welt kennenzulernen. Dabei trifft er auf einen [&hellip;]<\/p>\n","protected":false},"author":1,"featured_media":0,"parent":0,"menu_order":0,"comment_status":"closed","ping_status":"closed","template":"","meta":{"footnotes":""},"class_list":["post-345","page","type-page","status-publish","hentry","without-featured-image"],"yoast_head":"<!-- This site is optimized with the Yoast SEO plugin v27.4 - https:\/\/yoast.com\/product\/yoast-seo-wordpress\/ -->\n<title>Lichtvolle M\u00e4rchen - M\u00e4rchen &amp; Sozialtraining<\/title>\n<meta name=\"robots\" content=\"index, follow, max-snippet:-1, max-image-preview:large, max-video-preview:-1\" \/>\n<link rel=\"canonical\" href=\"https:\/\/maerchen-sozialtraining.de\/?page_id=345\" \/>\n<meta property=\"og:locale\" content=\"de_DE\" \/>\n<meta property=\"og:type\" content=\"article\" \/>\n<meta property=\"og:title\" content=\"Lichtvolle M\u00e4rchen - M\u00e4rchen &amp; Sozialtraining\" \/>\n<meta property=\"og:description\" content=\"&nbsp; \u201eLichtvolle M\u00e4rchen zur dunklen Jahreszeit\u201c Bei den \u201eLichtvollen M\u00e4rchen zur dunklen Jahreszeit\u201c gibt es eine Rahmenhandlung mit einem M\u00e4rchen, in dem eine norwegische Natursage und eine Lehrgeschichte eingebettet sind. Die Hauptperson darin ist ein K\u00f6nigssohn, der aus dem sicheren elterlichen Umfeld, dem k\u00f6niglichen Schloss, auszieht, um die Welt kennenzulernen. Dabei trifft er auf einen [&hellip;]\" \/>\n<meta property=\"og:url\" content=\"https:\/\/maerchen-sozialtraining.de\/?page_id=345\" \/>\n<meta property=\"og:site_name\" content=\"M\u00e4rchen &amp; Sozialtraining\" \/>\n<meta property=\"article:modified_time\" content=\"2018-12-08T19:26:50+00:00\" \/>\n<meta property=\"og:image\" content=\"http:\/\/demo.jasmin-bleeke.de\/wp-content\/uploads\/2017\/11\/FullSizeRender-2-239x300.jpg\" \/>\n<meta name=\"twitter:card\" content=\"summary_large_image\" \/>\n<meta name=\"twitter:label1\" content=\"Gesch\u00e4tzte Lesezeit\" \/>\n\t<meta name=\"twitter:data1\" content=\"1\u00a0Minute\" \/>\n<script type=\"application\/ld+json\" class=\"yoast-schema-graph\">{\"@context\":\"https:\\\/\\\/schema.org\",\"@graph\":[{\"@type\":\"WebPage\",\"@id\":\"https:\\\/\\\/maerchen-sozialtraining.de\\\/?page_id=345\",\"url\":\"https:\\\/\\\/maerchen-sozialtraining.de\\\/?page_id=345\",\"name\":\"Lichtvolle M\u00e4rchen - M\u00e4rchen &amp; Sozialtraining\",\"isPartOf\":{\"@id\":\"http:\\\/\\\/maerchen-sozialtraining.de\\\/#website\"},\"primaryImageOfPage\":{\"@id\":\"https:\\\/\\\/maerchen-sozialtraining.de\\\/?page_id=345#primaryimage\"},\"image\":{\"@id\":\"https:\\\/\\\/maerchen-sozialtraining.de\\\/?page_id=345#primaryimage\"},\"thumbnailUrl\":\"http:\\\/\\\/demo.jasmin-bleeke.de\\\/wp-content\\\/uploads\\\/2017\\\/11\\\/FullSizeRender-2-239x300.jpg\",\"datePublished\":\"2018-07-30T20:37:40+00:00\",\"dateModified\":\"2018-12-08T19:26:50+00:00\",\"breadcrumb\":{\"@id\":\"https:\\\/\\\/maerchen-sozialtraining.de\\\/?page_id=345#breadcrumb\"},\"inLanguage\":\"de\",\"potentialAction\":[{\"@type\":\"ReadAction\",\"target\":[\"https:\\\/\\\/maerchen-sozialtraining.de\\\/?page_id=345\"]}]},{\"@type\":\"ImageObject\",\"inLanguage\":\"de\",\"@id\":\"https:\\\/\\\/maerchen-sozialtraining.de\\\/?page_id=345#primaryimage\",\"url\":\"http:\\\/\\\/demo.jasmin-bleeke.de\\\/wp-content\\\/uploads\\\/2017\\\/11\\\/FullSizeRender-2-239x300.jpg\",\"contentUrl\":\"http:\\\/\\\/demo.jasmin-bleeke.de\\\/wp-content\\\/uploads\\\/2017\\\/11\\\/FullSizeRender-2-239x300.jpg\"},{\"@type\":\"BreadcrumbList\",\"@id\":\"https:\\\/\\\/maerchen-sozialtraining.de\\\/?page_id=345#breadcrumb\",\"itemListElement\":[{\"@type\":\"ListItem\",\"position\":1,\"name\":\"Startseite\",\"item\":\"http:\\\/\\\/maerchen-sozialtraining.de\\\/\"},{\"@type\":\"ListItem\",\"position\":2,\"name\":\"Lichtvolle M\u00e4rchen\"}]},{\"@type\":\"WebSite\",\"@id\":\"http:\\\/\\\/maerchen-sozialtraining.de\\\/#website\",\"url\":\"http:\\\/\\\/maerchen-sozialtraining.de\\\/\",\"name\":\"M\u00e4rchen &amp; Sozialtraining\",\"description\":\"M\u00e4rchen und Sozialtraing mit Heike Cordes\",\"publisher\":{\"@id\":\"http:\\\/\\\/maerchen-sozialtraining.de\\\/#\\\/schema\\\/person\\\/d6db61b2247e77be1317c8e08531254e\"},\"potentialAction\":[{\"@type\":\"SearchAction\",\"target\":{\"@type\":\"EntryPoint\",\"urlTemplate\":\"http:\\\/\\\/maerchen-sozialtraining.de\\\/?s={search_term_string}\"},\"query-input\":{\"@type\":\"PropertyValueSpecification\",\"valueRequired\":true,\"valueName\":\"search_term_string\"}}],\"inLanguage\":\"de\"},{\"@type\":[\"Person\",\"Organization\"],\"@id\":\"http:\\\/\\\/maerchen-sozialtraining.de\\\/#\\\/schema\\\/person\\\/d6db61b2247e77be1317c8e08531254e\",\"name\":\"Heike Cordes\",\"image\":{\"@type\":\"ImageObject\",\"inLanguage\":\"de\",\"@id\":\"http:\\\/\\\/demo.jasmin-bleeke.de\\\/wp-content\\\/uploads\\\/2018\\\/10\\\/M\u00e4rchenabend-14-1024x683.jpg\",\"url\":\"http:\\\/\\\/demo.jasmin-bleeke.de\\\/wp-content\\\/uploads\\\/2018\\\/10\\\/M\u00e4rchenabend-14-1024x683.jpg\",\"contentUrl\":\"http:\\\/\\\/demo.jasmin-bleeke.de\\\/wp-content\\\/uploads\\\/2018\\\/10\\\/M\u00e4rchenabend-14-1024x683.jpg\",\"width\":1024,\"height\":683,\"caption\":\"Heike Cordes\"},\"logo\":{\"@id\":\"http:\\\/\\\/demo.jasmin-bleeke.de\\\/wp-content\\\/uploads\\\/2018\\\/10\\\/M\u00e4rchenabend-14-1024x683.jpg\"},\"sameAs\":[\"http:\\\/\\\/www.maerchen-sozialtraining.de\",\"https:\\\/\\\/www.youtube.com\\\/channel\\\/UCgmmtQjGSU9yha2PtQkxw5A\"]}]}<\/script>\n<!-- \/ Yoast SEO plugin. -->","yoast_head_json":{"title":"Lichtvolle M\u00e4rchen - M\u00e4rchen &amp; Sozialtraining","robots":{"index":"index","follow":"follow","max-snippet":"max-snippet:-1","max-image-preview":"max-image-preview:large","max-video-preview":"max-video-preview:-1"},"canonical":"https:\/\/maerchen-sozialtraining.de\/?page_id=345","og_locale":"de_DE","og_type":"article","og_title":"Lichtvolle M\u00e4rchen - M\u00e4rchen &amp; Sozialtraining","og_description":"&nbsp; \u201eLichtvolle M\u00e4rchen zur dunklen Jahreszeit\u201c Bei den \u201eLichtvollen M\u00e4rchen zur dunklen Jahreszeit\u201c gibt es eine Rahmenhandlung mit einem M\u00e4rchen, in dem eine norwegische Natursage und eine Lehrgeschichte eingebettet sind. Die Hauptperson darin ist ein K\u00f6nigssohn, der aus dem sicheren elterlichen Umfeld, dem k\u00f6niglichen Schloss, auszieht, um die Welt kennenzulernen. Dabei trifft er auf einen [&hellip;]","og_url":"https:\/\/maerchen-sozialtraining.de\/?page_id=345","og_site_name":"M\u00e4rchen &amp; Sozialtraining","article_modified_time":"2018-12-08T19:26:50+00:00","og_image":[{"url":"http:\/\/demo.jasmin-bleeke.de\/wp-content\/uploads\/2017\/11\/FullSizeRender-2-239x300.jpg","type":"","width":"","height":""}],"twitter_card":"summary_large_image","twitter_misc":{"Gesch\u00e4tzte Lesezeit":"1\u00a0Minute"},"schema":{"@context":"https:\/\/schema.org","@graph":[{"@type":"WebPage","@id":"https:\/\/maerchen-sozialtraining.de\/?page_id=345","url":"https:\/\/maerchen-sozialtraining.de\/?page_id=345","name":"Lichtvolle M\u00e4rchen - M\u00e4rchen &amp; Sozialtraining","isPartOf":{"@id":"http:\/\/maerchen-sozialtraining.de\/#website"},"primaryImageOfPage":{"@id":"https:\/\/maerchen-sozialtraining.de\/?page_id=345#primaryimage"},"image":{"@id":"https:\/\/maerchen-sozialtraining.de\/?page_id=345#primaryimage"},"thumbnailUrl":"http:\/\/demo.jasmin-bleeke.de\/wp-content\/uploads\/2017\/11\/FullSizeRender-2-239x300.jpg","datePublished":"2018-07-30T20:37:40+00:00","dateModified":"2018-12-08T19:26:50+00:00","breadcrumb":{"@id":"https:\/\/maerchen-sozialtraining.de\/?page_id=345#breadcrumb"},"inLanguage":"de","potentialAction":[{"@type":"ReadAction","target":["https:\/\/maerchen-sozialtraining.de\/?page_id=345"]}]},{"@type":"ImageObject","inLanguage":"de","@id":"https:\/\/maerchen-sozialtraining.de\/?page_id=345#primaryimage","url":"http:\/\/demo.jasmin-bleeke.de\/wp-content\/uploads\/2017\/11\/FullSizeRender-2-239x300.jpg","contentUrl":"http:\/\/demo.jasmin-bleeke.de\/wp-content\/uploads\/2017\/11\/FullSizeRender-2-239x300.jpg"},{"@type":"BreadcrumbList","@id":"https:\/\/maerchen-sozialtraining.de\/?page_id=345#breadcrumb","itemListElement":[{"@type":"ListItem","position":1,"name":"Startseite","item":"http:\/\/maerchen-sozialtraining.de\/"},{"@type":"ListItem","position":2,"name":"Lichtvolle M\u00e4rchen"}]},{"@type":"WebSite","@id":"http:\/\/maerchen-sozialtraining.de\/#website","url":"http:\/\/maerchen-sozialtraining.de\/","name":"M\u00e4rchen &amp; Sozialtraining","description":"M\u00e4rchen und Sozialtraing mit Heike Cordes","publisher":{"@id":"http:\/\/maerchen-sozialtraining.de\/#\/schema\/person\/d6db61b2247e77be1317c8e08531254e"},"potentialAction":[{"@type":"SearchAction","target":{"@type":"EntryPoint","urlTemplate":"http:\/\/maerchen-sozialtraining.de\/?s={search_term_string}"},"query-input":{"@type":"PropertyValueSpecification","valueRequired":true,"valueName":"search_term_string"}}],"inLanguage":"de"},{"@type":["Person","Organization"],"@id":"http:\/\/maerchen-sozialtraining.de\/#\/schema\/person\/d6db61b2247e77be1317c8e08531254e","name":"Heike Cordes","image":{"@type":"ImageObject","inLanguage":"de","@id":"http:\/\/demo.jasmin-bleeke.de\/wp-content\/uploads\/2018\/10\/M\u00e4rchenabend-14-1024x683.jpg","url":"http:\/\/demo.jasmin-bleeke.de\/wp-content\/uploads\/2018\/10\/M\u00e4rchenabend-14-1024x683.jpg","contentUrl":"http:\/\/demo.jasmin-bleeke.de\/wp-content\/uploads\/2018\/10\/M\u00e4rchenabend-14-1024x683.jpg","width":1024,"height":683,"caption":"Heike Cordes"},"logo":{"@id":"http:\/\/demo.jasmin-bleeke.de\/wp-content\/uploads\/2018\/10\/M\u00e4rchenabend-14-1024x683.jpg"},"sameAs":["http:\/\/www.maerchen-sozialtraining.de","https:\/\/www.youtube.com\/channel\/UCgmmtQjGSU9yha2PtQkxw5A"]}]}},"_links":{"self":[{"href":"https:\/\/maerchen-sozialtraining.de\/index.php?rest_route=\/wp\/v2\/pages\/345","targetHints":{"allow":["GET"]}}],"collection":[{"href":"https:\/\/maerchen-sozialtraining.de\/index.php?rest_route=\/wp\/v2\/pages"}],"about":[{"href":"https:\/\/maerchen-sozialtraining.de\/index.php?rest_route=\/wp\/v2\/types\/page"}],"author":[{"embeddable":true,"href":"https:\/\/maerchen-sozialtraining.de\/index.php?rest_route=\/wp\/v2\/users\/1"}],"replies":[{"embeddable":true,"href":"https:\/\/maerchen-sozialtraining.de\/index.php?rest_route=%2Fwp%2Fv2%2Fcomments&post=345"}],"version-history":[{"count":2,"href":"https:\/\/maerchen-sozialtraining.de\/index.php?rest_route=\/wp\/v2\/pages\/345\/revisions"}],"predecessor-version":[{"id":452,"href":"https:\/\/maerchen-sozialtraining.de\/index.php?rest_route=\/wp\/v2\/pages\/345\/revisions\/452"}],"wp:attachment":[{"href":"https:\/\/maerchen-sozialtraining.de\/index.php?rest_route=%2Fwp%2Fv2%2Fmedia&parent=345"}],"curies":[{"name":"wp","href":"https:\/\/api.w.org\/{rel}","templated":true}]}}