{"id":296,"date":"2018-07-16T19:23:25","date_gmt":"2018-07-16T19:23:25","guid":{"rendered":"http:\/\/demo.jasmin-bleeke.de\/?page_id=296"},"modified":"2018-12-08T19:26:11","modified_gmt":"2018-12-08T19:26:11","slug":"test","status":"publish","type":"page","link":"https:\/\/maerchen-sozialtraining.de\/?page_id=296","title":{"rendered":"Luisa auf der Suche&#8230;"},"content":{"rendered":"<h3>\u201eLuisa auf der Suche, was die Menschen verbindet\u201c<\/h3>\n<p>Das M\u00e4rchen handelt von einem M\u00e4dchen, das sich auf eine Abenteuerreise durch viele unterschiedliche L\u00e4nder begibt, um herauszubekommen, was die Menschen zusammenhalten l\u00e4sst. Sie trifft auf dieser Reise Menschen, die ihr etwas \u00fcber ihre Lebensumst\u00e4nde, ihre Vorstellung von Gl\u00fcck, Liebe und vom friedvollen Miteinander erz\u00e4hlen. Dabei lernen die Kinder etwas \u00fcber die verschiedenen Kulturen, Sitten und Br\u00e4uche. Sie lernen aber auch, dass es universelle Werte gibt, die die Menschen weltweit gemein haben. Dieses liebevolle und spannende M\u00e4rchen wird mit Gitarrenmusik aus den betreffenden L\u00e4ndern begleitet.<\/p>\n","protected":false},"excerpt":{"rendered":"<p>\u201eLuisa auf der Suche, was die Menschen verbindet\u201c Das M\u00e4rchen handelt von einem M\u00e4dchen, das sich auf eine Abenteuerreise durch viele unterschiedliche L\u00e4nder begibt, um herauszubekommen, was die Menschen zusammenhalten l\u00e4sst. Sie trifft auf dieser Reise Menschen, die ihr etwas \u00fcber ihre Lebensumst\u00e4nde, ihre Vorstellung von Gl\u00fcck, Liebe und vom friedvollen Miteinander erz\u00e4hlen. Dabei lernen [&hellip;]<\/p>\n","protected":false},"author":1,"featured_media":0,"parent":0,"menu_order":0,"comment_status":"closed","ping_status":"closed","template":"","meta":{"footnotes":""},"class_list":["post-296","page","type-page","status-publish","hentry","without-featured-image"],"yoast_head":"<!-- This site is optimized with the Yoast SEO plugin v26.1.1 - https:\/\/yoast.com\/wordpress\/plugins\/seo\/ -->\n<title>Luisa auf der Suche... - M\u00e4rchen &amp; Sozialtraining<\/title>\n<meta name=\"robots\" content=\"index, follow, max-snippet:-1, max-image-preview:large, max-video-preview:-1\" \/>\n<link rel=\"canonical\" href=\"http:\/\/maerchen-sozialtraining.de\/?page_id=296\" \/>\n<meta property=\"og:locale\" content=\"de_DE\" \/>\n<meta property=\"og:type\" content=\"article\" \/>\n<meta property=\"og:title\" content=\"Luisa auf der Suche... - M\u00e4rchen &amp; Sozialtraining\" \/>\n<meta property=\"og:description\" content=\"\u201eLuisa auf der Suche, was die Menschen verbindet\u201c Das M\u00e4rchen handelt von einem M\u00e4dchen, das sich auf eine Abenteuerreise durch viele unterschiedliche L\u00e4nder begibt, um herauszubekommen, was die Menschen zusammenhalten l\u00e4sst. Sie trifft auf dieser Reise Menschen, die ihr etwas \u00fcber ihre Lebensumst\u00e4nde, ihre Vorstellung von Gl\u00fcck, Liebe und vom friedvollen Miteinander erz\u00e4hlen. Dabei lernen [&hellip;]\" \/>\n<meta property=\"og:url\" content=\"http:\/\/maerchen-sozialtraining.de\/?page_id=296\" \/>\n<meta property=\"og:site_name\" content=\"M\u00e4rchen &amp; Sozialtraining\" \/>\n<meta property=\"article:modified_time\" content=\"2018-12-08T19:26:11+00:00\" \/>\n<meta name=\"twitter:card\" content=\"summary_large_image\" \/>\n<meta name=\"twitter:label1\" content=\"Gesch\u00e4tzte Lesezeit\" \/>\n\t<meta name=\"twitter:data1\" content=\"1\u00a0Minute\" \/>\n<script type=\"application\/ld+json\" class=\"yoast-schema-graph\">{\"@context\":\"https:\/\/schema.org\",\"@graph\":[{\"@type\":\"WebPage\",\"@id\":\"http:\/\/maerchen-sozialtraining.de\/?page_id=296\",\"url\":\"http:\/\/maerchen-sozialtraining.de\/?page_id=296\",\"name\":\"Luisa auf der Suche... - M\u00e4rchen &amp; Sozialtraining\",\"isPartOf\":{\"@id\":\"http:\/\/maerchen-sozialtraining.de\/#website\"},\"datePublished\":\"2018-07-16T19:23:25+00:00\",\"dateModified\":\"2018-12-08T19:26:11+00:00\",\"breadcrumb\":{\"@id\":\"http:\/\/maerchen-sozialtraining.de\/?page_id=296#breadcrumb\"},\"inLanguage\":\"de\",\"potentialAction\":[{\"@type\":\"ReadAction\",\"target\":[\"http:\/\/maerchen-sozialtraining.de\/?page_id=296\"]}]},{\"@type\":\"BreadcrumbList\",\"@id\":\"http:\/\/maerchen-sozialtraining.de\/?page_id=296#breadcrumb\",\"itemListElement\":[{\"@type\":\"ListItem\",\"position\":1,\"name\":\"Startseite\",\"item\":\"http:\/\/maerchen-sozialtraining.de\/\"},{\"@type\":\"ListItem\",\"position\":2,\"name\":\"Luisa auf der Suche&#8230;\"}]},{\"@type\":\"WebSite\",\"@id\":\"http:\/\/maerchen-sozialtraining.de\/#website\",\"url\":\"http:\/\/maerchen-sozialtraining.de\/\",\"name\":\"M\u00e4rchen &amp; Sozialtraining\",\"description\":\"M\u00e4rchen und Sozialtraing mit Heike Cordes\",\"publisher\":{\"@id\":\"http:\/\/maerchen-sozialtraining.de\/#\/schema\/person\/d6db61b2247e77be1317c8e08531254e\"},\"potentialAction\":[{\"@type\":\"SearchAction\",\"target\":{\"@type\":\"EntryPoint\",\"urlTemplate\":\"http:\/\/maerchen-sozialtraining.de\/?s={search_term_string}\"},\"query-input\":{\"@type\":\"PropertyValueSpecification\",\"valueRequired\":true,\"valueName\":\"search_term_string\"}}],\"inLanguage\":\"de\"},{\"@type\":[\"Person\",\"Organization\"],\"@id\":\"http:\/\/maerchen-sozialtraining.de\/#\/schema\/person\/d6db61b2247e77be1317c8e08531254e\",\"name\":\"Heike Cordes\",\"image\":{\"@type\":\"ImageObject\",\"inLanguage\":\"de\",\"@id\":\"http:\/\/maerchen-sozialtraining.de\/#\/schema\/person\/image\/\",\"url\":\"http:\/\/demo.jasmin-bleeke.de\/wp-content\/uploads\/2018\/10\/M\u00e4rchenabend-14-1024x683.jpg\",\"contentUrl\":\"http:\/\/demo.jasmin-bleeke.de\/wp-content\/uploads\/2018\/10\/M\u00e4rchenabend-14-1024x683.jpg\",\"width\":1024,\"height\":683,\"caption\":\"Heike Cordes\"},\"logo\":{\"@id\":\"http:\/\/maerchen-sozialtraining.de\/#\/schema\/person\/image\/\"},\"sameAs\":[\"http:\/\/www.maerchen-sozialtraining.de\",\"https:\/\/www.youtube.com\/channel\/UCgmmtQjGSU9yha2PtQkxw5A\"]}]}<\/script>\n<!-- \/ Yoast SEO plugin. -->","yoast_head_json":{"title":"Luisa auf der Suche... - M\u00e4rchen &amp; Sozialtraining","robots":{"index":"index","follow":"follow","max-snippet":"max-snippet:-1","max-image-preview":"max-image-preview:large","max-video-preview":"max-video-preview:-1"},"canonical":"http:\/\/maerchen-sozialtraining.de\/?page_id=296","og_locale":"de_DE","og_type":"article","og_title":"Luisa auf der Suche... - M\u00e4rchen &amp; Sozialtraining","og_description":"\u201eLuisa auf der Suche, was die Menschen verbindet\u201c Das M\u00e4rchen handelt von einem M\u00e4dchen, das sich auf eine Abenteuerreise durch viele unterschiedliche L\u00e4nder begibt, um herauszubekommen, was die Menschen zusammenhalten l\u00e4sst. Sie trifft auf dieser Reise Menschen, die ihr etwas \u00fcber ihre Lebensumst\u00e4nde, ihre Vorstellung von Gl\u00fcck, Liebe und vom friedvollen Miteinander erz\u00e4hlen. Dabei lernen [&hellip;]","og_url":"http:\/\/maerchen-sozialtraining.de\/?page_id=296","og_site_name":"M\u00e4rchen &amp; Sozialtraining","article_modified_time":"2018-12-08T19:26:11+00:00","twitter_card":"summary_large_image","twitter_misc":{"Gesch\u00e4tzte Lesezeit":"1\u00a0Minute"},"schema":{"@context":"https:\/\/schema.org","@graph":[{"@type":"WebPage","@id":"http:\/\/maerchen-sozialtraining.de\/?page_id=296","url":"http:\/\/maerchen-sozialtraining.de\/?page_id=296","name":"Luisa auf der Suche... - M\u00e4rchen &amp; Sozialtraining","isPartOf":{"@id":"http:\/\/maerchen-sozialtraining.de\/#website"},"datePublished":"2018-07-16T19:23:25+00:00","dateModified":"2018-12-08T19:26:11+00:00","breadcrumb":{"@id":"http:\/\/maerchen-sozialtraining.de\/?page_id=296#breadcrumb"},"inLanguage":"de","potentialAction":[{"@type":"ReadAction","target":["http:\/\/maerchen-sozialtraining.de\/?page_id=296"]}]},{"@type":"BreadcrumbList","@id":"http:\/\/maerchen-sozialtraining.de\/?page_id=296#breadcrumb","itemListElement":[{"@type":"ListItem","position":1,"name":"Startseite","item":"http:\/\/maerchen-sozialtraining.de\/"},{"@type":"ListItem","position":2,"name":"Luisa auf der Suche&#8230;"}]},{"@type":"WebSite","@id":"http:\/\/maerchen-sozialtraining.de\/#website","url":"http:\/\/maerchen-sozialtraining.de\/","name":"M\u00e4rchen &amp; Sozialtraining","description":"M\u00e4rchen und Sozialtraing mit Heike Cordes","publisher":{"@id":"http:\/\/maerchen-sozialtraining.de\/#\/schema\/person\/d6db61b2247e77be1317c8e08531254e"},"potentialAction":[{"@type":"SearchAction","target":{"@type":"EntryPoint","urlTemplate":"http:\/\/maerchen-sozialtraining.de\/?s={search_term_string}"},"query-input":{"@type":"PropertyValueSpecification","valueRequired":true,"valueName":"search_term_string"}}],"inLanguage":"de"},{"@type":["Person","Organization"],"@id":"http:\/\/maerchen-sozialtraining.de\/#\/schema\/person\/d6db61b2247e77be1317c8e08531254e","name":"Heike Cordes","image":{"@type":"ImageObject","inLanguage":"de","@id":"http:\/\/maerchen-sozialtraining.de\/#\/schema\/person\/image\/","url":"http:\/\/demo.jasmin-bleeke.de\/wp-content\/uploads\/2018\/10\/M\u00e4rchenabend-14-1024x683.jpg","contentUrl":"http:\/\/demo.jasmin-bleeke.de\/wp-content\/uploads\/2018\/10\/M\u00e4rchenabend-14-1024x683.jpg","width":1024,"height":683,"caption":"Heike Cordes"},"logo":{"@id":"http:\/\/maerchen-sozialtraining.de\/#\/schema\/person\/image\/"},"sameAs":["http:\/\/www.maerchen-sozialtraining.de","https:\/\/www.youtube.com\/channel\/UCgmmtQjGSU9yha2PtQkxw5A"]}]}},"_links":{"self":[{"href":"https:\/\/maerchen-sozialtraining.de\/index.php?rest_route=\/wp\/v2\/pages\/296","targetHints":{"allow":["GET"]}}],"collection":[{"href":"https:\/\/maerchen-sozialtraining.de\/index.php?rest_route=\/wp\/v2\/pages"}],"about":[{"href":"https:\/\/maerchen-sozialtraining.de\/index.php?rest_route=\/wp\/v2\/types\/page"}],"author":[{"embeddable":true,"href":"https:\/\/maerchen-sozialtraining.de\/index.php?rest_route=\/wp\/v2\/users\/1"}],"replies":[{"embeddable":true,"href":"https:\/\/maerchen-sozialtraining.de\/index.php?rest_route=%2Fwp%2Fv2%2Fcomments&post=296"}],"version-history":[{"count":3,"href":"https:\/\/maerchen-sozialtraining.de\/index.php?rest_route=\/wp\/v2\/pages\/296\/revisions"}],"predecessor-version":[{"id":451,"href":"https:\/\/maerchen-sozialtraining.de\/index.php?rest_route=\/wp\/v2\/pages\/296\/revisions\/451"}],"wp:attachment":[{"href":"https:\/\/maerchen-sozialtraining.de\/index.php?rest_route=%2Fwp%2Fv2%2Fmedia&parent=296"}],"curies":[{"name":"wp","href":"https:\/\/api.w.org\/{rel}","templated":true}]}}