{"id":13,"date":"2017-11-01T10:56:34","date_gmt":"2017-11-01T10:56:34","guid":{"rendered":"http:\/\/demo.jasmin-bleeke.de\/?page_id=13"},"modified":"2018-12-08T19:52:44","modified_gmt":"2018-12-08T19:52:44","slug":"zu-meiner-person","status":"publish","type":"page","link":"https:\/\/maerchen-sozialtraining.de\/?page_id=13","title":{"rendered":"Zu meiner Person"},"content":{"rendered":"<h1>Zu meiner Person<\/h1>\n<p>1975 bin ich im wundersch\u00f6nen Minden an der Weser geboren, zuerst erlernte ich den Beruf der Heilerziehungspflegerin und nach ein paar Jahren der Berufspraxis entschloss ich mich f\u00fcr das Studium zur Diplom Sozialp\u00e4dagogin. Jetzt wohne ich im sehr sch\u00f6nen Calenberger Land, am Fu\u00dfe des Deisters, mit meinem Sohn und Lebensgef\u00e4hrten.<\/p>\n<p>Seit 2007 bin ich als Schulsozialarbeiterin in Grundschulen t\u00e4tig, in meinem Berufsalltag konnte ich bis heute viele Erfahrungen \u00fcber die Bed\u00fcrfnisse und Probleme von Kindern und Schulklassen sameln. Zum Beginn meiner Berufspraxis f\u00fchrte ich unterschiedliche Sozialtrainingsprogramme in Schulklassen durch. Aufbauend auf diese Erfahrungen und mit meiner eigenen Kreativit\u00e4t konzipierte ich Sozialtrainingseinheiten, welche aufeinander aufbauen. Diese orientieren sich am aktuellen Bedarf der Schulklassen.<br \/>\nDie positive Resonanz der Kinder und die Freude an meiner Arbeit gaben mir den Ansporn Klassen- und Schulprojekte zu entwickeln und erfolgreich durchzuf\u00fchren. Meine Arbeit weckte Interesse in anderen Institutionen (z. B. Tagesgruppe, Jugendh\u00e4user, Horte, etc.), damit begann meine nebenberufliche T\u00e4tigkeit.<br \/>\nSeit 2012 bin ich angestellt im Fachbereich Jugend und Familie der Stadt Hannover und arbeite in einer Grundschule in Hannover, als Schulsozialarbeiterin. Au\u00dferdem bilde ich seit 2014 in meinem Team der Schulsozialarbeit andere Schulsozialarbeiter*innen fort, im Erlernen und Durchf\u00fchren von Sozialtrainingseinheiten.<\/p>\n<p>Im Jahre 2012 erg\u00e4nzte ich mein Repertoire mit einer M\u00e4rchenerz\u00e4hlerausbildung und mein Sozialtrainig in der Klassen wurden m\u00e4rchenhafter. Ich entwickelte den Projekttag <a href=\"http:\/\/demo.jasmin-bleeke.de\/?page_id=74\">\u201eDer Prinz\u201c <\/a>mit einem eigenen M\u00e4rchen, welchen ich bisher nicht nur in Schulklassen durchgef\u00fchrt habe, sondern auch mit anderen Gruppen (z.B. im Jugendzentrum als Ferienpassangebot).<\/p>\n<p>Im Januar 2013 hatte ich meinen ersten Auftritt mit den <a href=\"http:\/\/demo.jasmin-bleeke.de\/?page_id=71\">\u201eLichtvollen M\u00e4rchen zur dunklen Jahreszeit\u201c<\/a>, begleitet von einer Gitarristin. Mein Programm habe ich erweitert mit einem eigenen zweiten M\u00e4rchen <a href=\"http:\/\/demo.jasmin-bleeke.de\/?page_id=71\">\u201eLuisa auf der Suche was die Menschen verbindet\u201c.<\/a> Der Titel des M\u00e4rchens l\u00e4sst erahnen, dass ich darin meine Erfahrungen als Sozialp\u00e4dagogin und als M\u00e4rchenerz\u00e4hlerin vereint habe. Mit beiden M\u00e4rchen haben ich und die Gitarristin Negin Habibi mehrere wundersch\u00f6ne Auftritte in Kinderg\u00e4rten, im Krankenhaus, in einer Waldorfschule, im Taub- Blindenzentrum, in einer Sprachheilschule und in vielen unterschiedlichen Grundschulen veranstaltet. Dabei wurden wir von unterschiedlichen Stiftungen gef\u00f6rdert.<br \/>\nAktuell erweitere ich mein Programm mit klassischen M\u00e4rchen aus der Sammlung der Br\u00fcder Grimm und Lehr- und Weisheitsgeschichten. Damit ist es mir m\u00f6glich ein individuelles, abwechslungsreiches, themenbezogenes Programm anzubieten.<\/p>\n<p>Nun bin ich neugierig wie mein weiteres Leben verlaufen wird, vielleicht lerne ich Sie kennen???<\/p>\n","protected":false},"excerpt":{"rendered":"<p>Zu meiner Person 1975 bin ich im wundersch\u00f6nen Minden an der Weser geboren, zuerst erlernte ich den Beruf der Heilerziehungspflegerin und nach ein paar Jahren der Berufspraxis entschloss ich mich f\u00fcr das Studium zur Diplom Sozialp\u00e4dagogin. Jetzt wohne ich im sehr sch\u00f6nen Calenberger Land, am Fu\u00dfe des Deisters, mit meinem Sohn und Lebensgef\u00e4hrten. Seit 2007 [&hellip;]<\/p>\n","protected":false},"author":1,"featured_media":429,"parent":0,"menu_order":0,"comment_status":"closed","ping_status":"closed","template":"page-templates\/full-width-page.php","meta":{"footnotes":""},"class_list":["post-13","page","type-page","status-publish","has-post-thumbnail","hentry","with-featured-image"],"yoast_head":"<!-- This site is optimized with the Yoast SEO plugin v27.4 - https:\/\/yoast.com\/product\/yoast-seo-wordpress\/ -->\n<title>Zu meiner Person - M\u00e4rchen &amp; Sozialtraining<\/title>\n<meta name=\"robots\" content=\"index, follow, max-snippet:-1, max-image-preview:large, max-video-preview:-1\" \/>\n<link rel=\"canonical\" href=\"http:\/\/maerchen-sozialtraining.de\/?page_id=13\" \/>\n<meta property=\"og:locale\" content=\"de_DE\" \/>\n<meta property=\"og:type\" content=\"article\" \/>\n<meta property=\"og:title\" content=\"Zu meiner Person - M\u00e4rchen &amp; Sozialtraining\" \/>\n<meta property=\"og:description\" content=\"Zu meiner Person 1975 bin ich im wundersch\u00f6nen Minden an der Weser geboren, zuerst erlernte ich den Beruf der Heilerziehungspflegerin und nach ein paar Jahren der Berufspraxis entschloss ich mich f\u00fcr das Studium zur Diplom Sozialp\u00e4dagogin. Jetzt wohne ich im sehr sch\u00f6nen Calenberger Land, am Fu\u00dfe des Deisters, mit meinem Sohn und Lebensgef\u00e4hrten. Seit 2007 [&hellip;]\" \/>\n<meta property=\"og:url\" content=\"http:\/\/maerchen-sozialtraining.de\/?page_id=13\" \/>\n<meta property=\"og:site_name\" content=\"M\u00e4rchen &amp; Sozialtraining\" \/>\n<meta property=\"article:modified_time\" content=\"2018-12-08T19:52:44+00:00\" \/>\n<meta property=\"og:image\" content=\"http:\/\/maerchen-sozialtraining.de\/wp-content\/uploads\/2018\/08\/Heike.jpg\" \/>\n\t<meta property=\"og:image:width\" content=\"3386\" \/>\n\t<meta property=\"og:image:height\" content=\"1293\" \/>\n\t<meta property=\"og:image:type\" content=\"image\/jpeg\" \/>\n<meta name=\"twitter:card\" content=\"summary_large_image\" \/>\n<meta name=\"twitter:label1\" content=\"Gesch\u00e4tzte Lesezeit\" \/>\n\t<meta name=\"twitter:data1\" content=\"2\u00a0Minuten\" \/>\n<script type=\"application\/ld+json\" class=\"yoast-schema-graph\">{\"@context\":\"https:\\\/\\\/schema.org\",\"@graph\":[{\"@type\":\"WebPage\",\"@id\":\"http:\\\/\\\/maerchen-sozialtraining.de\\\/?page_id=13\",\"url\":\"http:\\\/\\\/maerchen-sozialtraining.de\\\/?page_id=13\",\"name\":\"Zu meiner Person - M\u00e4rchen &amp; Sozialtraining\",\"isPartOf\":{\"@id\":\"http:\\\/\\\/maerchen-sozialtraining.de\\\/#website\"},\"primaryImageOfPage\":{\"@id\":\"http:\\\/\\\/maerchen-sozialtraining.de\\\/?page_id=13#primaryimage\"},\"image\":{\"@id\":\"http:\\\/\\\/maerchen-sozialtraining.de\\\/?page_id=13#primaryimage\"},\"thumbnailUrl\":\"https:\\\/\\\/maerchen-sozialtraining.de\\\/wp-content\\\/uploads\\\/2018\\\/08\\\/Heike.jpg\",\"datePublished\":\"2017-11-01T10:56:34+00:00\",\"dateModified\":\"2018-12-08T19:52:44+00:00\",\"breadcrumb\":{\"@id\":\"http:\\\/\\\/maerchen-sozialtraining.de\\\/?page_id=13#breadcrumb\"},\"inLanguage\":\"de\",\"potentialAction\":[{\"@type\":\"ReadAction\",\"target\":[\"http:\\\/\\\/maerchen-sozialtraining.de\\\/?page_id=13\"]}]},{\"@type\":\"ImageObject\",\"inLanguage\":\"de\",\"@id\":\"http:\\\/\\\/maerchen-sozialtraining.de\\\/?page_id=13#primaryimage\",\"url\":\"https:\\\/\\\/maerchen-sozialtraining.de\\\/wp-content\\\/uploads\\\/2018\\\/08\\\/Heike.jpg\",\"contentUrl\":\"https:\\\/\\\/maerchen-sozialtraining.de\\\/wp-content\\\/uploads\\\/2018\\\/08\\\/Heike.jpg\",\"width\":3386,\"height\":1293},{\"@type\":\"BreadcrumbList\",\"@id\":\"http:\\\/\\\/maerchen-sozialtraining.de\\\/?page_id=13#breadcrumb\",\"itemListElement\":[{\"@type\":\"ListItem\",\"position\":1,\"name\":\"Startseite\",\"item\":\"http:\\\/\\\/maerchen-sozialtraining.de\\\/\"},{\"@type\":\"ListItem\",\"position\":2,\"name\":\"Zu meiner Person\"}]},{\"@type\":\"WebSite\",\"@id\":\"http:\\\/\\\/maerchen-sozialtraining.de\\\/#website\",\"url\":\"http:\\\/\\\/maerchen-sozialtraining.de\\\/\",\"name\":\"M\u00e4rchen &amp; Sozialtraining\",\"description\":\"M\u00e4rchen und Sozialtraing mit Heike Cordes\",\"publisher\":{\"@id\":\"http:\\\/\\\/maerchen-sozialtraining.de\\\/#\\\/schema\\\/person\\\/d6db61b2247e77be1317c8e08531254e\"},\"potentialAction\":[{\"@type\":\"SearchAction\",\"target\":{\"@type\":\"EntryPoint\",\"urlTemplate\":\"http:\\\/\\\/maerchen-sozialtraining.de\\\/?s={search_term_string}\"},\"query-input\":{\"@type\":\"PropertyValueSpecification\",\"valueRequired\":true,\"valueName\":\"search_term_string\"}}],\"inLanguage\":\"de\"},{\"@type\":[\"Person\",\"Organization\"],\"@id\":\"http:\\\/\\\/maerchen-sozialtraining.de\\\/#\\\/schema\\\/person\\\/d6db61b2247e77be1317c8e08531254e\",\"name\":\"Heike Cordes\",\"image\":{\"@type\":\"ImageObject\",\"inLanguage\":\"de\",\"@id\":\"http:\\\/\\\/demo.jasmin-bleeke.de\\\/wp-content\\\/uploads\\\/2018\\\/10\\\/M\u00e4rchenabend-14-1024x683.jpg\",\"url\":\"http:\\\/\\\/demo.jasmin-bleeke.de\\\/wp-content\\\/uploads\\\/2018\\\/10\\\/M\u00e4rchenabend-14-1024x683.jpg\",\"contentUrl\":\"http:\\\/\\\/demo.jasmin-bleeke.de\\\/wp-content\\\/uploads\\\/2018\\\/10\\\/M\u00e4rchenabend-14-1024x683.jpg\",\"width\":1024,\"height\":683,\"caption\":\"Heike Cordes\"},\"logo\":{\"@id\":\"http:\\\/\\\/demo.jasmin-bleeke.de\\\/wp-content\\\/uploads\\\/2018\\\/10\\\/M\u00e4rchenabend-14-1024x683.jpg\"},\"sameAs\":[\"http:\\\/\\\/www.maerchen-sozialtraining.de\",\"https:\\\/\\\/www.youtube.com\\\/channel\\\/UCgmmtQjGSU9yha2PtQkxw5A\"]}]}<\/script>\n<!-- \/ Yoast SEO plugin. -->","yoast_head_json":{"title":"Zu meiner Person - M\u00e4rchen &amp; Sozialtraining","robots":{"index":"index","follow":"follow","max-snippet":"max-snippet:-1","max-image-preview":"max-image-preview:large","max-video-preview":"max-video-preview:-1"},"canonical":"http:\/\/maerchen-sozialtraining.de\/?page_id=13","og_locale":"de_DE","og_type":"article","og_title":"Zu meiner Person - M\u00e4rchen &amp; Sozialtraining","og_description":"Zu meiner Person 1975 bin ich im wundersch\u00f6nen Minden an der Weser geboren, zuerst erlernte ich den Beruf der Heilerziehungspflegerin und nach ein paar Jahren der Berufspraxis entschloss ich mich f\u00fcr das Studium zur Diplom Sozialp\u00e4dagogin. Jetzt wohne ich im sehr sch\u00f6nen Calenberger Land, am Fu\u00dfe des Deisters, mit meinem Sohn und Lebensgef\u00e4hrten. Seit 2007 [&hellip;]","og_url":"http:\/\/maerchen-sozialtraining.de\/?page_id=13","og_site_name":"M\u00e4rchen &amp; Sozialtraining","article_modified_time":"2018-12-08T19:52:44+00:00","og_image":[{"width":3386,"height":1293,"url":"http:\/\/maerchen-sozialtraining.de\/wp-content\/uploads\/2018\/08\/Heike.jpg","type":"image\/jpeg"}],"twitter_card":"summary_large_image","twitter_misc":{"Gesch\u00e4tzte Lesezeit":"2\u00a0Minuten"},"schema":{"@context":"https:\/\/schema.org","@graph":[{"@type":"WebPage","@id":"http:\/\/maerchen-sozialtraining.de\/?page_id=13","url":"http:\/\/maerchen-sozialtraining.de\/?page_id=13","name":"Zu meiner Person - M\u00e4rchen &amp; Sozialtraining","isPartOf":{"@id":"http:\/\/maerchen-sozialtraining.de\/#website"},"primaryImageOfPage":{"@id":"http:\/\/maerchen-sozialtraining.de\/?page_id=13#primaryimage"},"image":{"@id":"http:\/\/maerchen-sozialtraining.de\/?page_id=13#primaryimage"},"thumbnailUrl":"https:\/\/maerchen-sozialtraining.de\/wp-content\/uploads\/2018\/08\/Heike.jpg","datePublished":"2017-11-01T10:56:34+00:00","dateModified":"2018-12-08T19:52:44+00:00","breadcrumb":{"@id":"http:\/\/maerchen-sozialtraining.de\/?page_id=13#breadcrumb"},"inLanguage":"de","potentialAction":[{"@type":"ReadAction","target":["http:\/\/maerchen-sozialtraining.de\/?page_id=13"]}]},{"@type":"ImageObject","inLanguage":"de","@id":"http:\/\/maerchen-sozialtraining.de\/?page_id=13#primaryimage","url":"https:\/\/maerchen-sozialtraining.de\/wp-content\/uploads\/2018\/08\/Heike.jpg","contentUrl":"https:\/\/maerchen-sozialtraining.de\/wp-content\/uploads\/2018\/08\/Heike.jpg","width":3386,"height":1293},{"@type":"BreadcrumbList","@id":"http:\/\/maerchen-sozialtraining.de\/?page_id=13#breadcrumb","itemListElement":[{"@type":"ListItem","position":1,"name":"Startseite","item":"http:\/\/maerchen-sozialtraining.de\/"},{"@type":"ListItem","position":2,"name":"Zu meiner Person"}]},{"@type":"WebSite","@id":"http:\/\/maerchen-sozialtraining.de\/#website","url":"http:\/\/maerchen-sozialtraining.de\/","name":"M\u00e4rchen &amp; Sozialtraining","description":"M\u00e4rchen und Sozialtraing mit Heike Cordes","publisher":{"@id":"http:\/\/maerchen-sozialtraining.de\/#\/schema\/person\/d6db61b2247e77be1317c8e08531254e"},"potentialAction":[{"@type":"SearchAction","target":{"@type":"EntryPoint","urlTemplate":"http:\/\/maerchen-sozialtraining.de\/?s={search_term_string}"},"query-input":{"@type":"PropertyValueSpecification","valueRequired":true,"valueName":"search_term_string"}}],"inLanguage":"de"},{"@type":["Person","Organization"],"@id":"http:\/\/maerchen-sozialtraining.de\/#\/schema\/person\/d6db61b2247e77be1317c8e08531254e","name":"Heike Cordes","image":{"@type":"ImageObject","inLanguage":"de","@id":"http:\/\/demo.jasmin-bleeke.de\/wp-content\/uploads\/2018\/10\/M\u00e4rchenabend-14-1024x683.jpg","url":"http:\/\/demo.jasmin-bleeke.de\/wp-content\/uploads\/2018\/10\/M\u00e4rchenabend-14-1024x683.jpg","contentUrl":"http:\/\/demo.jasmin-bleeke.de\/wp-content\/uploads\/2018\/10\/M\u00e4rchenabend-14-1024x683.jpg","width":1024,"height":683,"caption":"Heike Cordes"},"logo":{"@id":"http:\/\/demo.jasmin-bleeke.de\/wp-content\/uploads\/2018\/10\/M\u00e4rchenabend-14-1024x683.jpg"},"sameAs":["http:\/\/www.maerchen-sozialtraining.de","https:\/\/www.youtube.com\/channel\/UCgmmtQjGSU9yha2PtQkxw5A"]}]}},"_links":{"self":[{"href":"https:\/\/maerchen-sozialtraining.de\/index.php?rest_route=\/wp\/v2\/pages\/13","targetHints":{"allow":["GET"]}}],"collection":[{"href":"https:\/\/maerchen-sozialtraining.de\/index.php?rest_route=\/wp\/v2\/pages"}],"about":[{"href":"https:\/\/maerchen-sozialtraining.de\/index.php?rest_route=\/wp\/v2\/types\/page"}],"author":[{"embeddable":true,"href":"https:\/\/maerchen-sozialtraining.de\/index.php?rest_route=\/wp\/v2\/users\/1"}],"replies":[{"embeddable":true,"href":"https:\/\/maerchen-sozialtraining.de\/index.php?rest_route=%2Fwp%2Fv2%2Fcomments&post=13"}],"version-history":[{"count":9,"href":"https:\/\/maerchen-sozialtraining.de\/index.php?rest_route=\/wp\/v2\/pages\/13\/revisions"}],"predecessor-version":[{"id":459,"href":"https:\/\/maerchen-sozialtraining.de\/index.php?rest_route=\/wp\/v2\/pages\/13\/revisions\/459"}],"wp:featuredmedia":[{"embeddable":true,"href":"https:\/\/maerchen-sozialtraining.de\/index.php?rest_route=\/wp\/v2\/media\/429"}],"wp:attachment":[{"href":"https:\/\/maerchen-sozialtraining.de\/index.php?rest_route=%2Fwp%2Fv2%2Fmedia&parent=13"}],"curies":[{"name":"wp","href":"https:\/\/api.w.org\/{rel}","templated":true}]}}