{"id":11,"date":"2017-11-01T10:56:23","date_gmt":"2017-11-01T10:56:23","guid":{"rendered":"http:\/\/demo.jasmin-bleeke.de\/?page_id=11"},"modified":"2022-03-30T19:12:24","modified_gmt":"2022-03-30T19:12:24","slug":"maerchen","status":"publish","type":"page","link":"https:\/\/maerchen-sozialtraining.de\/?page_id=11","title":{"rendered":"M\u00e4rchen"},"content":{"rendered":"<p>Auf dieser Seite finden Sie eine \u00dcbersicht der&nbsp; vielf\u00e4ltigen Angebote, f\u00fcr welche Sie mich buchen k\u00f6nnen:<\/p>\n<h2 style=\"text-align: left;\">M\u00e4rchenprogramme<\/h2>\n<p><img loading=\"lazy\" decoding=\"async\" class=\"wp-image-110 size-medium alignleft\" src=\"http:\/\/demo.jasmin-bleeke.de\/wp-content\/uploads\/2017\/11\/FullSizeRender-2-239x300.jpg\" alt=\"\" width=\"239\" height=\"300\" srcset=\"https:\/\/maerchen-sozialtraining.de\/wp-content\/uploads\/2017\/11\/FullSizeRender-2-239x300.jpg 239w, https:\/\/maerchen-sozialtraining.de\/wp-content\/uploads\/2017\/11\/FullSizeRender-2-768x963.jpg 768w, https:\/\/maerchen-sozialtraining.de\/wp-content\/uploads\/2017\/11\/FullSizeRender-2-816x1024.jpg 816w, https:\/\/maerchen-sozialtraining.de\/wp-content\/uploads\/2017\/11\/FullSizeRender-2-303x380.jpg 303w\" sizes=\"auto, (max-width: 239px) 100vw, 239px\" \/><\/p>\n<p>Es gibt folgende zusammengestellte M\u00e4rchenprogramme:<\/p>\n<p><a href=\"http:\/\/demo.jasmin-bleeke.de\/?page_id=71\">&#8222;Lichtvolle M\u00e4rchen zur dunklen Jahreszeit&#8220; und &#8222;Luisa auf der Suche was die Menschen verbindet&#8220;.<\/a><\/p>\n<p><span style=\"color: #000000;\">Es gibt noch viele andere M\u00e4rchen in meiner Schatzkiste, diese k\u00f6nnen zu einem individuellen Programm zusammengestellt werden.<\/span><\/p>\n<p>&nbsp;<\/p>\n<p>&nbsp;<\/p>\n<p>&nbsp;<\/p>\n<h2>M\u00e4rchenSpiele<\/h2>\n<p><img loading=\"lazy\" decoding=\"async\" class=\"wp-image-207 size-medium alignleft\" src=\"http:\/\/demo.jasmin-bleeke.de\/wp-content\/uploads\/2018\/02\/Ma\u0308rchen-November-13-2017-800_7446-300x200.jpg\" alt=\"\" width=\"300\" height=\"200\" srcset=\"https:\/\/maerchen-sozialtraining.de\/wp-content\/uploads\/2018\/02\/Ma\u0308rchen-November-13-2017-800_7446-300x200.jpg 300w, https:\/\/maerchen-sozialtraining.de\/wp-content\/uploads\/2018\/02\/Ma\u0308rchen-November-13-2017-800_7446-768x513.jpg 768w, https:\/\/maerchen-sozialtraining.de\/wp-content\/uploads\/2018\/02\/Ma\u0308rchen-November-13-2017-800_7446-1024x684.jpg 1024w, https:\/\/maerchen-sozialtraining.de\/wp-content\/uploads\/2018\/02\/Ma\u0308rchen-November-13-2017-800_7446-569x380.jpg 569w\" sizes=\"auto, (max-width: 300px) 100vw, 300px\" \/><\/p>\n<p>Zu bestimmten M\u00e4rchen habe ich ein Spiel ausgearbeitet, so kann das M\u00e4rchen nochmal aktiv erlebt werden.<\/p>\n<p><a href=\"http:\/\/demo.jasmin-bleeke.de\/?page_id=74\">Erfahren Sie mehr zu den M\u00e4rchenspielen.<\/a><\/p>\n<p>&nbsp;<\/p>\n<h2><\/h2>\n<h2>Projekttage<\/h2>\n<p><img loading=\"lazy\" decoding=\"async\" class=\"wp-image-321 alignleft\" src=\"http:\/\/demo.jasmin-bleeke.de\/wp-content\/uploads\/2018\/07\/20180427_111155.jpg\" alt=\"\" width=\"315\" height=\"237\" srcset=\"https:\/\/maerchen-sozialtraining.de\/wp-content\/uploads\/2018\/07\/20180427_111155.jpg 2866w, https:\/\/maerchen-sozialtraining.de\/wp-content\/uploads\/2018\/07\/20180427_111155-300x225.jpg 300w, https:\/\/maerchen-sozialtraining.de\/wp-content\/uploads\/2018\/07\/20180427_111155-768x576.jpg 768w, https:\/\/maerchen-sozialtraining.de\/wp-content\/uploads\/2018\/07\/20180427_111155-1024x768.jpg 1024w, https:\/\/maerchen-sozialtraining.de\/wp-content\/uploads\/2018\/07\/20180427_111155-507x380.jpg 507w\" sizes=\"auto, (max-width: 315px) 100vw, 315px\" \/> F\u00fcr Kindergruppen, Schulklassen etc. gibt es auch die M\u00f6glichkeit M\u00e4rchenprojekttage zu buchen.<\/p>\n<p><a href=\"http:\/\/demo.jasmin-bleeke.de\/?page_id=75\">Lesen Sie mehr zu den Projekttagen<\/a><\/p>\n<p>&nbsp;<\/p>\n<p>&nbsp;<\/p>\n","protected":false},"excerpt":{"rendered":"<p>Auf dieser Seite finden Sie eine \u00dcbersicht der&nbsp; vielf\u00e4ltigen Angebote, f\u00fcr welche Sie mich buchen k\u00f6nnen: M\u00e4rchenprogramme Es gibt folgende zusammengestellte M\u00e4rchenprogramme: &#8222;Lichtvolle M\u00e4rchen zur dunklen Jahreszeit&#8220; und &#8222;Luisa auf der Suche was die Menschen verbindet&#8220;. Es gibt noch viele andere M\u00e4rchen in meiner Schatzkiste, diese k\u00f6nnen zu einem individuellen Programm zusammengestellt werden. &nbsp; &nbsp; [&hellip;]<\/p>\n","protected":false},"author":1,"featured_media":610,"parent":0,"menu_order":0,"comment_status":"closed","ping_status":"closed","template":"page-templates\/full-width-page.php","meta":{"footnotes":""},"class_list":["post-11","page","type-page","status-publish","has-post-thumbnail","hentry","with-featured-image"],"yoast_head":"<!-- This site is optimized with the Yoast SEO plugin v27.4 - https:\/\/yoast.com\/product\/yoast-seo-wordpress\/ -->\n<title>M\u00e4rchen - M\u00e4rchen &amp; Sozialtraining<\/title>\n<meta name=\"robots\" content=\"index, follow, max-snippet:-1, max-image-preview:large, max-video-preview:-1\" \/>\n<link rel=\"canonical\" href=\"https:\/\/maerchen-sozialtraining.de\/?page_id=11\" \/>\n<meta property=\"og:locale\" content=\"de_DE\" \/>\n<meta property=\"og:type\" content=\"article\" \/>\n<meta property=\"og:title\" content=\"M\u00e4rchen - M\u00e4rchen &amp; Sozialtraining\" \/>\n<meta property=\"og:description\" content=\"Auf dieser Seite finden Sie eine \u00dcbersicht der&nbsp; vielf\u00e4ltigen Angebote, f\u00fcr welche Sie mich buchen k\u00f6nnen: M\u00e4rchenprogramme Es gibt folgende zusammengestellte M\u00e4rchenprogramme: &#8222;Lichtvolle M\u00e4rchen zur dunklen Jahreszeit&#8220; und &#8222;Luisa auf der Suche was die Menschen verbindet&#8220;. Es gibt noch viele andere M\u00e4rchen in meiner Schatzkiste, diese k\u00f6nnen zu einem individuellen Programm zusammengestellt werden. &nbsp; &nbsp; [&hellip;]\" \/>\n<meta property=\"og:url\" content=\"https:\/\/maerchen-sozialtraining.de\/?page_id=11\" \/>\n<meta property=\"og:site_name\" content=\"M\u00e4rchen &amp; Sozialtraining\" \/>\n<meta property=\"article:modified_time\" content=\"2022-03-30T19:12:24+00:00\" \/>\n<meta property=\"og:image\" content=\"https:\/\/maerchen-sozialtraining.de\/wp-content\/uploads\/2022\/03\/A31A0811-9FBB-4DCB-B3B8-E5DF9BF43510-scaled-e1648667434643.jpeg\" \/>\n\t<meta property=\"og:image:width\" content=\"1920\" \/>\n\t<meta property=\"og:image:height\" content=\"908\" \/>\n\t<meta property=\"og:image:type\" content=\"image\/jpeg\" \/>\n<meta name=\"twitter:card\" content=\"summary_large_image\" \/>\n<meta name=\"twitter:label1\" content=\"Gesch\u00e4tzte Lesezeit\" \/>\n\t<meta name=\"twitter:data1\" content=\"2\u00a0Minuten\" \/>\n<script type=\"application\/ld+json\" class=\"yoast-schema-graph\">{\"@context\":\"https:\\\/\\\/schema.org\",\"@graph\":[{\"@type\":\"WebPage\",\"@id\":\"https:\\\/\\\/maerchen-sozialtraining.de\\\/?page_id=11\",\"url\":\"https:\\\/\\\/maerchen-sozialtraining.de\\\/?page_id=11\",\"name\":\"M\u00e4rchen - M\u00e4rchen &amp; Sozialtraining\",\"isPartOf\":{\"@id\":\"http:\\\/\\\/maerchen-sozialtraining.de\\\/#website\"},\"primaryImageOfPage\":{\"@id\":\"https:\\\/\\\/maerchen-sozialtraining.de\\\/?page_id=11#primaryimage\"},\"image\":{\"@id\":\"https:\\\/\\\/maerchen-sozialtraining.de\\\/?page_id=11#primaryimage\"},\"thumbnailUrl\":\"https:\\\/\\\/maerchen-sozialtraining.de\\\/wp-content\\\/uploads\\\/2022\\\/03\\\/A31A0811-9FBB-4DCB-B3B8-E5DF9BF43510-scaled-e1648667434643.jpeg\",\"datePublished\":\"2017-11-01T10:56:23+00:00\",\"dateModified\":\"2022-03-30T19:12:24+00:00\",\"breadcrumb\":{\"@id\":\"https:\\\/\\\/maerchen-sozialtraining.de\\\/?page_id=11#breadcrumb\"},\"inLanguage\":\"de\",\"potentialAction\":[{\"@type\":\"ReadAction\",\"target\":[\"https:\\\/\\\/maerchen-sozialtraining.de\\\/?page_id=11\"]}]},{\"@type\":\"ImageObject\",\"inLanguage\":\"de\",\"@id\":\"https:\\\/\\\/maerchen-sozialtraining.de\\\/?page_id=11#primaryimage\",\"url\":\"https:\\\/\\\/maerchen-sozialtraining.de\\\/wp-content\\\/uploads\\\/2022\\\/03\\\/A31A0811-9FBB-4DCB-B3B8-E5DF9BF43510-scaled-e1648667434643.jpeg\",\"contentUrl\":\"https:\\\/\\\/maerchen-sozialtraining.de\\\/wp-content\\\/uploads\\\/2022\\\/03\\\/A31A0811-9FBB-4DCB-B3B8-E5DF9BF43510-scaled-e1648667434643.jpeg\",\"width\":1920,\"height\":908},{\"@type\":\"BreadcrumbList\",\"@id\":\"https:\\\/\\\/maerchen-sozialtraining.de\\\/?page_id=11#breadcrumb\",\"itemListElement\":[{\"@type\":\"ListItem\",\"position\":1,\"name\":\"Startseite\",\"item\":\"http:\\\/\\\/maerchen-sozialtraining.de\\\/\"},{\"@type\":\"ListItem\",\"position\":2,\"name\":\"M\u00e4rchen\"}]},{\"@type\":\"WebSite\",\"@id\":\"http:\\\/\\\/maerchen-sozialtraining.de\\\/#website\",\"url\":\"http:\\\/\\\/maerchen-sozialtraining.de\\\/\",\"name\":\"M\u00e4rchen &amp; Sozialtraining\",\"description\":\"M\u00e4rchen und Sozialtraing mit Heike Cordes\",\"publisher\":{\"@id\":\"http:\\\/\\\/maerchen-sozialtraining.de\\\/#\\\/schema\\\/person\\\/d6db61b2247e77be1317c8e08531254e\"},\"potentialAction\":[{\"@type\":\"SearchAction\",\"target\":{\"@type\":\"EntryPoint\",\"urlTemplate\":\"http:\\\/\\\/maerchen-sozialtraining.de\\\/?s={search_term_string}\"},\"query-input\":{\"@type\":\"PropertyValueSpecification\",\"valueRequired\":true,\"valueName\":\"search_term_string\"}}],\"inLanguage\":\"de\"},{\"@type\":[\"Person\",\"Organization\"],\"@id\":\"http:\\\/\\\/maerchen-sozialtraining.de\\\/#\\\/schema\\\/person\\\/d6db61b2247e77be1317c8e08531254e\",\"name\":\"Heike Cordes\",\"image\":{\"@type\":\"ImageObject\",\"inLanguage\":\"de\",\"@id\":\"http:\\\/\\\/demo.jasmin-bleeke.de\\\/wp-content\\\/uploads\\\/2018\\\/10\\\/M\u00e4rchenabend-14-1024x683.jpg\",\"url\":\"http:\\\/\\\/demo.jasmin-bleeke.de\\\/wp-content\\\/uploads\\\/2018\\\/10\\\/M\u00e4rchenabend-14-1024x683.jpg\",\"contentUrl\":\"http:\\\/\\\/demo.jasmin-bleeke.de\\\/wp-content\\\/uploads\\\/2018\\\/10\\\/M\u00e4rchenabend-14-1024x683.jpg\",\"width\":1024,\"height\":683,\"caption\":\"Heike Cordes\"},\"logo\":{\"@id\":\"http:\\\/\\\/demo.jasmin-bleeke.de\\\/wp-content\\\/uploads\\\/2018\\\/10\\\/M\u00e4rchenabend-14-1024x683.jpg\"},\"sameAs\":[\"http:\\\/\\\/www.maerchen-sozialtraining.de\",\"https:\\\/\\\/www.youtube.com\\\/channel\\\/UCgmmtQjGSU9yha2PtQkxw5A\"]}]}<\/script>\n<!-- \/ Yoast SEO plugin. -->","yoast_head_json":{"title":"M\u00e4rchen - M\u00e4rchen &amp; Sozialtraining","robots":{"index":"index","follow":"follow","max-snippet":"max-snippet:-1","max-image-preview":"max-image-preview:large","max-video-preview":"max-video-preview:-1"},"canonical":"https:\/\/maerchen-sozialtraining.de\/?page_id=11","og_locale":"de_DE","og_type":"article","og_title":"M\u00e4rchen - M\u00e4rchen &amp; Sozialtraining","og_description":"Auf dieser Seite finden Sie eine \u00dcbersicht der&nbsp; vielf\u00e4ltigen Angebote, f\u00fcr welche Sie mich buchen k\u00f6nnen: M\u00e4rchenprogramme Es gibt folgende zusammengestellte M\u00e4rchenprogramme: &#8222;Lichtvolle M\u00e4rchen zur dunklen Jahreszeit&#8220; und &#8222;Luisa auf der Suche was die Menschen verbindet&#8220;. Es gibt noch viele andere M\u00e4rchen in meiner Schatzkiste, diese k\u00f6nnen zu einem individuellen Programm zusammengestellt werden. &nbsp; &nbsp; [&hellip;]","og_url":"https:\/\/maerchen-sozialtraining.de\/?page_id=11","og_site_name":"M\u00e4rchen &amp; Sozialtraining","article_modified_time":"2022-03-30T19:12:24+00:00","og_image":[{"width":1920,"height":908,"url":"https:\/\/maerchen-sozialtraining.de\/wp-content\/uploads\/2022\/03\/A31A0811-9FBB-4DCB-B3B8-E5DF9BF43510-scaled-e1648667434643.jpeg","type":"image\/jpeg"}],"twitter_card":"summary_large_image","twitter_misc":{"Gesch\u00e4tzte Lesezeit":"2\u00a0Minuten"},"schema":{"@context":"https:\/\/schema.org","@graph":[{"@type":"WebPage","@id":"https:\/\/maerchen-sozialtraining.de\/?page_id=11","url":"https:\/\/maerchen-sozialtraining.de\/?page_id=11","name":"M\u00e4rchen - M\u00e4rchen &amp; Sozialtraining","isPartOf":{"@id":"http:\/\/maerchen-sozialtraining.de\/#website"},"primaryImageOfPage":{"@id":"https:\/\/maerchen-sozialtraining.de\/?page_id=11#primaryimage"},"image":{"@id":"https:\/\/maerchen-sozialtraining.de\/?page_id=11#primaryimage"},"thumbnailUrl":"https:\/\/maerchen-sozialtraining.de\/wp-content\/uploads\/2022\/03\/A31A0811-9FBB-4DCB-B3B8-E5DF9BF43510-scaled-e1648667434643.jpeg","datePublished":"2017-11-01T10:56:23+00:00","dateModified":"2022-03-30T19:12:24+00:00","breadcrumb":{"@id":"https:\/\/maerchen-sozialtraining.de\/?page_id=11#breadcrumb"},"inLanguage":"de","potentialAction":[{"@type":"ReadAction","target":["https:\/\/maerchen-sozialtraining.de\/?page_id=11"]}]},{"@type":"ImageObject","inLanguage":"de","@id":"https:\/\/maerchen-sozialtraining.de\/?page_id=11#primaryimage","url":"https:\/\/maerchen-sozialtraining.de\/wp-content\/uploads\/2022\/03\/A31A0811-9FBB-4DCB-B3B8-E5DF9BF43510-scaled-e1648667434643.jpeg","contentUrl":"https:\/\/maerchen-sozialtraining.de\/wp-content\/uploads\/2022\/03\/A31A0811-9FBB-4DCB-B3B8-E5DF9BF43510-scaled-e1648667434643.jpeg","width":1920,"height":908},{"@type":"BreadcrumbList","@id":"https:\/\/maerchen-sozialtraining.de\/?page_id=11#breadcrumb","itemListElement":[{"@type":"ListItem","position":1,"name":"Startseite","item":"http:\/\/maerchen-sozialtraining.de\/"},{"@type":"ListItem","position":2,"name":"M\u00e4rchen"}]},{"@type":"WebSite","@id":"http:\/\/maerchen-sozialtraining.de\/#website","url":"http:\/\/maerchen-sozialtraining.de\/","name":"M\u00e4rchen &amp; Sozialtraining","description":"M\u00e4rchen und Sozialtraing mit Heike Cordes","publisher":{"@id":"http:\/\/maerchen-sozialtraining.de\/#\/schema\/person\/d6db61b2247e77be1317c8e08531254e"},"potentialAction":[{"@type":"SearchAction","target":{"@type":"EntryPoint","urlTemplate":"http:\/\/maerchen-sozialtraining.de\/?s={search_term_string}"},"query-input":{"@type":"PropertyValueSpecification","valueRequired":true,"valueName":"search_term_string"}}],"inLanguage":"de"},{"@type":["Person","Organization"],"@id":"http:\/\/maerchen-sozialtraining.de\/#\/schema\/person\/d6db61b2247e77be1317c8e08531254e","name":"Heike Cordes","image":{"@type":"ImageObject","inLanguage":"de","@id":"http:\/\/demo.jasmin-bleeke.de\/wp-content\/uploads\/2018\/10\/M\u00e4rchenabend-14-1024x683.jpg","url":"http:\/\/demo.jasmin-bleeke.de\/wp-content\/uploads\/2018\/10\/M\u00e4rchenabend-14-1024x683.jpg","contentUrl":"http:\/\/demo.jasmin-bleeke.de\/wp-content\/uploads\/2018\/10\/M\u00e4rchenabend-14-1024x683.jpg","width":1024,"height":683,"caption":"Heike Cordes"},"logo":{"@id":"http:\/\/demo.jasmin-bleeke.de\/wp-content\/uploads\/2018\/10\/M\u00e4rchenabend-14-1024x683.jpg"},"sameAs":["http:\/\/www.maerchen-sozialtraining.de","https:\/\/www.youtube.com\/channel\/UCgmmtQjGSU9yha2PtQkxw5A"]}]}},"_links":{"self":[{"href":"https:\/\/maerchen-sozialtraining.de\/index.php?rest_route=\/wp\/v2\/pages\/11","targetHints":{"allow":["GET"]}}],"collection":[{"href":"https:\/\/maerchen-sozialtraining.de\/index.php?rest_route=\/wp\/v2\/pages"}],"about":[{"href":"https:\/\/maerchen-sozialtraining.de\/index.php?rest_route=\/wp\/v2\/types\/page"}],"author":[{"embeddable":true,"href":"https:\/\/maerchen-sozialtraining.de\/index.php?rest_route=\/wp\/v2\/users\/1"}],"replies":[{"embeddable":true,"href":"https:\/\/maerchen-sozialtraining.de\/index.php?rest_route=%2Fwp%2Fv2%2Fcomments&post=11"}],"version-history":[{"count":19,"href":"https:\/\/maerchen-sozialtraining.de\/index.php?rest_route=\/wp\/v2\/pages\/11\/revisions"}],"predecessor-version":[{"id":617,"href":"https:\/\/maerchen-sozialtraining.de\/index.php?rest_route=\/wp\/v2\/pages\/11\/revisions\/617"}],"wp:featuredmedia":[{"embeddable":true,"href":"https:\/\/maerchen-sozialtraining.de\/index.php?rest_route=\/wp\/v2\/media\/610"}],"wp:attachment":[{"href":"https:\/\/maerchen-sozialtraining.de\/index.php?rest_route=%2Fwp%2Fv2%2Fmedia&parent=11"}],"curies":[{"name":"wp","href":"https:\/\/api.w.org\/{rel}","templated":true}]}}