{"id":74,"date":"2017-11-13T20:16:27","date_gmt":"2017-11-13T20:16:27","guid":{"rendered":"http:\/\/demo.jasmin-bleeke.de\/?page_id=74"},"modified":"2025-10-20T11:43:03","modified_gmt":"2025-10-20T11:43:03","slug":"maerchenspiele","status":"publish","type":"page","link":"http:\/\/maerchen-sozialtraining.de\/?page_id=74","title":{"rendered":"M\u00e4rchenspiele"},"content":{"rendered":"<h1>M\u00e4rchenspiele<\/h1>\n<p>Zum Anfang wird immer das jeweilige M\u00e4rchen mit Gitarrenbegleitung erz\u00e4hlt. Im Anschluss daran wird das M\u00e4rchen vertieft erlebt durch das Spiel. Daf\u00fcr gibt es ein gro\u00dfes Spielfeld mit dekorativen Gegenst\u00e4nden aus dem jeweiligen M\u00e4rchen, die Hauptfigur wird von der Gruppe gemeinsam gespielt. Sie darf dem gew\u00fcrfelten Wert entsprechend durch das Spielfeld ziehen und muss unterwegs, dem M\u00e4rchen entsprechen, Fragen beantworten und Aufgaben\/Pr\u00fcfungen bestehen.<\/p>\n<p>An einem Spiel k\u00f6nnen maximal 25 Personen teilnehmen, dabei handelt es sich immer um ein Kooperationsspiel, in dem nur die Teilnehmer gemeinsam gewinnen k\u00f6nnen.<\/p>\n<p>Diese Spiele bieten sich auch gut f\u00fcr generations\u00fcbergreifende Teilnehmer, wie z.B. Kinder und Senjoren, an.<\/p>\n<p>Wir haben f\u00fcr folgende M\u00e4rchen Spiele anzubieten:<\/p>\n<ul>\n<li>Die Bienenk\u00f6nigin<\/li>\n<li>Dornr\u00f6schen<\/li>\n<\/ul>\n<div class='white' style='background:rgba(0,0,0,0); border:solid 0px rgba(0,0,0,0); border-radius:0px; padding:0px 0px 0px 0px;'>\n<div id='slider_152' class='owl-carousel sa_owl_theme owl-pagination-true autohide-arrows' data-slider-id='slider_152' style='visibility:hidden;'>\n<div id='slider_152_slide01' class='sa_hover_container' style='padding:5% 5%; margin:0px 0%; background-image:url(&quot;http:\/\/maerchen-sozialtraining.de\/wp-content\/uploads\/2025\/10\/IMG_8752-scaled.jpg&quot;); background-position:center center; background-size:contain; background-repeat:no-repeat; '><p>&nbsp;<\/p>\r\n<p>&nbsp;<\/p>\r\n<p>&nbsp;<\/p>\r\n<p>&nbsp;<\/p>\r\n<p>&nbsp;<\/p>\r\n<p>&nbsp;<\/p>\r\n<p>&nbsp;<\/p>\r\n<p>&nbsp;<\/p>\r\n<p>&nbsp;<\/p><\/div>\n<div id='slider_152_slide02' class='sa_hover_container' style='padding:5% 5%; margin:0px 0%; background-image:url(&quot;http:\/\/maerchen-sozialtraining.de\/wp-content\/uploads\/2018\/07\/800_7497.jpg&quot;); background-position:center center; background-size:contain; background-repeat:no-repeat; '><p>&nbsp;<\/p>\r\n<p>&nbsp;<\/p>\r\n<p>&nbsp;<\/p>\r\n<p>&nbsp;<\/p>\r\n<p>&nbsp;<\/p>\r\n<p>&nbsp;<\/p>\r\n<p>&nbsp;<\/p>\r\n<p>&nbsp;<\/p>\r\n<p>&nbsp;<\/p><\/div>\n<div id='slider_152_slide03' class='sa_hover_container' style='padding:5% 5%; margin:0px 0%; background-image:url(&quot;http:\/\/maerchen-sozialtraining.de\/wp-content\/uploads\/2018\/07\/800_7484.jpg&quot;); background-position:center center; background-size:contain; background-repeat:no-repeat; '><p>&nbsp;<\/p>\r\n<p>&nbsp;<\/p>\r\n<p>&nbsp;<\/p>\r\n<p>&nbsp;<\/p>\r\n<p>&nbsp;<\/p>\r\n<p>&nbsp;<\/p>\r\n<p>&nbsp;<\/p>\r\n<p>&nbsp;<\/p>\r\n<p>&nbsp;<\/p><\/div>\n<div id='slider_152_slide04' class='sa_hover_container' style='padding:5% 5%; margin:0px 0%; background-image:url(&quot;http:\/\/maerchen-sozialtraining.de\/wp-content\/uploads\/2018\/07\/800_7446.jpg&quot;); background-position:center center; background-size:contain; background-repeat:no-repeat; '><p>&nbsp;<\/p>\r\n<p>&nbsp;<\/p>\r\n<p>&nbsp;<\/p>\r\n<p>&nbsp;<\/p>\r\n<p>&nbsp;<\/p>\r\n<p>&nbsp;<\/p><\/div>\n<div id='slider_152_slide05' class='sa_hover_container' style='padding:5% 5%; margin:0px 0%; background-image:url(&quot;http:\/\/maerchen-sozialtraining.de\/wp-content\/uploads\/2018\/07\/800_7466.jpg&quot;); background-position:center center; background-size:contain; background-repeat:no-repeat; '><p>&nbsp;<\/p>\r\n<p>&nbsp;<\/p>\r\n<p>&nbsp;<\/p>\r\n<p>&nbsp;<\/p>\r\n<p>&nbsp;<\/p>\r\n<p>&nbsp;<\/p><\/div>\n<\/div>\n<\/div>\n<script type='text\/javascript'>\n\tjQuery(document).ready(function() {\n\t\tjQuery('#slider_152').owlCarousel({\n\t\t\titems : 1,\n\t\t\tsmartSpeed : 1500,\n\t\t\tautoplay : true,\n\t\t\tautoplayTimeout : 5000,\n\t\t\tautoplayHoverPause : true,\n\t\t\tsmartSpeed : 1500,\n\t\t\tfluidSpeed : 1500,\n\t\t\tautoplaySpeed : 1500,\n\t\t\tnavSpeed : 1500,\n\t\t\tdotsSpeed : 1500,\n\t\t\tloop : true,\n\t\t\tnav : true,\n\t\t\tnavText : ['Previous','Next'],\n\t\t\tdots : true,\n\t\t\tresponsiveRefreshRate : 200,\n\t\t\tslideBy : 1,\n\t\t\tmergeFit : true,\n\t\t\tautoHeight : false,\n\t\t\tmouseDrag : true,\n\t\t\ttouchDrag : true\n\t\t});\n\t\tjQuery('#slider_152').css('visibility', 'visible');\n\t\tsa_resize_slider_152();\n\t\twindow.addEventListener('resize', sa_resize_slider_152);\n\t\tfunction sa_resize_slider_152() {\n\t\t\tvar min_height = 'aspect43';\n\t\t\tvar win_width = jQuery(window).width();\n\t\t\tvar slider_width = jQuery('#slider_152').width();\n\t\t\tif (win_width < 480) {\n\t\t\t\tvar slide_width = slider_width \/ 1;\n\t\t\t} else if (win_width < 768) {\n\t\t\t\tvar slide_width = slider_width \/ 1;\n\t\t\t} else if (win_width < 980) {\n\t\t\t\tvar slide_width = slider_width \/ 1;\n\t\t\t} else if (win_width < 1200) {\n\t\t\t\tvar slide_width = slider_width \/ 1;\n\t\t\t} else if (win_width < 1500) {\n\t\t\t\tvar slide_width = slider_width \/ 1;\n\t\t\t} else {\n\t\t\t\tvar slide_width = slider_width \/ 1;\n\t\t\t}\n\t\t\tslide_width = Math.round(slide_width);\n\t\t\tvar slide_height = '0';\n\t\t\tif (min_height == 'aspect43') {\n\t\t\t\tslide_height = (slide_width \/ 4) * 3;\t\t\t\tslide_height = Math.round(slide_height);\n\t\t\t} else if (min_height == 'aspect169') {\n\t\t\t\tslide_height = (slide_width \/ 16) * 9;\t\t\t\tslide_height = Math.round(slide_height);\n\t\t\t} else {\n\t\t\t\tslide_height = (slide_width \/ 100) * min_height;\t\t\t\tslide_height = Math.round(slide_height);\n\t\t\t}\n\t\t\tjQuery('#slider_152 .owl-item .sa_hover_container').css('min-height', slide_height+'px');\n\t\t}\n\t\tvar owl_goto = jQuery('#slider_152');\n\t\tjQuery('.slider_152_goto1').click(function(event){\n\t\t\towl_goto.trigger('to.owl.carousel', 0);\n\t\t});\n\t\tjQuery('.slider_152_goto2').click(function(event){\n\t\t\towl_goto.trigger('to.owl.carousel', 1);\n\t\t});\n\t\tjQuery('.slider_152_goto3').click(function(event){\n\t\t\towl_goto.trigger('to.owl.carousel', 2);\n\t\t});\n\t\tjQuery('.slider_152_goto4').click(function(event){\n\t\t\towl_goto.trigger('to.owl.carousel', 3);\n\t\t});\n\t\tjQuery('.slider_152_goto5').click(function(event){\n\t\t\towl_goto.trigger('to.owl.carousel', 4);\n\t\t});\n\t\tvar resize_152 = jQuery('.owl-carousel');\n\t\tresize_152.on('initialized.owl.carousel', function(e) {\n\t\t\tif (typeof(Event) === 'function') {\n\t\t\t\twindow.dispatchEvent(new Event('resize'));\n\t\t\t} else {\n\t\t\t\tvar evt = window.document.createEvent('UIEvents');\n\t\t\t\tevt.initUIEvent('resize', true, false, window, 0);\n\t\t\t\twindow.dispatchEvent(evt);\n\t\t\t}\n\t\t});\n\t});\n<\/script>\n\n","protected":false},"excerpt":{"rendered":"<p>M\u00e4rchenspiele Zum Anfang wird immer das jeweilige M\u00e4rchen mit Gitarrenbegleitung erz\u00e4hlt. Im Anschluss daran wird das M\u00e4rchen vertieft erlebt durch das Spiel. Daf\u00fcr gibt es ein gro\u00dfes Spielfeld mit dekorativen Gegenst\u00e4nden aus dem jeweiligen M\u00e4rchen, die Hauptfigur wird von der Gruppe gemeinsam gespielt. Sie darf dem gew\u00fcrfelten Wert entsprechend durch das Spielfeld ziehen und muss [&hellip;]<\/p>\n","protected":false},"author":1,"featured_media":0,"parent":11,"menu_order":0,"comment_status":"closed","ping_status":"closed","template":"","meta":{"footnotes":""},"class_list":["post-74","page","type-page","status-publish","hentry","without-featured-image"],"yoast_head":"<!-- This site is optimized with the Yoast SEO plugin v27.4 - https:\/\/yoast.com\/product\/yoast-seo-wordpress\/ -->\n<title>M\u00e4rchenspiele - M\u00e4rchen &amp; Sozialtraining<\/title>\n<meta name=\"robots\" content=\"index, follow, max-snippet:-1, max-image-preview:large, max-video-preview:-1\" \/>\n<link rel=\"canonical\" href=\"https:\/\/maerchen-sozialtraining.de\/?page_id=74\" \/>\n<meta property=\"og:locale\" content=\"de_DE\" \/>\n<meta property=\"og:type\" content=\"article\" \/>\n<meta property=\"og:title\" content=\"M\u00e4rchenspiele - M\u00e4rchen &amp; Sozialtraining\" \/>\n<meta property=\"og:description\" content=\"M\u00e4rchenspiele Zum Anfang wird immer das jeweilige M\u00e4rchen mit Gitarrenbegleitung erz\u00e4hlt. Im Anschluss daran wird das M\u00e4rchen vertieft erlebt durch das Spiel. Daf\u00fcr gibt es ein gro\u00dfes Spielfeld mit dekorativen Gegenst\u00e4nden aus dem jeweiligen M\u00e4rchen, die Hauptfigur wird von der Gruppe gemeinsam gespielt. Sie darf dem gew\u00fcrfelten Wert entsprechend durch das Spielfeld ziehen und muss [&hellip;]\" \/>\n<meta property=\"og:url\" content=\"https:\/\/maerchen-sozialtraining.de\/?page_id=74\" \/>\n<meta property=\"og:site_name\" content=\"M\u00e4rchen &amp; Sozialtraining\" \/>\n<meta property=\"article:modified_time\" content=\"2025-10-20T11:43:03+00:00\" \/>\n<meta name=\"twitter:card\" content=\"summary_large_image\" \/>\n<meta name=\"twitter:label1\" content=\"Gesch\u00e4tzte Lesezeit\" \/>\n\t<meta name=\"twitter:data1\" content=\"1\u00a0Minute\" \/>\n<script type=\"application\/ld+json\" class=\"yoast-schema-graph\">{\"@context\":\"https:\\\/\\\/schema.org\",\"@graph\":[{\"@type\":\"WebPage\",\"@id\":\"https:\\\/\\\/maerchen-sozialtraining.de\\\/?page_id=74\",\"url\":\"https:\\\/\\\/maerchen-sozialtraining.de\\\/?page_id=74\",\"name\":\"M\u00e4rchenspiele - M\u00e4rchen &amp; Sozialtraining\",\"isPartOf\":{\"@id\":\"http:\\\/\\\/maerchen-sozialtraining.de\\\/#website\"},\"datePublished\":\"2017-11-13T20:16:27+00:00\",\"dateModified\":\"2025-10-20T11:43:03+00:00\",\"breadcrumb\":{\"@id\":\"https:\\\/\\\/maerchen-sozialtraining.de\\\/?page_id=74#breadcrumb\"},\"inLanguage\":\"de\",\"potentialAction\":[{\"@type\":\"ReadAction\",\"target\":[\"https:\\\/\\\/maerchen-sozialtraining.de\\\/?page_id=74\"]}]},{\"@type\":\"BreadcrumbList\",\"@id\":\"https:\\\/\\\/maerchen-sozialtraining.de\\\/?page_id=74#breadcrumb\",\"itemListElement\":[{\"@type\":\"ListItem\",\"position\":1,\"name\":\"Startseite\",\"item\":\"http:\\\/\\\/maerchen-sozialtraining.de\\\/\"},{\"@type\":\"ListItem\",\"position\":2,\"name\":\"M\u00e4rchen\",\"item\":\"https:\\\/\\\/maerchen-sozialtraining.de\\\/?page_id=11\"},{\"@type\":\"ListItem\",\"position\":3,\"name\":\"M\u00e4rchenspiele\"}]},{\"@type\":\"WebSite\",\"@id\":\"http:\\\/\\\/maerchen-sozialtraining.de\\\/#website\",\"url\":\"http:\\\/\\\/maerchen-sozialtraining.de\\\/\",\"name\":\"M\u00e4rchen &amp; Sozialtraining\",\"description\":\"M\u00e4rchen und Sozialtraing mit Heike Cordes\",\"publisher\":{\"@id\":\"http:\\\/\\\/maerchen-sozialtraining.de\\\/#\\\/schema\\\/person\\\/d6db61b2247e77be1317c8e08531254e\"},\"potentialAction\":[{\"@type\":\"SearchAction\",\"target\":{\"@type\":\"EntryPoint\",\"urlTemplate\":\"http:\\\/\\\/maerchen-sozialtraining.de\\\/?s={search_term_string}\"},\"query-input\":{\"@type\":\"PropertyValueSpecification\",\"valueRequired\":true,\"valueName\":\"search_term_string\"}}],\"inLanguage\":\"de\"},{\"@type\":[\"Person\",\"Organization\"],\"@id\":\"http:\\\/\\\/maerchen-sozialtraining.de\\\/#\\\/schema\\\/person\\\/d6db61b2247e77be1317c8e08531254e\",\"name\":\"Heike Cordes\",\"image\":{\"@type\":\"ImageObject\",\"inLanguage\":\"de\",\"@id\":\"http:\\\/\\\/demo.jasmin-bleeke.de\\\/wp-content\\\/uploads\\\/2018\\\/10\\\/M\u00e4rchenabend-14-1024x683.jpg\",\"url\":\"http:\\\/\\\/demo.jasmin-bleeke.de\\\/wp-content\\\/uploads\\\/2018\\\/10\\\/M\u00e4rchenabend-14-1024x683.jpg\",\"contentUrl\":\"http:\\\/\\\/demo.jasmin-bleeke.de\\\/wp-content\\\/uploads\\\/2018\\\/10\\\/M\u00e4rchenabend-14-1024x683.jpg\",\"width\":1024,\"height\":683,\"caption\":\"Heike Cordes\"},\"logo\":{\"@id\":\"http:\\\/\\\/demo.jasmin-bleeke.de\\\/wp-content\\\/uploads\\\/2018\\\/10\\\/M\u00e4rchenabend-14-1024x683.jpg\"},\"sameAs\":[\"http:\\\/\\\/www.maerchen-sozialtraining.de\",\"https:\\\/\\\/www.youtube.com\\\/channel\\\/UCgmmtQjGSU9yha2PtQkxw5A\"]}]}<\/script>\n<!-- \/ Yoast SEO plugin. -->","yoast_head_json":{"title":"M\u00e4rchenspiele - M\u00e4rchen &amp; Sozialtraining","robots":{"index":"index","follow":"follow","max-snippet":"max-snippet:-1","max-image-preview":"max-image-preview:large","max-video-preview":"max-video-preview:-1"},"canonical":"https:\/\/maerchen-sozialtraining.de\/?page_id=74","og_locale":"de_DE","og_type":"article","og_title":"M\u00e4rchenspiele - M\u00e4rchen &amp; Sozialtraining","og_description":"M\u00e4rchenspiele Zum Anfang wird immer das jeweilige M\u00e4rchen mit Gitarrenbegleitung erz\u00e4hlt. Im Anschluss daran wird das M\u00e4rchen vertieft erlebt durch das Spiel. Daf\u00fcr gibt es ein gro\u00dfes Spielfeld mit dekorativen Gegenst\u00e4nden aus dem jeweiligen M\u00e4rchen, die Hauptfigur wird von der Gruppe gemeinsam gespielt. Sie darf dem gew\u00fcrfelten Wert entsprechend durch das Spielfeld ziehen und muss [&hellip;]","og_url":"https:\/\/maerchen-sozialtraining.de\/?page_id=74","og_site_name":"M\u00e4rchen &amp; Sozialtraining","article_modified_time":"2025-10-20T11:43:03+00:00","twitter_card":"summary_large_image","twitter_misc":{"Gesch\u00e4tzte Lesezeit":"1\u00a0Minute"},"schema":{"@context":"https:\/\/schema.org","@graph":[{"@type":"WebPage","@id":"https:\/\/maerchen-sozialtraining.de\/?page_id=74","url":"https:\/\/maerchen-sozialtraining.de\/?page_id=74","name":"M\u00e4rchenspiele - M\u00e4rchen &amp; Sozialtraining","isPartOf":{"@id":"http:\/\/maerchen-sozialtraining.de\/#website"},"datePublished":"2017-11-13T20:16:27+00:00","dateModified":"2025-10-20T11:43:03+00:00","breadcrumb":{"@id":"https:\/\/maerchen-sozialtraining.de\/?page_id=74#breadcrumb"},"inLanguage":"de","potentialAction":[{"@type":"ReadAction","target":["https:\/\/maerchen-sozialtraining.de\/?page_id=74"]}]},{"@type":"BreadcrumbList","@id":"https:\/\/maerchen-sozialtraining.de\/?page_id=74#breadcrumb","itemListElement":[{"@type":"ListItem","position":1,"name":"Startseite","item":"http:\/\/maerchen-sozialtraining.de\/"},{"@type":"ListItem","position":2,"name":"M\u00e4rchen","item":"https:\/\/maerchen-sozialtraining.de\/?page_id=11"},{"@type":"ListItem","position":3,"name":"M\u00e4rchenspiele"}]},{"@type":"WebSite","@id":"http:\/\/maerchen-sozialtraining.de\/#website","url":"http:\/\/maerchen-sozialtraining.de\/","name":"M\u00e4rchen &amp; Sozialtraining","description":"M\u00e4rchen und Sozialtraing mit Heike Cordes","publisher":{"@id":"http:\/\/maerchen-sozialtraining.de\/#\/schema\/person\/d6db61b2247e77be1317c8e08531254e"},"potentialAction":[{"@type":"SearchAction","target":{"@type":"EntryPoint","urlTemplate":"http:\/\/maerchen-sozialtraining.de\/?s={search_term_string}"},"query-input":{"@type":"PropertyValueSpecification","valueRequired":true,"valueName":"search_term_string"}}],"inLanguage":"de"},{"@type":["Person","Organization"],"@id":"http:\/\/maerchen-sozialtraining.de\/#\/schema\/person\/d6db61b2247e77be1317c8e08531254e","name":"Heike Cordes","image":{"@type":"ImageObject","inLanguage":"de","@id":"http:\/\/demo.jasmin-bleeke.de\/wp-content\/uploads\/2018\/10\/M\u00e4rchenabend-14-1024x683.jpg","url":"http:\/\/demo.jasmin-bleeke.de\/wp-content\/uploads\/2018\/10\/M\u00e4rchenabend-14-1024x683.jpg","contentUrl":"http:\/\/demo.jasmin-bleeke.de\/wp-content\/uploads\/2018\/10\/M\u00e4rchenabend-14-1024x683.jpg","width":1024,"height":683,"caption":"Heike Cordes"},"logo":{"@id":"http:\/\/demo.jasmin-bleeke.de\/wp-content\/uploads\/2018\/10\/M\u00e4rchenabend-14-1024x683.jpg"},"sameAs":["http:\/\/www.maerchen-sozialtraining.de","https:\/\/www.youtube.com\/channel\/UCgmmtQjGSU9yha2PtQkxw5A"]}]}},"_links":{"self":[{"href":"http:\/\/maerchen-sozialtraining.de\/index.php?rest_route=\/wp\/v2\/pages\/74","targetHints":{"allow":["GET"]}}],"collection":[{"href":"http:\/\/maerchen-sozialtraining.de\/index.php?rest_route=\/wp\/v2\/pages"}],"about":[{"href":"http:\/\/maerchen-sozialtraining.de\/index.php?rest_route=\/wp\/v2\/types\/page"}],"author":[{"embeddable":true,"href":"http:\/\/maerchen-sozialtraining.de\/index.php?rest_route=\/wp\/v2\/users\/1"}],"replies":[{"embeddable":true,"href":"http:\/\/maerchen-sozialtraining.de\/index.php?rest_route=%2Fwp%2Fv2%2Fcomments&post=74"}],"version-history":[{"count":14,"href":"http:\/\/maerchen-sozialtraining.de\/index.php?rest_route=\/wp\/v2\/pages\/74\/revisions"}],"predecessor-version":[{"id":672,"href":"http:\/\/maerchen-sozialtraining.de\/index.php?rest_route=\/wp\/v2\/pages\/74\/revisions\/672"}],"up":[{"embeddable":true,"href":"http:\/\/maerchen-sozialtraining.de\/index.php?rest_route=\/wp\/v2\/pages\/11"}],"wp:attachment":[{"href":"http:\/\/maerchen-sozialtraining.de\/index.php?rest_route=%2Fwp%2Fv2%2Fmedia&parent=74"}],"curies":[{"name":"wp","href":"https:\/\/api.w.org\/{rel}","templated":true}]}}