{"id":71,"date":"2017-11-13T20:16:27","date_gmt":"2017-11-13T20:16:27","guid":{"rendered":"http:\/\/demo.jasmin-bleeke.de\/?page_id=71"},"modified":"2025-10-20T11:45:12","modified_gmt":"2025-10-20T11:45:12","slug":"maerchenprogramme","status":"publish","type":"page","link":"http:\/\/maerchen-sozialtraining.de\/?page_id=71","title":{"rendered":"M\u00e4rchen f\u00fcr Schulen und Kinderg\u00e4rten"},"content":{"rendered":"<h3>M\u00e4rchenprogramme<\/h3>\n<p>F\u00fcr diese individuellen M\u00e4rchenvorstellungen gibt es die M\u00f6glichkeit dem Anlass ( Gebutstag, Abendveranstaltung, Weihnachtsfeier etc.)\u00a0 entsprechend ein M\u00e4rchenprogramm zu erstellen. Daf\u00fcr k\u00f6nnen Sie aus meiner M\u00e4rchenschatzkiste M\u00e4rchen der Br\u00fcder Grimm, Lehrgeschichten oder M\u00e4rchen aus anderen L\u00e4ndern ausw\u00e4hlen. Am liebsten erstelle ich Programme, welche sich an den Bed\u00fcrfnissen der Zuh\u00f6rer orientieren. Daf\u00fcr ein paar Beispiele:<\/p>\n<p><strong>F\u00fcr Schulklassen, oder Kindergruppen:<\/strong><\/p>\n<ul>\n<li>F\u00fcr 1. oder 2. Klassen k\u00f6nnen bekannte M\u00e4rchen wie z. B. Dornr\u00f6schen, Froschk\u00f6nig etc. erz\u00e4hlt werden.<\/li>\n<li>F\u00fcr 3. oder 4. Schulkassen zum Thema Mut, k\u00f6nnte das &#8222;Tapfere Schneiderlein&#8220; eingebettet in einem Rahmenprogramm erz\u00e4hlt werden.<\/li>\n<\/ul>\n<p><strong>Abendprogramme f\u00fcr Erwachsene<\/strong> mit M\u00e4rchen, Lehrgeschichten und Lieder zum Thema:<\/p>\n<ul>\n<li>Gl\u00fcck,<\/li>\n<li>Licht<\/li>\n<\/ul>\n<p>Nehmen Sie bitte daf\u00fcr \u00fcber <a href=\"http:\/\/demo.jasmin-bleeke.de\/?page_id=5\">das Kontaktformular<\/a> <span style=\"color: #ff0000;\"><span style=\"color: #000000;\">mit mir Kontakt auf und teilen Sie mir Ihre Vorstellungen mit.<\/span><\/span><\/p>\n<p>&nbsp;<\/p>\n<h4>Neben den individuellen M\u00e4rchenprogrammen gibt es:<\/h4>\n<ul>\n<li>Luisa, auf der Suche, was die Menschen verbindet, mehr dazu finden Sie <a href=\"http:\/\/demo.jasmin-bleeke.de\/?page_id=296\">hier&#8230;<\/a><\/li>\n<li>Lichtvolle M\u00e4rchen zur dunklen Jahreszeit, mehr dazu finden Sie <a href=\"http:\/\/demo.jasmin-bleeke.de\/?page_id=345\">hier&#8230;<\/a><\/li>\n<\/ul>\n<p>&nbsp;<\/p>\n","protected":false},"excerpt":{"rendered":"<p>M\u00e4rchenprogramme F\u00fcr diese individuellen M\u00e4rchenvorstellungen gibt es die M\u00f6glichkeit dem Anlass ( Gebutstag, Abendveranstaltung, Weihnachtsfeier etc.)\u00a0 entsprechend ein M\u00e4rchenprogramm zu erstellen. Daf\u00fcr k\u00f6nnen Sie aus meiner M\u00e4rchenschatzkiste M\u00e4rchen der Br\u00fcder Grimm, Lehrgeschichten oder M\u00e4rchen aus anderen L\u00e4ndern ausw\u00e4hlen. Am liebsten erstelle ich Programme, welche sich an den Bed\u00fcrfnissen der Zuh\u00f6rer orientieren. Daf\u00fcr ein paar Beispiele: [&hellip;]<\/p>\n","protected":false},"author":1,"featured_media":0,"parent":11,"menu_order":0,"comment_status":"closed","ping_status":"closed","template":"","meta":{"footnotes":""},"class_list":["post-71","page","type-page","status-publish","hentry","without-featured-image"],"yoast_head":"<!-- This site is optimized with the Yoast SEO plugin v27.4 - https:\/\/yoast.com\/product\/yoast-seo-wordpress\/ -->\n<title>M\u00e4rchen f\u00fcr Schulen und Kinderg\u00e4rten - M\u00e4rchen &amp; Sozialtraining<\/title>\n<meta name=\"robots\" content=\"index, follow, max-snippet:-1, max-image-preview:large, max-video-preview:-1\" \/>\n<link rel=\"canonical\" href=\"http:\/\/maerchen-sozialtraining.de\/?page_id=71\" \/>\n<meta property=\"og:locale\" content=\"de_DE\" \/>\n<meta property=\"og:type\" content=\"article\" \/>\n<meta property=\"og:title\" content=\"M\u00e4rchen f\u00fcr Schulen und Kinderg\u00e4rten - M\u00e4rchen &amp; Sozialtraining\" \/>\n<meta property=\"og:description\" content=\"M\u00e4rchenprogramme F\u00fcr diese individuellen M\u00e4rchenvorstellungen gibt es die M\u00f6glichkeit dem Anlass ( Gebutstag, Abendveranstaltung, Weihnachtsfeier etc.)\u00a0 entsprechend ein M\u00e4rchenprogramm zu erstellen. Daf\u00fcr k\u00f6nnen Sie aus meiner M\u00e4rchenschatzkiste M\u00e4rchen der Br\u00fcder Grimm, Lehrgeschichten oder M\u00e4rchen aus anderen L\u00e4ndern ausw\u00e4hlen. Am liebsten erstelle ich Programme, welche sich an den Bed\u00fcrfnissen der Zuh\u00f6rer orientieren. Daf\u00fcr ein paar Beispiele: [&hellip;]\" \/>\n<meta property=\"og:url\" content=\"http:\/\/maerchen-sozialtraining.de\/?page_id=71\" \/>\n<meta property=\"og:site_name\" content=\"M\u00e4rchen &amp; Sozialtraining\" \/>\n<meta property=\"article:modified_time\" content=\"2025-10-20T11:45:12+00:00\" \/>\n<meta name=\"twitter:card\" content=\"summary_large_image\" \/>\n<meta name=\"twitter:label1\" content=\"Gesch\u00e4tzte Lesezeit\" \/>\n\t<meta name=\"twitter:data1\" content=\"1\u00a0Minute\" \/>\n<script type=\"application\/ld+json\" class=\"yoast-schema-graph\">{\"@context\":\"https:\\\/\\\/schema.org\",\"@graph\":[{\"@type\":\"WebPage\",\"@id\":\"http:\\\/\\\/maerchen-sozialtraining.de\\\/?page_id=71\",\"url\":\"http:\\\/\\\/maerchen-sozialtraining.de\\\/?page_id=71\",\"name\":\"M\u00e4rchen f\u00fcr Schulen und Kinderg\u00e4rten - M\u00e4rchen &amp; Sozialtraining\",\"isPartOf\":{\"@id\":\"http:\\\/\\\/maerchen-sozialtraining.de\\\/#website\"},\"datePublished\":\"2017-11-13T20:16:27+00:00\",\"dateModified\":\"2025-10-20T11:45:12+00:00\",\"breadcrumb\":{\"@id\":\"http:\\\/\\\/maerchen-sozialtraining.de\\\/?page_id=71#breadcrumb\"},\"inLanguage\":\"de\",\"potentialAction\":[{\"@type\":\"ReadAction\",\"target\":[\"http:\\\/\\\/maerchen-sozialtraining.de\\\/?page_id=71\"]}]},{\"@type\":\"BreadcrumbList\",\"@id\":\"http:\\\/\\\/maerchen-sozialtraining.de\\\/?page_id=71#breadcrumb\",\"itemListElement\":[{\"@type\":\"ListItem\",\"position\":1,\"name\":\"Startseite\",\"item\":\"http:\\\/\\\/maerchen-sozialtraining.de\\\/\"},{\"@type\":\"ListItem\",\"position\":2,\"name\":\"M\u00e4rchen\",\"item\":\"https:\\\/\\\/maerchen-sozialtraining.de\\\/?page_id=11\"},{\"@type\":\"ListItem\",\"position\":3,\"name\":\"M\u00e4rchen f\u00fcr Schulen und Kinderg\u00e4rten\"}]},{\"@type\":\"WebSite\",\"@id\":\"http:\\\/\\\/maerchen-sozialtraining.de\\\/#website\",\"url\":\"http:\\\/\\\/maerchen-sozialtraining.de\\\/\",\"name\":\"M\u00e4rchen &amp; Sozialtraining\",\"description\":\"M\u00e4rchen und Sozialtraing mit Heike Cordes\",\"publisher\":{\"@id\":\"http:\\\/\\\/maerchen-sozialtraining.de\\\/#\\\/schema\\\/person\\\/d6db61b2247e77be1317c8e08531254e\"},\"potentialAction\":[{\"@type\":\"SearchAction\",\"target\":{\"@type\":\"EntryPoint\",\"urlTemplate\":\"http:\\\/\\\/maerchen-sozialtraining.de\\\/?s={search_term_string}\"},\"query-input\":{\"@type\":\"PropertyValueSpecification\",\"valueRequired\":true,\"valueName\":\"search_term_string\"}}],\"inLanguage\":\"de\"},{\"@type\":[\"Person\",\"Organization\"],\"@id\":\"http:\\\/\\\/maerchen-sozialtraining.de\\\/#\\\/schema\\\/person\\\/d6db61b2247e77be1317c8e08531254e\",\"name\":\"Heike Cordes\",\"image\":{\"@type\":\"ImageObject\",\"inLanguage\":\"de\",\"@id\":\"http:\\\/\\\/demo.jasmin-bleeke.de\\\/wp-content\\\/uploads\\\/2018\\\/10\\\/M\u00e4rchenabend-14-1024x683.jpg\",\"url\":\"http:\\\/\\\/demo.jasmin-bleeke.de\\\/wp-content\\\/uploads\\\/2018\\\/10\\\/M\u00e4rchenabend-14-1024x683.jpg\",\"contentUrl\":\"http:\\\/\\\/demo.jasmin-bleeke.de\\\/wp-content\\\/uploads\\\/2018\\\/10\\\/M\u00e4rchenabend-14-1024x683.jpg\",\"width\":1024,\"height\":683,\"caption\":\"Heike Cordes\"},\"logo\":{\"@id\":\"http:\\\/\\\/demo.jasmin-bleeke.de\\\/wp-content\\\/uploads\\\/2018\\\/10\\\/M\u00e4rchenabend-14-1024x683.jpg\"},\"sameAs\":[\"http:\\\/\\\/www.maerchen-sozialtraining.de\",\"https:\\\/\\\/www.youtube.com\\\/channel\\\/UCgmmtQjGSU9yha2PtQkxw5A\"]}]}<\/script>\n<!-- \/ Yoast SEO plugin. -->","yoast_head_json":{"title":"M\u00e4rchen f\u00fcr Schulen und Kinderg\u00e4rten - M\u00e4rchen &amp; Sozialtraining","robots":{"index":"index","follow":"follow","max-snippet":"max-snippet:-1","max-image-preview":"max-image-preview:large","max-video-preview":"max-video-preview:-1"},"canonical":"http:\/\/maerchen-sozialtraining.de\/?page_id=71","og_locale":"de_DE","og_type":"article","og_title":"M\u00e4rchen f\u00fcr Schulen und Kinderg\u00e4rten - M\u00e4rchen &amp; Sozialtraining","og_description":"M\u00e4rchenprogramme F\u00fcr diese individuellen M\u00e4rchenvorstellungen gibt es die M\u00f6glichkeit dem Anlass ( Gebutstag, Abendveranstaltung, Weihnachtsfeier etc.)\u00a0 entsprechend ein M\u00e4rchenprogramm zu erstellen. Daf\u00fcr k\u00f6nnen Sie aus meiner M\u00e4rchenschatzkiste M\u00e4rchen der Br\u00fcder Grimm, Lehrgeschichten oder M\u00e4rchen aus anderen L\u00e4ndern ausw\u00e4hlen. Am liebsten erstelle ich Programme, welche sich an den Bed\u00fcrfnissen der Zuh\u00f6rer orientieren. Daf\u00fcr ein paar Beispiele: [&hellip;]","og_url":"http:\/\/maerchen-sozialtraining.de\/?page_id=71","og_site_name":"M\u00e4rchen &amp; Sozialtraining","article_modified_time":"2025-10-20T11:45:12+00:00","twitter_card":"summary_large_image","twitter_misc":{"Gesch\u00e4tzte Lesezeit":"1\u00a0Minute"},"schema":{"@context":"https:\/\/schema.org","@graph":[{"@type":"WebPage","@id":"http:\/\/maerchen-sozialtraining.de\/?page_id=71","url":"http:\/\/maerchen-sozialtraining.de\/?page_id=71","name":"M\u00e4rchen f\u00fcr Schulen und Kinderg\u00e4rten - M\u00e4rchen &amp; Sozialtraining","isPartOf":{"@id":"http:\/\/maerchen-sozialtraining.de\/#website"},"datePublished":"2017-11-13T20:16:27+00:00","dateModified":"2025-10-20T11:45:12+00:00","breadcrumb":{"@id":"http:\/\/maerchen-sozialtraining.de\/?page_id=71#breadcrumb"},"inLanguage":"de","potentialAction":[{"@type":"ReadAction","target":["http:\/\/maerchen-sozialtraining.de\/?page_id=71"]}]},{"@type":"BreadcrumbList","@id":"http:\/\/maerchen-sozialtraining.de\/?page_id=71#breadcrumb","itemListElement":[{"@type":"ListItem","position":1,"name":"Startseite","item":"http:\/\/maerchen-sozialtraining.de\/"},{"@type":"ListItem","position":2,"name":"M\u00e4rchen","item":"https:\/\/maerchen-sozialtraining.de\/?page_id=11"},{"@type":"ListItem","position":3,"name":"M\u00e4rchen f\u00fcr Schulen und Kinderg\u00e4rten"}]},{"@type":"WebSite","@id":"http:\/\/maerchen-sozialtraining.de\/#website","url":"http:\/\/maerchen-sozialtraining.de\/","name":"M\u00e4rchen &amp; Sozialtraining","description":"M\u00e4rchen und Sozialtraing mit Heike Cordes","publisher":{"@id":"http:\/\/maerchen-sozialtraining.de\/#\/schema\/person\/d6db61b2247e77be1317c8e08531254e"},"potentialAction":[{"@type":"SearchAction","target":{"@type":"EntryPoint","urlTemplate":"http:\/\/maerchen-sozialtraining.de\/?s={search_term_string}"},"query-input":{"@type":"PropertyValueSpecification","valueRequired":true,"valueName":"search_term_string"}}],"inLanguage":"de"},{"@type":["Person","Organization"],"@id":"http:\/\/maerchen-sozialtraining.de\/#\/schema\/person\/d6db61b2247e77be1317c8e08531254e","name":"Heike Cordes","image":{"@type":"ImageObject","inLanguage":"de","@id":"http:\/\/demo.jasmin-bleeke.de\/wp-content\/uploads\/2018\/10\/M\u00e4rchenabend-14-1024x683.jpg","url":"http:\/\/demo.jasmin-bleeke.de\/wp-content\/uploads\/2018\/10\/M\u00e4rchenabend-14-1024x683.jpg","contentUrl":"http:\/\/demo.jasmin-bleeke.de\/wp-content\/uploads\/2018\/10\/M\u00e4rchenabend-14-1024x683.jpg","width":1024,"height":683,"caption":"Heike Cordes"},"logo":{"@id":"http:\/\/demo.jasmin-bleeke.de\/wp-content\/uploads\/2018\/10\/M\u00e4rchenabend-14-1024x683.jpg"},"sameAs":["http:\/\/www.maerchen-sozialtraining.de","https:\/\/www.youtube.com\/channel\/UCgmmtQjGSU9yha2PtQkxw5A"]}]}},"_links":{"self":[{"href":"http:\/\/maerchen-sozialtraining.de\/index.php?rest_route=\/wp\/v2\/pages\/71","targetHints":{"allow":["GET"]}}],"collection":[{"href":"http:\/\/maerchen-sozialtraining.de\/index.php?rest_route=\/wp\/v2\/pages"}],"about":[{"href":"http:\/\/maerchen-sozialtraining.de\/index.php?rest_route=\/wp\/v2\/types\/page"}],"author":[{"embeddable":true,"href":"http:\/\/maerchen-sozialtraining.de\/index.php?rest_route=\/wp\/v2\/users\/1"}],"replies":[{"embeddable":true,"href":"http:\/\/maerchen-sozialtraining.de\/index.php?rest_route=%2Fwp%2Fv2%2Fcomments&post=71"}],"version-history":[{"count":15,"href":"http:\/\/maerchen-sozialtraining.de\/index.php?rest_route=\/wp\/v2\/pages\/71\/revisions"}],"predecessor-version":[{"id":681,"href":"http:\/\/maerchen-sozialtraining.de\/index.php?rest_route=\/wp\/v2\/pages\/71\/revisions\/681"}],"up":[{"embeddable":true,"href":"http:\/\/maerchen-sozialtraining.de\/index.php?rest_route=\/wp\/v2\/pages\/11"}],"wp:attachment":[{"href":"http:\/\/maerchen-sozialtraining.de\/index.php?rest_route=%2Fwp%2Fv2%2Fmedia&parent=71"}],"curies":[{"name":"wp","href":"https:\/\/api.w.org\/{rel}","templated":true}]}}