{"id":380,"date":"2018-08-08T17:55:04","date_gmt":"2018-08-08T17:55:04","guid":{"rendered":"http:\/\/demo.jasmin-bleeke.de\/?page_id=380"},"modified":"2018-12-08T19:32:36","modified_gmt":"2018-12-08T19:32:36","slug":"erlebnisprojekt-der-prinz","status":"publish","type":"page","link":"http:\/\/maerchen-sozialtraining.de\/?page_id=380","title":{"rendered":"ErlebnisProjekt \u201eDer Prinz\u201c"},"content":{"rendered":"<h2>Das ErlebnisProjekt \u201eDer Prinz\u201c<\/h2>\n<h5>Der Ablauf<\/h5>\n<p>Wir beginnen den Tag mit einem M\u00e4rchen, darin handelt es von einem Prinzen, der seine fr\u00f6hliche, liebevolle Heimat verlassen m\u00f6chte, um die Welt zu entdecken. Auf seiner Reise wird er ausgeraubt und in seiner Not lernt er, mit seinen F\u00e4higkeiten, des Singens und dem Erz\u00e4hlen von Witzen, Geld zu verdienen, daf\u00fcr gibt er Vorstellungen auf Marktpl\u00e4tzen.<br \/>\nDer Prinz hat die besondere Gabe das Herzens-Licht der Menschen sehen zu k\u00f6nnen. Im Verlauf des M\u00e4rchens lernt er immer mehr arme, traurige Weisenkinder kennen, denen er helfen m\u00f6chte, ihr Herzens-Licht zum Leuchten zu bringen. Seine kuschelige H\u00f6hle im Wald kann nicht alle Kinder beherbergen und so bauen sie gemeinsam Waldbuden. Damit sie gen\u00fcgend Geld f\u00fcr Nahrung bekommen, muss jedes Kind mit seinen F\u00e4higkeiten etwas zu der Vorstellung beitragen. Am Ende des M\u00e4rchens weiht der Prinz die Kinder in das Geheimnis um ihren goldenen Schl\u00fcssel ein.<\/p>\n<p><img loading=\"lazy\" decoding=\"async\" class=\"wp-image-312 alignleft\" src=\"http:\/\/demo.jasmin-bleeke.de\/wp-content\/uploads\/2018\/07\/IMG_5115-200x300.jpg\" alt=\"\" width=\"246\" height=\"369\" srcset=\"http:\/\/maerchen-sozialtraining.de\/wp-content\/uploads\/2018\/07\/IMG_5115-200x300.jpg 200w, http:\/\/maerchen-sozialtraining.de\/wp-content\/uploads\/2018\/07\/IMG_5115-768x1152.jpg 768w, http:\/\/maerchen-sozialtraining.de\/wp-content\/uploads\/2018\/07\/IMG_5115-683x1024.jpg 683w, http:\/\/maerchen-sozialtraining.de\/wp-content\/uploads\/2018\/07\/IMG_5115-253x380.jpg 253w\" sizes=\"auto, (max-width: 246px) 100vw, 246px\" \/><\/p>\n<p>Nachdem das M\u00e4rchen von mir erz\u00e4hlt wurde, tauchen die Kinder aktiv darin ein, indem sie in ihrem Klassenraum Waldbuden bauen. Nach einer Fr\u00fchst\u00fcckspause bereiten die Kinder in Kleingruppen ihre eigene Vorf\u00fchrung vor.<\/p>\n<p>Der Projekttag schlie\u00dft mit dem M\u00e4rchen, worin die von den Kindern vorbereitete Vorf\u00fchrung eingebettet ist, ab. Zur Vorf\u00fchrung wird eine weitere Klasse, oder Eltern eingeladen. Abschlie\u00dfend bekommt jedes Kind einen goldenen Schl\u00fcssel und wird in das Geheimnis eingeweiht.<\/p>\n<p>Dieses Projekt dauert einen Tag und kann mit den unterschiedlichsten Gruppen (mit Hortgruppen, als Ferienpassangebot, in Kinderg\u00e4rten etc.) durchgef\u00fchrt werden.<\/p>\n<h5><\/h5>\n<h5>ZIele des Projekttages<\/h5>\n<ul>\n<li>Das Selbstwertgef\u00fchl der Kinder wird gest\u00e4rkt<\/li>\n<li>Soziale Kompetenzen werden gef\u00f6rdert, wie z. B. Teamarbeit, neue Kontakte und Freundschaften anbahnen, die Gruppengemeinschaft wird gest\u00e4rkt<\/li>\n<li>Die Kinder k\u00f6nnen ihren Klassen- Raum einmal anders erleben<\/li>\n<li>Die Kreativit\u00e4t der Kinder wird inspiriert<\/li>\n<li>Das Spielverhalten der Kinder wird mit neuen Ideen angeregt<\/li>\n<li>Den Kindern ihre eigenen F\u00e4higkeiten bewusst machen<\/li>\n<\/ul>\n","protected":false},"excerpt":{"rendered":"<p>Das ErlebnisProjekt \u201eDer Prinz\u201c Der Ablauf Wir beginnen den Tag mit einem M\u00e4rchen, darin handelt es von einem Prinzen, der seine fr\u00f6hliche, liebevolle Heimat verlassen m\u00f6chte, um die Welt zu entdecken. Auf seiner Reise wird er ausgeraubt und in seiner Not lernt er, mit seinen F\u00e4higkeiten, des Singens und dem Erz\u00e4hlen von Witzen, Geld zu [&hellip;]<\/p>\n","protected":false},"author":1,"featured_media":316,"parent":0,"menu_order":0,"comment_status":"closed","ping_status":"closed","template":"page-templates\/full-width-page.php","meta":{"footnotes":""},"class_list":["post-380","page","type-page","status-publish","has-post-thumbnail","hentry","with-featured-image"],"yoast_head":"<!-- This site is optimized with the Yoast SEO plugin v26.1.1 - https:\/\/yoast.com\/wordpress\/plugins\/seo\/ -->\n<title>ErlebnisProjekt \u201eDer Prinz\u201c - M\u00e4rchen &amp; Sozialtraining<\/title>\n<meta name=\"robots\" content=\"index, follow, max-snippet:-1, max-image-preview:large, max-video-preview:-1\" \/>\n<link rel=\"canonical\" href=\"https:\/\/maerchen-sozialtraining.de\/?page_id=380\" \/>\n<meta property=\"og:locale\" content=\"de_DE\" \/>\n<meta property=\"og:type\" content=\"article\" \/>\n<meta property=\"og:title\" content=\"ErlebnisProjekt \u201eDer Prinz\u201c - M\u00e4rchen &amp; Sozialtraining\" \/>\n<meta property=\"og:description\" content=\"Das ErlebnisProjekt \u201eDer Prinz\u201c Der Ablauf Wir beginnen den Tag mit einem M\u00e4rchen, darin handelt es von einem Prinzen, der seine fr\u00f6hliche, liebevolle Heimat verlassen m\u00f6chte, um die Welt zu entdecken. Auf seiner Reise wird er ausgeraubt und in seiner Not lernt er, mit seinen F\u00e4higkeiten, des Singens und dem Erz\u00e4hlen von Witzen, Geld zu [&hellip;]\" \/>\n<meta property=\"og:url\" content=\"https:\/\/maerchen-sozialtraining.de\/?page_id=380\" \/>\n<meta property=\"og:site_name\" content=\"M\u00e4rchen &amp; Sozialtraining\" \/>\n<meta property=\"article:modified_time\" content=\"2018-12-08T19:32:36+00:00\" \/>\n<meta property=\"og:image\" content=\"https:\/\/maerchen-sozialtraining.de\/wp-content\/uploads\/2018\/07\/IMG_5057-1024x683.jpg\" \/>\n\t<meta property=\"og:image:width\" content=\"1024\" \/>\n\t<meta property=\"og:image:height\" content=\"683\" \/>\n\t<meta property=\"og:image:type\" content=\"image\/jpeg\" \/>\n<meta name=\"twitter:card\" content=\"summary_large_image\" \/>\n<meta name=\"twitter:label1\" content=\"Gesch\u00e4tzte Lesezeit\" \/>\n\t<meta name=\"twitter:data1\" content=\"2\u00a0Minuten\" \/>\n<script type=\"application\/ld+json\" class=\"yoast-schema-graph\">{\"@context\":\"https:\/\/schema.org\",\"@graph\":[{\"@type\":\"WebPage\",\"@id\":\"https:\/\/maerchen-sozialtraining.de\/?page_id=380\",\"url\":\"https:\/\/maerchen-sozialtraining.de\/?page_id=380\",\"name\":\"ErlebnisProjekt \u201eDer Prinz\u201c - M\u00e4rchen &amp; Sozialtraining\",\"isPartOf\":{\"@id\":\"http:\/\/maerchen-sozialtraining.de\/#website\"},\"primaryImageOfPage\":{\"@id\":\"https:\/\/maerchen-sozialtraining.de\/?page_id=380#primaryimage\"},\"image\":{\"@id\":\"https:\/\/maerchen-sozialtraining.de\/?page_id=380#primaryimage\"},\"thumbnailUrl\":\"http:\/\/maerchen-sozialtraining.de\/wp-content\/uploads\/2018\/07\/IMG_5057.jpg\",\"datePublished\":\"2018-08-08T17:55:04+00:00\",\"dateModified\":\"2018-12-08T19:32:36+00:00\",\"breadcrumb\":{\"@id\":\"https:\/\/maerchen-sozialtraining.de\/?page_id=380#breadcrumb\"},\"inLanguage\":\"de\",\"potentialAction\":[{\"@type\":\"ReadAction\",\"target\":[\"https:\/\/maerchen-sozialtraining.de\/?page_id=380\"]}]},{\"@type\":\"ImageObject\",\"inLanguage\":\"de\",\"@id\":\"https:\/\/maerchen-sozialtraining.de\/?page_id=380#primaryimage\",\"url\":\"http:\/\/maerchen-sozialtraining.de\/wp-content\/uploads\/2018\/07\/IMG_5057.jpg\",\"contentUrl\":\"http:\/\/maerchen-sozialtraining.de\/wp-content\/uploads\/2018\/07\/IMG_5057.jpg\",\"width\":4752,\"height\":3168},{\"@type\":\"BreadcrumbList\",\"@id\":\"https:\/\/maerchen-sozialtraining.de\/?page_id=380#breadcrumb\",\"itemListElement\":[{\"@type\":\"ListItem\",\"position\":1,\"name\":\"Startseite\",\"item\":\"http:\/\/maerchen-sozialtraining.de\/\"},{\"@type\":\"ListItem\",\"position\":2,\"name\":\"ErlebnisProjekt \u201eDer Prinz\u201c\"}]},{\"@type\":\"WebSite\",\"@id\":\"http:\/\/maerchen-sozialtraining.de\/#website\",\"url\":\"http:\/\/maerchen-sozialtraining.de\/\",\"name\":\"M\u00e4rchen &amp; Sozialtraining\",\"description\":\"M\u00e4rchen und Sozialtraing mit Heike Cordes\",\"publisher\":{\"@id\":\"http:\/\/maerchen-sozialtraining.de\/#\/schema\/person\/d6db61b2247e77be1317c8e08531254e\"},\"potentialAction\":[{\"@type\":\"SearchAction\",\"target\":{\"@type\":\"EntryPoint\",\"urlTemplate\":\"http:\/\/maerchen-sozialtraining.de\/?s={search_term_string}\"},\"query-input\":{\"@type\":\"PropertyValueSpecification\",\"valueRequired\":true,\"valueName\":\"search_term_string\"}}],\"inLanguage\":\"de\"},{\"@type\":[\"Person\",\"Organization\"],\"@id\":\"http:\/\/maerchen-sozialtraining.de\/#\/schema\/person\/d6db61b2247e77be1317c8e08531254e\",\"name\":\"Heike Cordes\",\"image\":{\"@type\":\"ImageObject\",\"inLanguage\":\"de\",\"@id\":\"http:\/\/maerchen-sozialtraining.de\/#\/schema\/person\/image\/\",\"url\":\"http:\/\/demo.jasmin-bleeke.de\/wp-content\/uploads\/2018\/10\/M\u00e4rchenabend-14-1024x683.jpg\",\"contentUrl\":\"http:\/\/demo.jasmin-bleeke.de\/wp-content\/uploads\/2018\/10\/M\u00e4rchenabend-14-1024x683.jpg\",\"width\":1024,\"height\":683,\"caption\":\"Heike Cordes\"},\"logo\":{\"@id\":\"http:\/\/maerchen-sozialtraining.de\/#\/schema\/person\/image\/\"},\"sameAs\":[\"http:\/\/www.maerchen-sozialtraining.de\",\"https:\/\/www.youtube.com\/channel\/UCgmmtQjGSU9yha2PtQkxw5A\"]}]}<\/script>\n<!-- \/ Yoast SEO plugin. -->","yoast_head_json":{"title":"ErlebnisProjekt \u201eDer Prinz\u201c - M\u00e4rchen &amp; Sozialtraining","robots":{"index":"index","follow":"follow","max-snippet":"max-snippet:-1","max-image-preview":"max-image-preview:large","max-video-preview":"max-video-preview:-1"},"canonical":"https:\/\/maerchen-sozialtraining.de\/?page_id=380","og_locale":"de_DE","og_type":"article","og_title":"ErlebnisProjekt \u201eDer Prinz\u201c - M\u00e4rchen &amp; Sozialtraining","og_description":"Das ErlebnisProjekt \u201eDer Prinz\u201c Der Ablauf Wir beginnen den Tag mit einem M\u00e4rchen, darin handelt es von einem Prinzen, der seine fr\u00f6hliche, liebevolle Heimat verlassen m\u00f6chte, um die Welt zu entdecken. Auf seiner Reise wird er ausgeraubt und in seiner Not lernt er, mit seinen F\u00e4higkeiten, des Singens und dem Erz\u00e4hlen von Witzen, Geld zu [&hellip;]","og_url":"https:\/\/maerchen-sozialtraining.de\/?page_id=380","og_site_name":"M\u00e4rchen &amp; Sozialtraining","article_modified_time":"2018-12-08T19:32:36+00:00","og_image":[{"width":1024,"height":683,"url":"https:\/\/maerchen-sozialtraining.de\/wp-content\/uploads\/2018\/07\/IMG_5057-1024x683.jpg","type":"image\/jpeg"}],"twitter_card":"summary_large_image","twitter_misc":{"Gesch\u00e4tzte Lesezeit":"2\u00a0Minuten"},"schema":{"@context":"https:\/\/schema.org","@graph":[{"@type":"WebPage","@id":"https:\/\/maerchen-sozialtraining.de\/?page_id=380","url":"https:\/\/maerchen-sozialtraining.de\/?page_id=380","name":"ErlebnisProjekt \u201eDer Prinz\u201c - M\u00e4rchen &amp; Sozialtraining","isPartOf":{"@id":"http:\/\/maerchen-sozialtraining.de\/#website"},"primaryImageOfPage":{"@id":"https:\/\/maerchen-sozialtraining.de\/?page_id=380#primaryimage"},"image":{"@id":"https:\/\/maerchen-sozialtraining.de\/?page_id=380#primaryimage"},"thumbnailUrl":"http:\/\/maerchen-sozialtraining.de\/wp-content\/uploads\/2018\/07\/IMG_5057.jpg","datePublished":"2018-08-08T17:55:04+00:00","dateModified":"2018-12-08T19:32:36+00:00","breadcrumb":{"@id":"https:\/\/maerchen-sozialtraining.de\/?page_id=380#breadcrumb"},"inLanguage":"de","potentialAction":[{"@type":"ReadAction","target":["https:\/\/maerchen-sozialtraining.de\/?page_id=380"]}]},{"@type":"ImageObject","inLanguage":"de","@id":"https:\/\/maerchen-sozialtraining.de\/?page_id=380#primaryimage","url":"http:\/\/maerchen-sozialtraining.de\/wp-content\/uploads\/2018\/07\/IMG_5057.jpg","contentUrl":"http:\/\/maerchen-sozialtraining.de\/wp-content\/uploads\/2018\/07\/IMG_5057.jpg","width":4752,"height":3168},{"@type":"BreadcrumbList","@id":"https:\/\/maerchen-sozialtraining.de\/?page_id=380#breadcrumb","itemListElement":[{"@type":"ListItem","position":1,"name":"Startseite","item":"http:\/\/maerchen-sozialtraining.de\/"},{"@type":"ListItem","position":2,"name":"ErlebnisProjekt \u201eDer Prinz\u201c"}]},{"@type":"WebSite","@id":"http:\/\/maerchen-sozialtraining.de\/#website","url":"http:\/\/maerchen-sozialtraining.de\/","name":"M\u00e4rchen &amp; Sozialtraining","description":"M\u00e4rchen und Sozialtraing mit Heike Cordes","publisher":{"@id":"http:\/\/maerchen-sozialtraining.de\/#\/schema\/person\/d6db61b2247e77be1317c8e08531254e"},"potentialAction":[{"@type":"SearchAction","target":{"@type":"EntryPoint","urlTemplate":"http:\/\/maerchen-sozialtraining.de\/?s={search_term_string}"},"query-input":{"@type":"PropertyValueSpecification","valueRequired":true,"valueName":"search_term_string"}}],"inLanguage":"de"},{"@type":["Person","Organization"],"@id":"http:\/\/maerchen-sozialtraining.de\/#\/schema\/person\/d6db61b2247e77be1317c8e08531254e","name":"Heike Cordes","image":{"@type":"ImageObject","inLanguage":"de","@id":"http:\/\/maerchen-sozialtraining.de\/#\/schema\/person\/image\/","url":"http:\/\/demo.jasmin-bleeke.de\/wp-content\/uploads\/2018\/10\/M\u00e4rchenabend-14-1024x683.jpg","contentUrl":"http:\/\/demo.jasmin-bleeke.de\/wp-content\/uploads\/2018\/10\/M\u00e4rchenabend-14-1024x683.jpg","width":1024,"height":683,"caption":"Heike Cordes"},"logo":{"@id":"http:\/\/maerchen-sozialtraining.de\/#\/schema\/person\/image\/"},"sameAs":["http:\/\/www.maerchen-sozialtraining.de","https:\/\/www.youtube.com\/channel\/UCgmmtQjGSU9yha2PtQkxw5A"]}]}},"_links":{"self":[{"href":"http:\/\/maerchen-sozialtraining.de\/index.php?rest_route=\/wp\/v2\/pages\/380","targetHints":{"allow":["GET"]}}],"collection":[{"href":"http:\/\/maerchen-sozialtraining.de\/index.php?rest_route=\/wp\/v2\/pages"}],"about":[{"href":"http:\/\/maerchen-sozialtraining.de\/index.php?rest_route=\/wp\/v2\/types\/page"}],"author":[{"embeddable":true,"href":"http:\/\/maerchen-sozialtraining.de\/index.php?rest_route=\/wp\/v2\/users\/1"}],"replies":[{"embeddable":true,"href":"http:\/\/maerchen-sozialtraining.de\/index.php?rest_route=%2Fwp%2Fv2%2Fcomments&post=380"}],"version-history":[{"count":10,"href":"http:\/\/maerchen-sozialtraining.de\/index.php?rest_route=\/wp\/v2\/pages\/380\/revisions"}],"predecessor-version":[{"id":454,"href":"http:\/\/maerchen-sozialtraining.de\/index.php?rest_route=\/wp\/v2\/pages\/380\/revisions\/454"}],"wp:featuredmedia":[{"embeddable":true,"href":"http:\/\/maerchen-sozialtraining.de\/index.php?rest_route=\/wp\/v2\/media\/316"}],"wp:attachment":[{"href":"http:\/\/maerchen-sozialtraining.de\/index.php?rest_route=%2Fwp%2Fv2%2Fmedia&parent=380"}],"curies":[{"name":"wp","href":"https:\/\/api.w.org\/{rel}","templated":true}]}}