{"id":359,"date":"2018-08-01T16:21:42","date_gmt":"2018-08-01T16:21:42","guid":{"rendered":"http:\/\/demo.jasmin-bleeke.de\/?page_id=359"},"modified":"2019-04-28T19:55:48","modified_gmt":"2019-04-28T19:55:48","slug":"maerchen-mit-gitarrenbegleitung","status":"publish","type":"page","link":"http:\/\/maerchen-sozialtraining.de\/?page_id=359","title":{"rendered":"Feedback der Sprachheilschule in Ilten"},"content":{"rendered":"<h1>Feedback der Sprachheilschule in Ilten<\/h1>\n<p>Die M\u00e4rchenerz\u00e4hlerin Heike Cordes und die Gitarristin Negin Habibi brachten in der dunklen Jahreszeit Licht in die Herzen der Kinder und Lehrer der Schule im Gro\u00dfen Freien in Ilten \/ Sehnde.<\/p>\n<h2><img loading=\"lazy\" decoding=\"async\" class=\"size-medium wp-image-112 alignleft\" src=\"http:\/\/demo.jasmin-bleeke.de\/wp-content\/uploads\/2017\/11\/FullSizeRender1-279x300.jpg\" alt=\"\" width=\"279\" height=\"300\" srcset=\"http:\/\/maerchen-sozialtraining.de\/wp-content\/uploads\/2017\/11\/FullSizeRender1-279x300.jpg 279w, http:\/\/maerchen-sozialtraining.de\/wp-content\/uploads\/2017\/11\/FullSizeRender1-768x825.jpg 768w, http:\/\/maerchen-sozialtraining.de\/wp-content\/uploads\/2017\/11\/FullSizeRender1-953x1024.jpg 953w, http:\/\/maerchen-sozialtraining.de\/wp-content\/uploads\/2017\/11\/FullSizeRender1-354x380.jpg 354w\" sizes=\"auto, (max-width: 279px) 100vw, 279px\" \/><\/h2>\n<p>Am 13.12.2016 und am 24.01.2017 entf\u00fchrten sie zwei dritte Klassen und zwei erste Klassen der F\u00f6rderschule Schwerpunkt Sprache in eine zauberhafte M\u00e4rchenwelt. In gem\u00fctlicher und ruhiger Atmosph\u00e4re lauschten die Kinder gespannt und lie\u00dfen sich in das Land der Sprache und der Phantasie f\u00fchren.<br \/>\nDie Geschichten von Licht, Sternen und Helligkeit wurden musikalisch untermalt von ruhiger Gitarrenmusik.<br \/>\nIn der heutigen Zeit wachsen Kinder in einer immer schnelleren, immer lauteren und zunehmend von digitalen Medien bestimmten Umwelt auf. Das Projekt der M\u00e4rchenerz\u00e4hlerin und der Gitarristin bieten einen wundersch\u00f6nen Gegenpol dazu. Mit den einfachen Mitteln des Erz\u00e4hlens und der musikalischen Untermalung werden in der Phantasie m\u00e4rchenhafte lichtdurchflutete Bilder erzeugt.<\/p>\n<h2><img loading=\"lazy\" decoding=\"async\" class=\"size-medium wp-image-97 alignright\" src=\"http:\/\/demo.jasmin-bleeke.de\/wp-content\/uploads\/2017\/11\/P1070324-300x225.jpg\" alt=\"\" width=\"300\" height=\"225\" srcset=\"http:\/\/maerchen-sozialtraining.de\/wp-content\/uploads\/2017\/11\/P1070324-300x225.jpg 300w, http:\/\/maerchen-sozialtraining.de\/wp-content\/uploads\/2017\/11\/P1070324-507x380.jpg 507w, http:\/\/maerchen-sozialtraining.de\/wp-content\/uploads\/2017\/11\/P1070324.jpg 640w\" sizes=\"auto, (max-width: 300px) 100vw, 300px\" \/><\/h2>\n<p>Insbesondere f\u00fcr Kinder mit dem sonderp\u00e4dagogischen Unterst\u00fctzungsbedarf im Bereich Sprache sind solche besonderen und intensiven Begegnungen mit der gesprochenen Sprache sehr wichtig. Sprachverst\u00e4ndnis und Sprachbeherrschung stellen eine wichtige Schl\u00fcsselkompetenz dar, um aktiv am kulturellen und politischen gesellschaftlichen Leben teilhaben zu k\u00f6nnen.<\/p>\n<p>Die Begegnungen mit Wort, Klang und den kleinen m\u00e4rchenhaften Utensilien tragen dazu bei, die sprachliche Entwicklung und F\u00f6rderung der Kinder zu unterst\u00fctzen. Die Kinder und ihre Lehrer waren begeistert.<\/p>\n<p>&nbsp;<\/p>\n<div class='white' style='background:rgba(0,0,0,0); border:solid 0px rgba(0,0,0,0); border-radius:0px; padding:0px 0px 0px 0px;'>\n<div id='slider_261' class='owl-carousel sa_owl_theme owl-pagination-true autohide-arrows' data-slider-id='slider_261' style='visibility:hidden;'>\n<div id='slider_261_slide01' class='sa_hover_container' style='padding:5% 5%; margin:0px 0%; background-image:url(&quot;http:\/\/maerchen-sozialtraining.de\/wp-content\/uploads\/2017\/11\/P1070330.jpg&quot;); background-position:center center; background-size:contain; background-repeat:no-repeat; '><\/div>\n<div id='slider_261_slide02' class='sa_hover_container' style='padding:5% 5%; margin:0px 0%; background-image:url(&quot;http:\/\/maerchen-sozialtraining.de\/wp-content\/uploads\/2017\/11\/P1070332.jpg&quot;); background-position:center center; background-size:contain; background-repeat:no-repeat; '><\/div>\n<div id='slider_261_slide03' class='sa_hover_container' style='padding:5% 5%; margin:0px 0%; background-image:url(&quot;http:\/\/maerchen-sozialtraining.de\/wp-content\/uploads\/2017\/11\/P1070335.jpg&quot;); background-position:center center; background-size:contain; background-repeat:no-repeat; '><\/div>\n<div id='slider_261_slide04' class='sa_hover_container' style='padding:5% 5%; margin:0px 0%; background-image:url(&quot;http:\/\/maerchen-sozialtraining.de\/wp-content\/uploads\/2017\/11\/P1070333.jpg&quot;); background-position:center center; background-size:contain; background-repeat:no-repeat; '><\/div>\n<div id='slider_261_slide05' class='sa_hover_container' style='padding:5% 5%; margin:0px 0%; background-image:url(&quot;http:\/\/maerchen-sozialtraining.de\/wp-content\/uploads\/2017\/11\/P1070334.jpg&quot;); background-position:center center; background-size:contain; background-repeat:no-repeat; '><\/div>\n<div id='slider_261_slide06' class='sa_hover_container' style='padding:5% 5%; margin:0px 0%; background-image:url(&quot;http:\/\/maerchen-sozialtraining.de\/wp-content\/uploads\/2017\/11\/P1070331.jpg&quot;); background-position:center center; background-size:contain; background-repeat:no-repeat; '><\/div>\n<div id='slider_261_slide07' class='sa_hover_container' style='padding:5% 5%; margin:0px 0%; background-image:url(&quot;http:\/\/maerchen-sozialtraining.de\/wp-content\/uploads\/2017\/11\/P1070326.jpg&quot;); background-position:center center; background-size:contain; background-repeat:no-repeat; '><\/div>\n<div id='slider_261_slide08' class='sa_hover_container' style='padding:5% 5%; margin:0px 0%; background-image:url(&quot;http:\/\/maerchen-sozialtraining.de\/wp-content\/uploads\/2017\/11\/P1070340.jpg&quot;); background-position:center center; background-size:contain; background-repeat:no-repeat; '><\/div>\n<div id='slider_261_slide09' class='sa_hover_container' style='padding:5% 5%; margin:0px 0%; background-image:url(&quot;http:\/\/maerchen-sozialtraining.de\/wp-content\/uploads\/2017\/11\/P1070327.jpg&quot;); background-position:center center; background-size:contain; background-repeat:no-repeat; '><\/div>\n<div id='slider_261_slide10' class='sa_hover_container' style='padding:5% 5%; margin:0px 0%; background-image:url(&quot;http:\/\/maerchen-sozialtraining.de\/wp-content\/uploads\/2017\/11\/P1070342.jpg&quot;); background-position:left top; background-size:contain; background-repeat:no-repeat; '><\/div>\n<div id='slider_261_slide11' class='sa_hover_container' style='padding:5% 5%; margin:0px 0%; background-image:url(&quot;http:\/\/maerchen-sozialtraining.de\/wp-content\/uploads\/2017\/11\/P1070345.jpg&quot;); background-position:center center; background-size:contain; background-repeat:no-repeat; '><\/div>\n<div id='slider_261_slide12' class='sa_hover_container' style='padding:5% 5%; margin:0px 0%; background-image:url(&quot;http:\/\/maerchen-sozialtraining.de\/wp-content\/uploads\/2017\/11\/P1070327.jpg&quot;); background-position:center center; background-size:contain; background-repeat:no-repeat; '><\/div>\n<div id='slider_261_slide13' class='sa_hover_container' style='padding:5% 5%; margin:0px 0%; background-image:url(&quot;http:\/\/maerchen-sozialtraining.de\/wp-content\/uploads\/2017\/11\/P1070338.jpg&quot;); background-position:center center; background-size:contain; background-repeat:no-repeat; '><\/div>\n<\/div>\n<\/div>\n<script type='text\/javascript'>\n\tjQuery(document).ready(function() {\n\t\tjQuery('#slider_261').owlCarousel({\n\t\t\titems : 1,\n\t\t\tsmartSpeed : 200,\n\t\t\tautoplay : true,\n\t\t\tautoplayTimeout : 5000,\n\t\t\tautoplayHoverPause : true,\n\t\t\tsmartSpeed : 200,\n\t\t\tfluidSpeed : 200,\n\t\t\tautoplaySpeed : 200,\n\t\t\tnavSpeed : 200,\n\t\t\tdotsSpeed : 200,\n\t\t\tloop : true,\n\t\t\tnav : true,\n\t\t\tnavText : ['Previous','Next'],\n\t\t\tdots : true,\n\t\t\tresponsiveRefreshRate : 200,\n\t\t\tslideBy : 1,\n\t\t\tmergeFit : true,\n\t\t\tautoHeight : false,\n\t\t\tmouseDrag : true,\n\t\t\ttouchDrag : true\n\t\t});\n\t\tjQuery('#slider_261').css('visibility', 'visible');\n\t\tsa_resize_slider_261();\n\t\twindow.addEventListener('resize', sa_resize_slider_261);\n\t\tfunction sa_resize_slider_261() {\n\t\t\tvar min_height = '50';\n\t\t\tvar win_width = jQuery(window).width();\n\t\t\tvar slider_width = jQuery('#slider_261').width();\n\t\t\tif (win_width < 480) {\n\t\t\t\tvar slide_width = slider_width \/ 1;\n\t\t\t} else if (win_width < 768) {\n\t\t\t\tvar slide_width = slider_width \/ 1;\n\t\t\t} else if (win_width < 980) {\n\t\t\t\tvar slide_width = slider_width \/ 1;\n\t\t\t} else if (win_width < 1200) {\n\t\t\t\tvar slide_width = slider_width \/ 1;\n\t\t\t} else if (win_width < 1500) {\n\t\t\t\tvar slide_width = slider_width \/ 1;\n\t\t\t} else {\n\t\t\t\tvar slide_width = slider_width \/ 1;\n\t\t\t}\n\t\t\tslide_width = Math.round(slide_width);\n\t\t\tvar slide_height = '0';\n\t\t\tif (min_height == 'aspect43') {\n\t\t\t\tslide_height = (slide_width \/ 4) * 3;\t\t\t\tslide_height = Math.round(slide_height);\n\t\t\t} else if (min_height == 'aspect169') {\n\t\t\t\tslide_height = (slide_width \/ 16) * 9;\t\t\t\tslide_height = Math.round(slide_height);\n\t\t\t} else {\n\t\t\t\tslide_height = (slide_width \/ 100) * min_height;\t\t\t\tslide_height = Math.round(slide_height);\n\t\t\t}\n\t\t\tjQuery('#slider_261 .owl-item .sa_hover_container').css('min-height', slide_height+'px');\n\t\t}\n\t\tvar owl_goto = jQuery('#slider_261');\n\t\tjQuery('.slider_261_goto1').click(function(event){\n\t\t\towl_goto.trigger('to.owl.carousel', 0);\n\t\t});\n\t\tjQuery('.slider_261_goto2').click(function(event){\n\t\t\towl_goto.trigger('to.owl.carousel', 1);\n\t\t});\n\t\tjQuery('.slider_261_goto3').click(function(event){\n\t\t\towl_goto.trigger('to.owl.carousel', 2);\n\t\t});\n\t\tjQuery('.slider_261_goto4').click(function(event){\n\t\t\towl_goto.trigger('to.owl.carousel', 3);\n\t\t});\n\t\tjQuery('.slider_261_goto5').click(function(event){\n\t\t\towl_goto.trigger('to.owl.carousel', 4);\n\t\t});\n\t\tjQuery('.slider_261_goto6').click(function(event){\n\t\t\towl_goto.trigger('to.owl.carousel', 5);\n\t\t});\n\t\tjQuery('.slider_261_goto7').click(function(event){\n\t\t\towl_goto.trigger('to.owl.carousel', 6);\n\t\t});\n\t\tjQuery('.slider_261_goto8').click(function(event){\n\t\t\towl_goto.trigger('to.owl.carousel', 7);\n\t\t});\n\t\tjQuery('.slider_261_goto9').click(function(event){\n\t\t\towl_goto.trigger('to.owl.carousel', 8);\n\t\t});\n\t\tjQuery('.slider_261_goto10').click(function(event){\n\t\t\towl_goto.trigger('to.owl.carousel', 9);\n\t\t});\n\t\tjQuery('.slider_261_goto11').click(function(event){\n\t\t\towl_goto.trigger('to.owl.carousel', 10);\n\t\t});\n\t\tjQuery('.slider_261_goto12').click(function(event){\n\t\t\towl_goto.trigger('to.owl.carousel', 11);\n\t\t});\n\t\tjQuery('.slider_261_goto13').click(function(event){\n\t\t\towl_goto.trigger('to.owl.carousel', 12);\n\t\t});\n\t\tvar resize_261 = jQuery('.owl-carousel');\n\t\tresize_261.on('initialized.owl.carousel', function(e) {\n\t\t\tif (typeof(Event) === 'function') {\n\t\t\t\twindow.dispatchEvent(new Event('resize'));\n\t\t\t} else {\n\t\t\t\tvar evt = window.document.createEvent('UIEvents');\n\t\t\t\tevt.initUIEvent('resize', true, false, window, 0);\n\t\t\t\twindow.dispatchEvent(evt);\n\t\t\t}\n\t\t});\n\t});\n<\/script>\n\n<p>&nbsp;<\/p>\n","protected":false},"excerpt":{"rendered":"<p>Feedback der Sprachheilschule in Ilten Die M\u00e4rchenerz\u00e4hlerin Heike Cordes und die Gitarristin Negin Habibi brachten in der dunklen Jahreszeit Licht in die Herzen der Kinder und Lehrer der Schule im Gro\u00dfen Freien in Ilten \/ Sehnde. Am 13.12.2016 und am 24.01.2017 entf\u00fchrten sie zwei dritte Klassen und zwei erste Klassen der F\u00f6rderschule Schwerpunkt Sprache in [&hellip;]<\/p>\n","protected":false},"author":1,"featured_media":0,"parent":0,"menu_order":0,"comment_status":"closed","ping_status":"closed","template":"page-templates\/full-width-page.php","meta":{"footnotes":""},"class_list":["post-359","page","type-page","status-publish","hentry","without-featured-image"],"yoast_head":"<!-- This site is optimized with the Yoast SEO plugin v27.5 - https:\/\/yoast.com\/product\/yoast-seo-wordpress\/ -->\n<title>Feedback der Sprachheilschule in Ilten - M\u00e4rchen &amp; Sozialtraining<\/title>\n<meta name=\"robots\" content=\"index, follow, max-snippet:-1, max-image-preview:large, max-video-preview:-1\" \/>\n<link rel=\"canonical\" href=\"https:\/\/maerchen-sozialtraining.de\/?page_id=359\" \/>\n<meta property=\"og:locale\" content=\"de_DE\" \/>\n<meta property=\"og:type\" content=\"article\" \/>\n<meta property=\"og:title\" content=\"Feedback der Sprachheilschule in Ilten - M\u00e4rchen &amp; Sozialtraining\" \/>\n<meta property=\"og:description\" content=\"Feedback der Sprachheilschule in Ilten Die M\u00e4rchenerz\u00e4hlerin Heike Cordes und die Gitarristin Negin Habibi brachten in der dunklen Jahreszeit Licht in die Herzen der Kinder und Lehrer der Schule im Gro\u00dfen Freien in Ilten \/ Sehnde. Am 13.12.2016 und am 24.01.2017 entf\u00fchrten sie zwei dritte Klassen und zwei erste Klassen der F\u00f6rderschule Schwerpunkt Sprache in [&hellip;]\" \/>\n<meta property=\"og:url\" content=\"https:\/\/maerchen-sozialtraining.de\/?page_id=359\" \/>\n<meta property=\"og:site_name\" content=\"M\u00e4rchen &amp; Sozialtraining\" \/>\n<meta property=\"article:modified_time\" content=\"2019-04-28T19:55:48+00:00\" \/>\n<meta property=\"og:image\" content=\"http:\/\/demo.jasmin-bleeke.de\/wp-content\/uploads\/2017\/11\/FullSizeRender1-279x300.jpg\" \/>\n<meta name=\"twitter:card\" content=\"summary_large_image\" \/>\n<meta name=\"twitter:label1\" content=\"Gesch\u00e4tzte Lesezeit\" \/>\n\t<meta name=\"twitter:data1\" content=\"1\u00a0Minute\" \/>\n<script type=\"application\/ld+json\" class=\"yoast-schema-graph\">{\"@context\":\"https:\\\/\\\/schema.org\",\"@graph\":[{\"@type\":\"WebPage\",\"@id\":\"https:\\\/\\\/maerchen-sozialtraining.de\\\/?page_id=359\",\"url\":\"https:\\\/\\\/maerchen-sozialtraining.de\\\/?page_id=359\",\"name\":\"Feedback der Sprachheilschule in Ilten - M\u00e4rchen &amp; Sozialtraining\",\"isPartOf\":{\"@id\":\"https:\\\/\\\/maerchen-sozialtraining.de\\\/#website\"},\"primaryImageOfPage\":{\"@id\":\"https:\\\/\\\/maerchen-sozialtraining.de\\\/?page_id=359#primaryimage\"},\"image\":{\"@id\":\"https:\\\/\\\/maerchen-sozialtraining.de\\\/?page_id=359#primaryimage\"},\"thumbnailUrl\":\"http:\\\/\\\/demo.jasmin-bleeke.de\\\/wp-content\\\/uploads\\\/2017\\\/11\\\/FullSizeRender1-279x300.jpg\",\"datePublished\":\"2018-08-01T16:21:42+00:00\",\"dateModified\":\"2019-04-28T19:55:48+00:00\",\"breadcrumb\":{\"@id\":\"https:\\\/\\\/maerchen-sozialtraining.de\\\/?page_id=359#breadcrumb\"},\"inLanguage\":\"de\",\"potentialAction\":[{\"@type\":\"ReadAction\",\"target\":[\"https:\\\/\\\/maerchen-sozialtraining.de\\\/?page_id=359\"]}]},{\"@type\":\"ImageObject\",\"inLanguage\":\"de\",\"@id\":\"https:\\\/\\\/maerchen-sozialtraining.de\\\/?page_id=359#primaryimage\",\"url\":\"http:\\\/\\\/demo.jasmin-bleeke.de\\\/wp-content\\\/uploads\\\/2017\\\/11\\\/FullSizeRender1-279x300.jpg\",\"contentUrl\":\"http:\\\/\\\/demo.jasmin-bleeke.de\\\/wp-content\\\/uploads\\\/2017\\\/11\\\/FullSizeRender1-279x300.jpg\"},{\"@type\":\"BreadcrumbList\",\"@id\":\"https:\\\/\\\/maerchen-sozialtraining.de\\\/?page_id=359#breadcrumb\",\"itemListElement\":[{\"@type\":\"ListItem\",\"position\":1,\"name\":\"Startseite\",\"item\":\"https:\\\/\\\/maerchen-sozialtraining.de\\\/\"},{\"@type\":\"ListItem\",\"position\":2,\"name\":\"Feedback der Sprachheilschule in Ilten\"}]},{\"@type\":\"WebSite\",\"@id\":\"https:\\\/\\\/maerchen-sozialtraining.de\\\/#website\",\"url\":\"https:\\\/\\\/maerchen-sozialtraining.de\\\/\",\"name\":\"M\u00e4rchen &amp; Sozialtraining\",\"description\":\"M\u00e4rchen und Sozialtraing mit Heike Cordes\",\"publisher\":{\"@id\":\"https:\\\/\\\/maerchen-sozialtraining.de\\\/#\\\/schema\\\/person\\\/d6db61b2247e77be1317c8e08531254e\"},\"potentialAction\":[{\"@type\":\"SearchAction\",\"target\":{\"@type\":\"EntryPoint\",\"urlTemplate\":\"https:\\\/\\\/maerchen-sozialtraining.de\\\/?s={search_term_string}\"},\"query-input\":{\"@type\":\"PropertyValueSpecification\",\"valueRequired\":true,\"valueName\":\"search_term_string\"}}],\"inLanguage\":\"de\"},{\"@type\":[\"Person\",\"Organization\"],\"@id\":\"https:\\\/\\\/maerchen-sozialtraining.de\\\/#\\\/schema\\\/person\\\/d6db61b2247e77be1317c8e08531254e\",\"name\":\"Heike Cordes\",\"image\":{\"@type\":\"ImageObject\",\"inLanguage\":\"de\",\"@id\":\"http:\\\/\\\/demo.jasmin-bleeke.de\\\/wp-content\\\/uploads\\\/2018\\\/10\\\/M\u00e4rchenabend-14-1024x683.jpg\",\"url\":\"http:\\\/\\\/demo.jasmin-bleeke.de\\\/wp-content\\\/uploads\\\/2018\\\/10\\\/M\u00e4rchenabend-14-1024x683.jpg\",\"contentUrl\":\"http:\\\/\\\/demo.jasmin-bleeke.de\\\/wp-content\\\/uploads\\\/2018\\\/10\\\/M\u00e4rchenabend-14-1024x683.jpg\",\"width\":1024,\"height\":683,\"caption\":\"Heike Cordes\"},\"logo\":{\"@id\":\"http:\\\/\\\/demo.jasmin-bleeke.de\\\/wp-content\\\/uploads\\\/2018\\\/10\\\/M\u00e4rchenabend-14-1024x683.jpg\"},\"sameAs\":[\"http:\\\/\\\/www.maerchen-sozialtraining.de\",\"https:\\\/\\\/www.youtube.com\\\/channel\\\/UCgmmtQjGSU9yha2PtQkxw5A\"]}]}<\/script>\n<!-- \/ Yoast SEO plugin. -->","yoast_head_json":{"title":"Feedback der Sprachheilschule in Ilten - M\u00e4rchen &amp; Sozialtraining","robots":{"index":"index","follow":"follow","max-snippet":"max-snippet:-1","max-image-preview":"max-image-preview:large","max-video-preview":"max-video-preview:-1"},"canonical":"https:\/\/maerchen-sozialtraining.de\/?page_id=359","og_locale":"de_DE","og_type":"article","og_title":"Feedback der Sprachheilschule in Ilten - M\u00e4rchen &amp; Sozialtraining","og_description":"Feedback der Sprachheilschule in Ilten Die M\u00e4rchenerz\u00e4hlerin Heike Cordes und die Gitarristin Negin Habibi brachten in der dunklen Jahreszeit Licht in die Herzen der Kinder und Lehrer der Schule im Gro\u00dfen Freien in Ilten \/ Sehnde. Am 13.12.2016 und am 24.01.2017 entf\u00fchrten sie zwei dritte Klassen und zwei erste Klassen der F\u00f6rderschule Schwerpunkt Sprache in [&hellip;]","og_url":"https:\/\/maerchen-sozialtraining.de\/?page_id=359","og_site_name":"M\u00e4rchen &amp; Sozialtraining","article_modified_time":"2019-04-28T19:55:48+00:00","og_image":[{"url":"http:\/\/demo.jasmin-bleeke.de\/wp-content\/uploads\/2017\/11\/FullSizeRender1-279x300.jpg","type":"","width":"","height":""}],"twitter_card":"summary_large_image","twitter_misc":{"Gesch\u00e4tzte Lesezeit":"1\u00a0Minute"},"schema":{"@context":"https:\/\/schema.org","@graph":[{"@type":"WebPage","@id":"https:\/\/maerchen-sozialtraining.de\/?page_id=359","url":"https:\/\/maerchen-sozialtraining.de\/?page_id=359","name":"Feedback der Sprachheilschule in Ilten - M\u00e4rchen &amp; Sozialtraining","isPartOf":{"@id":"https:\/\/maerchen-sozialtraining.de\/#website"},"primaryImageOfPage":{"@id":"https:\/\/maerchen-sozialtraining.de\/?page_id=359#primaryimage"},"image":{"@id":"https:\/\/maerchen-sozialtraining.de\/?page_id=359#primaryimage"},"thumbnailUrl":"http:\/\/demo.jasmin-bleeke.de\/wp-content\/uploads\/2017\/11\/FullSizeRender1-279x300.jpg","datePublished":"2018-08-01T16:21:42+00:00","dateModified":"2019-04-28T19:55:48+00:00","breadcrumb":{"@id":"https:\/\/maerchen-sozialtraining.de\/?page_id=359#breadcrumb"},"inLanguage":"de","potentialAction":[{"@type":"ReadAction","target":["https:\/\/maerchen-sozialtraining.de\/?page_id=359"]}]},{"@type":"ImageObject","inLanguage":"de","@id":"https:\/\/maerchen-sozialtraining.de\/?page_id=359#primaryimage","url":"http:\/\/demo.jasmin-bleeke.de\/wp-content\/uploads\/2017\/11\/FullSizeRender1-279x300.jpg","contentUrl":"http:\/\/demo.jasmin-bleeke.de\/wp-content\/uploads\/2017\/11\/FullSizeRender1-279x300.jpg"},{"@type":"BreadcrumbList","@id":"https:\/\/maerchen-sozialtraining.de\/?page_id=359#breadcrumb","itemListElement":[{"@type":"ListItem","position":1,"name":"Startseite","item":"https:\/\/maerchen-sozialtraining.de\/"},{"@type":"ListItem","position":2,"name":"Feedback der Sprachheilschule in Ilten"}]},{"@type":"WebSite","@id":"https:\/\/maerchen-sozialtraining.de\/#website","url":"https:\/\/maerchen-sozialtraining.de\/","name":"M\u00e4rchen &amp; Sozialtraining","description":"M\u00e4rchen und Sozialtraing mit Heike Cordes","publisher":{"@id":"https:\/\/maerchen-sozialtraining.de\/#\/schema\/person\/d6db61b2247e77be1317c8e08531254e"},"potentialAction":[{"@type":"SearchAction","target":{"@type":"EntryPoint","urlTemplate":"https:\/\/maerchen-sozialtraining.de\/?s={search_term_string}"},"query-input":{"@type":"PropertyValueSpecification","valueRequired":true,"valueName":"search_term_string"}}],"inLanguage":"de"},{"@type":["Person","Organization"],"@id":"https:\/\/maerchen-sozialtraining.de\/#\/schema\/person\/d6db61b2247e77be1317c8e08531254e","name":"Heike Cordes","image":{"@type":"ImageObject","inLanguage":"de","@id":"http:\/\/demo.jasmin-bleeke.de\/wp-content\/uploads\/2018\/10\/M\u00e4rchenabend-14-1024x683.jpg","url":"http:\/\/demo.jasmin-bleeke.de\/wp-content\/uploads\/2018\/10\/M\u00e4rchenabend-14-1024x683.jpg","contentUrl":"http:\/\/demo.jasmin-bleeke.de\/wp-content\/uploads\/2018\/10\/M\u00e4rchenabend-14-1024x683.jpg","width":1024,"height":683,"caption":"Heike Cordes"},"logo":{"@id":"http:\/\/demo.jasmin-bleeke.de\/wp-content\/uploads\/2018\/10\/M\u00e4rchenabend-14-1024x683.jpg"},"sameAs":["http:\/\/www.maerchen-sozialtraining.de","https:\/\/www.youtube.com\/channel\/UCgmmtQjGSU9yha2PtQkxw5A"]}]}},"_links":{"self":[{"href":"http:\/\/maerchen-sozialtraining.de\/index.php?rest_route=\/wp\/v2\/pages\/359","targetHints":{"allow":["GET"]}}],"collection":[{"href":"http:\/\/maerchen-sozialtraining.de\/index.php?rest_route=\/wp\/v2\/pages"}],"about":[{"href":"http:\/\/maerchen-sozialtraining.de\/index.php?rest_route=\/wp\/v2\/types\/page"}],"author":[{"embeddable":true,"href":"http:\/\/maerchen-sozialtraining.de\/index.php?rest_route=\/wp\/v2\/users\/1"}],"replies":[{"embeddable":true,"href":"http:\/\/maerchen-sozialtraining.de\/index.php?rest_route=%2Fwp%2Fv2%2Fcomments&post=359"}],"version-history":[{"count":3,"href":"http:\/\/maerchen-sozialtraining.de\/index.php?rest_route=\/wp\/v2\/pages\/359\/revisions"}],"predecessor-version":[{"id":521,"href":"http:\/\/maerchen-sozialtraining.de\/index.php?rest_route=\/wp\/v2\/pages\/359\/revisions\/521"}],"wp:attachment":[{"href":"http:\/\/maerchen-sozialtraining.de\/index.php?rest_route=%2Fwp%2Fv2%2Fmedia&parent=359"}],"curies":[{"name":"wp","href":"https:\/\/api.w.org\/{rel}","templated":true}]}}